{"id":505,"date":"2016-07-23T22:28:20","date_gmt":"2016-07-23T20:28:20","guid":{"rendered":"https:\/\/www.mikatani.com\/boutique\/faq\/"},"modified":"2022-12-05T12:20:01","modified_gmt":"2022-12-05T11:20:01","slug":"cadeaux-japonais-originaux-a-offrir-a-soffrir-mikatani","status":"publish","type":"page","link":"https:\/\/www.mikatani.com\/boutique\/","title":{"rendered":"Des cadeaux japonais originaux \u00e0 offrir ou \u00e0 s&#8217;offrir sur Mikatani"},"content":{"rendered":"<p>Mikatani, la boutique en ligne de mode asiatique tendance japonaise et cor\u00e9enne, a \u00e9t\u00e9 fond\u00e9e en 2008 par Lena, passionn\u00e9e par la culture et la mode asiatique, et graphiste de formation. Depuis juin 2016, c&#8217;est Albane qui est aux commandes et qui a redonn\u00e9 un coup de jeune au site avec une nouveau design et de nouvelles fonctionnalit\u00e9s.<br \/>\n<style>#wa_wps_slider_title2702 { \n\n\t\t\tcolor: #000;\n\n\t\t\tfont-size: 14px;\n\t\t}#wa_wps_image_carousel2702 {\n\n\t\t\tcolor: #000;\n\n\t\t\tfont-size: 12px;}#wa_wps_image_carousel2702 .wa_wps_text_overlay_caption:hover::before {\n\n   \t\t\t background-color: rgba(40,168,211,.85)!important;\n\t\t}#wa_wps_image_carousel2702 .wa_wps_prev, #wa_wps_image_carousel2702 .wa_wps_next,#wa_wps_image_carousel2702 .wa_wps_prev_v, #wa_wps_image_carousel2702 .wa_wps_next_v  {\n\n\t\t\tbackground: #000;\n\n\t\t\tcolor: #fff;\n\n\t\t\tfont-size: 18px;\n\n\t\t\tline-height: 25px;\n\n\t\t\twidth: 28px;\n\n\t\t\theight: 28px;\n\n\t\t\tmargin-top: -18px;opacity: 0;}#wa_wps_image_carousel2702 .wa_wps_prev:hover, #wa_wps_image_carousel2702 .wa_wps_next:hover {\n\n\t\t\tcolor: #ccc;\n\n\t\t}\n\n\t\t#wa_wps_pager_2702 a {\n\n\t\t\tbackground: #ccc;\n\n\t\t}\n\n\t\t#wps_rating_2702 {\n\n\t\t\tcolor: #ccc;\n\n\t\t}\n\n\t\t#wa_wps_image_carousel2702 li img {}#wa_wps_image_carousel2702 li .wa_featured_img {\n\n\t\t\ttext-align: left;\n\n\t\t}\n\n\t\t#wa_wps_image_carousel2702 li  {\n\n\t\t\ttext-align: left;\n\n\t\t}\n\n\t\t#wa_wps_image_carousel2702 li img:hover {border : solid 1px#000;}<\/style><script>jQuery(document).ready(function($) {\n\n\t\t    var wa_vars = {\"id\":\"2702\",\"wps_pre_responsive\":0,\"wa_wps_pre_direction\":\"right\",\"wps_pre_align\":\"center\",\"wa_wps_auto\":\"false\",\"wa_wps_timeout\":\"10000\",\"c_items\":\"0\",\"wa_wps_query_posts_fx\":\"fade\",\"c_easing\":\"swing\",\"c_duration\":\"10000\",\"wa_wps_query_pause_on_hover\":true,\"wa_wps_infinite\":\"true\",\"wa_wps_circular\":\"false\",\"wa_wps_query_lazy_loading\":\"\",\"wa_wps_query_posts_item_width\":\"200\",\"c_min_items\":\"5\",\"wa_wps_query_css_transitions\":true,\"wa_wps_query_posts_lightbox\":\"\",\"wa_wps_query_animate_controls\":true};\n\n\t\t    \/\/lazy loading\n\t\t    if (wa_vars.wa_wps_query_lazy_loading) {\n\t\t        function loadImage() {\n\t\t            jQuery('img.wa_lazy').lazyload({\n\t\t                container: jQuery('#wa_wps_image_carousel' + wa_vars.id)\n\t\t            });\n\t\t        }\n\n\t\t    }\n\n\t\t    $('#wa_wps_foo' + wa_vars.id).carouFredSel({\n\t\t            responsive: (wa_vars.wps_pre_responsive == 1) ? true : false,\n\t\t            direction: wa_vars.wa_wps_pre_direction,\n\t\t            align: wa_vars.wps_pre_align,\n\t\t            width: (wa_vars.wps_pre_responsive != 1) ? '100%' : '',\n\t\t            auto: {\n\t\t                play: wa_vars.wa_wps_auto,\n\t\t                timeoutDuration: wa_vars.wa_wps_timeout\n\t\t            },\n\t\t            scroll: {\n\t\t                items: (wa_vars.c_items && wa_vars.c_items != 0) ? wa_vars.c_items : '',\n\t\t                fx: wa_vars.wa_wps_query_posts_fx,\n\t\t                easing: wa_vars.c_easing,\n\t\t                duration: wa_vars.c_duration,\n\t\t                pauseOnHover: (wa_vars.wa_wps_query_pause_on_hover == 1) ? true : false,\n\t\t            },\n\t\t            infinite: wa_vars.wa_wps_infinite,\n\t\t            circular: wa_vars.wa_wps_circular,\n\t\t            onCreate: function(data) {\n\t\t                if (wa_vars.wa_wps_query_lazy_loading) {\n\t\t                    loadImage();\n\t\t                }\n\t\t            },\n\t\t            prev: {\n\t\t                onAfter: function(data) {\n\t\t                    if (wa_vars.wa_wps_query_lazy_loading) {\n\t\t                        loadImage();\n\t\t                    }\n\t\t                },\n\n\t\t                button: '#foo' + wa_vars.id + '_prev'\n\t\t            },\n\t\t            next: {\n\t\t                onAfter: function(data) {\n\t\t                    if (wa_vars.wa_wps_query_lazy_loading) {\n\t\t                        loadImage();\n\t\t                    }\n\t\t                },\n\t\t                button: '#foo' + wa_vars.id + '_next'\n\t\t            },\n\t\t            items: {\n\t\t                width: (wa_vars.wps_pre_responsive == 1) ? wa_vars.wa_wps_query_posts_item_width : '',\n\t\t                visible: (wa_vars.wps_pre_responsive == 0 && wa_vars.wa_wps_pre_direction == 'up' || wa_vars.wa_wps_pre_direction == 'down') ? wa_vars.c_min_items : '',\n\n\t\t                visible: {\n\t\t                    min: (wa_vars.wps_pre_responsive == 1) ? 1 : '',\n\t\t                    max: (wa_vars.wps_pre_responsive == 1) ? wa_vars.c_min_items : '',\n\t\t                }\n\t\t            },\n\t\t            pagination: {\n\t\t                container: '#wa_wps_pager_' + wa_vars.id\n\t\t            }\n\t\t        }\n\n\t\t        , {\n\t\t            transition: (wa_vars.wa_wps_query_css_transitions == 1) ? true : false\n\t\t        }\n\n\n\t\t    );\n\t\t    \n\t\t    \/\/touch swipe\n\t\t    if (wa_vars.wa_wps_pre_direction == 'up' || wa_vars.wa_wps_pre_direction == 'down') {\n\n\t\t        $('#wa_wps_foo' + wa_vars.id).swipe({\n\t\t            excludedElements: 'button, input, select, textarea, .noSwipe',\n\t\t            swipeUp\n\t\t            : function() {\n\t\t                $('#wa_wps_foo' + wa_vars.id).trigger('next', 'auto');\n\t\t            },\n\t\t            swipeDown\n\t\t            : function() {\n\t\t                $('#wa_wps_foo' + wa_vars.id).trigger('prev', 'auto');\n\t\t                console.log('swipeRight');\n\t\t            },\n\t\t            tap: function(event, target) {\n\t\t                $(target).closest('.wa_wps_slider_title').find('a').click();\n\t\t            }\n\t\t        })\n\n\t\t    } else {\n\t\t        $('#wa_wps_foo' + wa_vars.id).swipe({\n\t\t            excludedElements: 'button, input, select, textarea, .noSwipe',\n\t\t            swipeLeft: function() {\n\t\t                $('#wa_wps_foo' + wa_vars.id).trigger('next', 'auto');\n\t\t            },\n\t\t            swipeRight: function() {\n\t\t                $('#wa_wps_foo' + wa_vars.id).trigger('prev', 'auto');\n\t\t                console.log('swipeRight');\n\t\t            },\n\t\t            tap: function(event, target) {\n\t\t                $(target).closest('.wa_wps_slider_title').find('a').click();\n\t\t            }\n\t\t        })\n\t\t    }\n\n\t\t    \/\/magnific popup\n\t\t    if (wa_vars.wa_wps_query_posts_lightbox) {\n\n\t\t        jQuery('#wa_wps_foo' + 2702).magnificPopup({\n\t\t            delegate: 'li .wa_featured_img > a', \/\/ child items selector, by clicking on it popup will open\n\t\t            type: 'image'\n\t\t            \/\/ other options\n\t\t        });\n\t\t    }\n\n\t\t    \/\/animation for next and prev\n\t\t    if (wa_vars.wa_wps_query_animate_controls == 1) {\n\t\t        if (wa_vars.wa_wps_pre_direction == 'left' || wa_vars.wa_wps_pre_direction == 'right') {\n\n\t\t            jQuery('#wa_wps_image_carousel' + wa_vars.id)\n\t\t                .hover(function() {\n\t\t                    jQuery('#wa_wps_image_carousel' + wa_vars.id + ' .wa_wps_prev').animate({\n\t\t                        'left': '1.2%',\n\t\t                        'opacity': 1\n\t\t                    }), 300;\n\t\t                    jQuery('#wa_wps_image_carousel' + wa_vars.id + ' .wa_wps_next').animate({\n\t\t                        'right': '1.2%',\n\t\t                        'opacity': 1\n\t\t                    }), 300;\n\t\t                }, function() {\n\t\t                    jQuery('#wa_wps_image_carousel' + wa_vars.id + ' .wa_wps_prev').animate({\n\t\t                        'left': 0,\n\t\t                        'opacity': 0\n\t\t                    }), 'fast';\n\t\t                    jQuery('#wa_wps_image_carousel' + wa_vars.id + ' .wa_wps_next').animate({\n\t\t                        'right': 0,\n\t\t                        'opacity': 0\n\t\t                    }), 'fast';\n\t\t                });\n\n\t\t        }\n\t\t    }\n\n\t\t});<\/script><div class=\"wa_wps_image_carousel\" id=\"wa_wps_image_carousel2702\"><ul id=\"wa_wps_foo2702\" style=\"height:500px; overflow: hidden;\"><li style=\"width:200px; height:500px;\" id=\"wa_wps_foo_content2702\" class=\"wa_wps_foo_content\"><div class=\"wa_featured_img\" style=\"margin: 2px; \"><a class=\"wa_wps_post_link\" href=\"https:\/\/www.mikatani.com\/boutique\/kimono\/kimono-court\/kimono-japonais-soie-noire-court-fleurs\"><img alt='Kimono japonais en soie noire court avec motifs grues et fleurs roses'  id='wa_wps_img_2702' src='https:\/\/www.mikatani.com\/boutique\/wp-content\/uploads\/2018\/02\/34574-Kimono-japonais-en-soie-noire-court-avec-motifs-grues-et-fleurs-roses-200x300.jpg' width='' height=''  \/><div style=\"clear:both;\"><\/div><\/a><\/div><div  class=\"wa_wps_slider_title\" id=\"wa_wps_slider_title2702\"><a style=\"color:#000;\" style=\" text-decoration:none;\" href=\"https:\/\/www.mikatani.com\/boutique\/kimono\/kimono-court\/kimono-japonais-soie-noire-court-fleurs\">Kimono japonais en soie noire court avec motifs grues et fleurs roses<\/a><\/div><div class=\"wa_wps_price\" id=\"wa_wps_price2702\"><span class=\"woocommerce-Price-amount amount\"><bdi>179,00<span class=\"woocommerce-Price-currencySymbol\">&euro;<\/span><\/bdi><\/span><\/div><\/li><li style=\"width:200px; height:500px;\" id=\"wa_wps_foo_content2702\" class=\"wa_wps_foo_content\"><div class=\"wa_featured_img\" style=\"margin: 2px; \"><a class=\"wa_wps_post_link\" href=\"https:\/\/www.mikatani.com\/boutique\/kimono\/kimono-court\/kimono-noir-court-soie-fleurs\"><img alt='Kimono noir court en soie avec imprim\u00e9 floral'  id='wa_wps_img_2702' src='https:\/\/www.mikatani.com\/boutique\/wp-content\/uploads\/2018\/02\/34571-Kimono-noir-court-en-soie-avec-imprime-floral-300x300.jpg' width='' height=''  \/><div style=\"clear:both;\"><\/div><\/a><\/div><div  class=\"wa_wps_slider_title\" id=\"wa_wps_slider_title2702\"><a style=\"color:#000;\" style=\" text-decoration:none;\" href=\"https:\/\/www.mikatani.com\/boutique\/kimono\/kimono-court\/kimono-noir-court-soie-fleurs\">Kimono noir court en soie avec imprim\u00e9 floral<\/a><\/div><div class=\"wa_wps_price\" id=\"wa_wps_price2702\"><span class=\"woocommerce-Price-amount amount\"><bdi>179,00<span class=\"woocommerce-Price-currencySymbol\">&euro;<\/span><\/bdi><\/span><\/div><\/li><li style=\"width:200px; height:500px;\" id=\"wa_wps_foo_content2702\" class=\"wa_wps_foo_content\"><div class=\"wa_featured_img\" style=\"margin: 2px; \"><a class=\"wa_wps_post_link\" href=\"https:\/\/www.mikatani.com\/boutique\/kimono\/yukata\/kimono-japonais-noir-long-yukata\"><img alt='Kimono japonais noir long Yukata'  id='wa_wps_img_2702' src='https:\/\/www.mikatani.com\/boutique\/wp-content\/uploads\/2017\/07\/34251-Kimono-japonais-noir-long-Geisha-300x300.jpg' width='' height=''  \/><div style=\"clear:both;\"><\/div><\/a><\/div><div  class=\"wa_wps_slider_title\" id=\"wa_wps_slider_title2702\"><a style=\"color:#000;\" style=\" text-decoration:none;\" href=\"https:\/\/www.mikatani.com\/boutique\/kimono\/yukata\/kimono-japonais-noir-long-yukata\">Kimono japonais noir long Yukata<\/a><\/div><div class=\"wa_wps_price\" id=\"wa_wps_price2702\"><span class=\"woocommerce-Price-amount amount\"><bdi>89,00<span class=\"woocommerce-Price-currencySymbol\">&euro;<\/span><\/bdi><\/span><\/div><\/li><li style=\"width:200px; height:500px;\" id=\"wa_wps_foo_content2702\" class=\"wa_wps_foo_content\"><div class=\"wa_featured_img\" style=\"margin: 2px; \"><a class=\"wa_wps_post_link\" href=\"https:\/\/www.mikatani.com\/boutique\/kimono\/kimono-court\/kimono-yukata-noir-court-soie-grues-chrysanthemes\"><img alt='Kimono japonais noir court en soie motifs grues et chrysanth\u00e8mes'  id='wa_wps_img_2702' src='https:\/\/www.mikatani.com\/boutique\/wp-content\/uploads\/2017\/12\/34558-Kimono-yukata-noir-court-en-soie-motifs-grues-et-chrysanthemes-200x300.jpg' width='' height=''  \/><div style=\"clear:both;\"><\/div><\/a><\/div><div  class=\"wa_wps_slider_title\" id=\"wa_wps_slider_title2702\"><a style=\"color:#000;\" style=\" text-decoration:none;\" href=\"https:\/\/www.mikatani.com\/boutique\/kimono\/kimono-court\/kimono-yukata-noir-court-soie-grues-chrysanthemes\">Kimono japonais noir court en soie motifs grues et chrysanth\u00e8mes<\/a><\/div><div class=\"wa_wps_price\" id=\"wa_wps_price2702\"><span class=\"woocommerce-Price-amount amount\"><bdi>189,00<span class=\"woocommerce-Price-currencySymbol\">&euro;<\/span><\/bdi><\/span><\/div><\/li><li style=\"width:200px; height:500px;\" id=\"wa_wps_foo_content2702\" class=\"wa_wps_foo_content\"><div class=\"wa_featured_img\" style=\"margin: 2px; \"><a class=\"wa_wps_post_link\" href=\"https:\/\/www.mikatani.com\/boutique\/kimono\/kimono-en-soie\/kimono-japonais-rose-long-soie-ukiyoe\"><img alt='Kimono Japonais rose long  en soie motif Ukiyoe'  id='wa_wps_img_2702' src='https:\/\/www.mikatani.com\/boutique\/wp-content\/uploads\/2019\/11\/Kimono-Japonais-Long-Rose-Imprime\u0301-Soie-Ukiyoe-1-200x300.jpg' width='' height=''  \/><div style=\"clear:both;\"><\/div><\/a><\/div><div  class=\"wa_wps_slider_title\" id=\"wa_wps_slider_title2702\"><a style=\"color:#000;\" style=\" text-decoration:none;\" href=\"https:\/\/www.mikatani.com\/boutique\/kimono\/kimono-en-soie\/kimono-japonais-rose-long-soie-ukiyoe\">Kimono Japonais rose long  en soie motif Ukiyoe<\/a><\/div><div class=\"wa_wps_price\" id=\"wa_wps_price2702\"><span class=\"woocommerce-Price-amount amount\"><bdi>199,00<span class=\"woocommerce-Price-currencySymbol\">&euro;<\/span><\/bdi><\/span><\/div><\/li><\/ul><div class=\"wa_wps_clearfix\"><\/div><a class=\"wa_wps_prev\" id=\"foo2702_prev\" href=\"#\"><span>\u2039<\/span><\/a><a class=\"wa_wps_next\" id=\"foo2702_next\" href=\"#\"><span>\u203a<\/span><\/a><div class=\"wa_wps_pagination\" id=\"wa_wps_pager_2702\"><\/div><\/div><br \/>\nMIKATANI vient de deux termes japonais : mikata (\u898b\u65b9)\u00a0 et ni (\u306b).<\/p>\n<p>Mikata signifie \u00ab mani\u00e8re de voir, point de vue \u00bb, et ni \u00ab de l\u2019int\u00e9rieur \u00bb.<\/p>\n<p>Autrement dit, MIKATANI correspond \u00e0 notre fa\u00e7on de voir et de vous proposer des articles que nous appr\u00e9cions dans le style de vie asiatique d\u2019aujourd\u2019hui.<\/p>\n<p>Nous vous proposons ainsi les meilleurs articles aux meilleurs prix de notre s\u00e9lection personnelle et originale.<\/p>\n<p>Tous nos produits ont en commun d\u2019\u00eatre originaires d\u2019Asie mais surtout Japon.<\/p>\n<p>La recherche de nos produits est un \u00e9l\u00e9ment essentiel du concept MIKATANI. Nous y consacrons beaucoup de temps afin de vous offrir un choix \u00e9tendu et de qualit\u00e9. Nous veillons \u00e0 vous proposer des prix attractifs. A ce titre, nous renouvelons tr\u00e8s fr\u00e9quemment nos produits, en \u00e9dition limit\u00e9e pour conserver un caract\u00e8re unique et tendance. Nos articles sont imm\u00e9diatement disponibles et notre stock est en France : pas de frais de douane.<\/p>\n<p>Chez MIKATANI, vous aurez le plaisir d\u2019acqu\u00e9rir chaque fois des articles originaux \u00e0 prix tout doux !<\/p>\n<h3>Comment choisir ma taille ?<\/h3>\n<p>La taille des v\u00eatements est indiqu\u00e9e sur chaque fiche produit selon la nomenclature fran\u00e7aise. Ils sont en\u00a0<span style=\"text-decoration: underline;\">taille unique<\/span>, et peuvent correspondre \u00e0 2 tailles (ex: 36-38), pr\u00e9cis\u00e9es sur le descriptif, selon que vous les porterez large ou pr\u00e8s du corps. La taille fran\u00e7aise est donn\u00e9e \u00e0 titre indicatif. Il est n\u00e9cessaire de v\u00e9rifier la convenance de l&#8217;article \u00e0 votre taille gr\u00e2ce aux dimensions indiqu\u00e9es pour chaque v\u00eatement.<\/p>\n<h3>Que se passe-t-il quand l&#8217;article n\u2019est plus disponible ?<\/h3>\n<p>Une indication est port\u00e9e sur la fiche produit quand un article n\u2019est plus disponible.<br \/>\nPlusieurs cas peuvent se pr\u00e9senter :<\/p>\n<p>&#8211; Les produits \u00ab en stock \u00bb sont imm\u00e9diatement disponibles \u00e0 l\u2019envoi et vous seront envoy\u00e9s sous 48h maximum.<br \/>\n&#8211; Les produits \u00ab \u00e9puis\u00e9 \u00bb seront r\u00e9approvisionn\u00e9s si disponibles. Vous pouvez \u00eatre averti(e) d\u00e8s la remise en stock d&#8217;un article en vous inscrivant \u00e0 son alerte de disponibilit\u00e9.<\/p>\n<p>Un certain nombre de nos produits sont en \u00e9dition limit\u00e9e ; d\u2019autres, des pi\u00e8ces uniques, ne peuvent \u00eatre refaits \u00e0 l\u2019identique. De nouveaux mod\u00e8les, tout aussi craquants, les remplaceront bient\u00f4t !<\/p>\n","protected":false},"excerpt":{"rendered":"<p>Mikatani, la boutique en ligne de mode asiatique tendance japonaise et cor\u00e9enne, a \u00e9t\u00e9 fond\u00e9e en 2008 par Lena, passionn\u00e9e par la culture et la mode asiatique, et graphiste de formation. Depuis juin 2016, c&#8217;est Albane qui est aux commandes et qui a redonn\u00e9 un coup de jeune au site avec une nouveau design et de nouvelles fonctionnalit\u00e9s. MIKATANI vient de deux termes japonais : mikata (\u898b\u65b9)\u00a0 et ni (\u306b). Mikata signifie \u00ab mani\u00e8re de voir, point de vue \u00bb, et ni \u00ab de l\u2019int\u00e9rieur \u00bb. Autrement dit, MIKATANI correspond \u00e0 notre fa\u00e7on de voir et de vous proposer des articles que nous appr\u00e9cions dans le style de vie asiatique d\u2019aujourd\u2019hui. Nous vous proposons ainsi les meilleurs articles aux meilleurs prix de notre s\u00e9lection personnelle et originale. Tous nos produits ont en commun d\u2019\u00eatre originaires d\u2019Asie mais surtout Japon. La recherche de nos produits est un \u00e9l\u00e9ment essentiel du concept MIKATANI. Nous y consacrons beaucoup de temps afin de vous offrir un choix \u00e9tendu et de qualit\u00e9. Nous veillons \u00e0 vous proposer des prix attractifs. A ce titre, nous renouvelons tr\u00e8s fr\u00e9quemment nos produits, en \u00e9dition limit\u00e9e pour conserver un caract\u00e8re unique et tendance. Nos articles sont imm\u00e9diatement disponibles et notre stock est en France : pas de frais de douane. Chez MIKATANI, vous aurez le plaisir d\u2019acqu\u00e9rir chaque fois des articles originaux \u00e0 prix tout doux ! Comment choisir ma taille ? La taille des v\u00eatements est indiqu\u00e9e sur chaque fiche produit selon la nomenclature fran\u00e7aise. Ils sont en\u00a0taille unique, et peuvent correspondre \u00e0 2 tailles (ex: 36-38), pr\u00e9cis\u00e9es sur le descriptif, selon que vous les porterez large ou pr\u00e8s du corps. La taille fran\u00e7aise est donn\u00e9e \u00e0 titre indicatif. Il est n\u00e9cessaire de v\u00e9rifier la convenance de l&#8217;article \u00e0 votre taille gr\u00e2ce aux dimensions indiqu\u00e9es pour chaque v\u00eatement. Que se passe-t-il quand l&#8217;article n\u2019est plus disponible ? Une indication est port\u00e9e sur la fiche produit quand un article n\u2019est plus disponible. Plusieurs cas peuvent se pr\u00e9senter : &#8211; Les produits \u00ab en stock \u00bb sont imm\u00e9diatement disponibles \u00e0 l\u2019envoi et vous seront envoy\u00e9s sous 48h maximum. &#8211; Les produits \u00ab \u00e9puis\u00e9 \u00bb seront r\u00e9approvisionn\u00e9s si disponibles. Vous pouvez \u00eatre averti(e) d\u00e8s la remise en stock d&#8217;un article en vous inscrivant \u00e0 son alerte de disponibilit\u00e9. Un certain nombre de nos produits sont en \u00e9dition limit\u00e9e ; d\u2019autres, des pi\u00e8ces uniques, ne peuvent \u00eatre refaits \u00e0 l\u2019identique. De nouveaux mod\u00e8les, tout aussi craquants, les remplaceront bient\u00f4t !<\/p>\n","protected":false},"author":1,"featured_media":0,"parent":0,"menu_order":5,"comment_status":"closed","ping_status":"closed","template":"","meta":[],"yst_prominent_words":[1791,1629,1632,416,388,480,608,578,484],"_links":{"self":[{"href":"https:\/\/www.mikatani.com\/boutique\/wp-json\/wp\/v2\/pages\/505"}],"collection":[{"href":"https:\/\/www.mikatani.com\/boutique\/wp-json\/wp\/v2\/pages"}],"about":[{"href":"https:\/\/www.mikatani.com\/boutique\/wp-json\/wp\/v2\/types\/page"}],"author":[{"embeddable":true,"href":"https:\/\/www.mikatani.com\/boutique\/wp-json\/wp\/v2\/users\/1"}],"replies":[{"embeddable":true,"href":"https:\/\/www.mikatani.com\/boutique\/wp-json\/wp\/v2\/comments?post=505"}],"version-history":[{"count":13,"href":"https:\/\/www.mikatani.com\/boutique\/wp-json\/wp\/v2\/pages\/505\/revisions"}],"predecessor-version":[{"id":1246694,"href":"https:\/\/www.mikatani.com\/boutique\/wp-json\/wp\/v2\/pages\/505\/revisions\/1246694"}],"wp:attachment":[{"href":"https:\/\/www.mikatani.com\/boutique\/wp-json\/wp\/v2\/media?parent=505"}],"wp:term":[{"taxonomy":"yst_prominent_words","embeddable":true,"href":"https:\/\/www.mikatani.com\/boutique\/wp-json\/wp\/v2\/yst_prominent_words?post=505"}],"curies":[{"name":"wp","href":"https:\/\/api.w.org\/{rel}","templated":true}]}}