{"id":509,"date":"2016-08-08T19:28:40","date_gmt":"2016-08-08T17:28:40","guid":{"rendered":"https:\/\/www.mikatani.com\/boutique\/vaisselle-japonaise\/"},"modified":"2016-08-08T19:28:40","modified_gmt":"2016-08-08T17:28:40","slug":"vaisselle-japonaise","status":"publish","type":"page","link":"https:\/\/www.mikatani.com\/boutique\/vaisselle-japonaise","title":{"rendered":"Vaisselle japonaise : mikatani, mugs, verres, soucoupes, vaisselle japonaise"},"content":{"rendered":"<h2>D\u00e9couvrez notre s\u00e9lection de vaisselle japonaise tr\u00e8s tendance !<\/h2>\n<p>Mikatani, sp\u00e9cialiste de la vente d&#8217;articles japonais, met \u00e0 votre disposition une gamme de <strong>vaisselle japonaise<\/strong> en ligne.<\/p>\n<p>Notre offre de <strong>vaisselle japonaise<\/strong> comporte diff\u00e9rents types d&#8217;articles qui ne manqueront pas de vous s\u00e9duire : des mugs avec coupelle ou \u00e0 double \u00e9tage, un service \u00e0 th\u00e9, des sous-plats, des verres, des plateaux, des bo\u00eetes bent\u00f4 et des baguettes avec \u00e9tui. Nous vous proposons des articles tendance aux graphisme originaux et aux couleurs harmonieuses.<\/p>\n<p>D\u00e9couvrez l&#8217;ensemble de notre s\u00e9lection de <strong>vaisselles japonaises<\/strong> dans la rubrique Tea-Time et commandez directement en ligne.<\/p>\n<p>\u00a0<\/p>\n<h2>Pour plus d&#8217;informations sur notre gamme de vaisselle japonaise<\/h2>\n<p>D\u00e9couvrez toute notre offre de &#8220;<strong>vaisselle japonaise<\/strong>&#8221; dans sa rubrique consacr\u00e9e<\/p>\n","protected":false},"excerpt":{"rendered":"<p>D\u00e9couvrez notre s\u00e9lection de vaisselle japonaise tr\u00e8s tendance ! Mikatani, sp\u00e9cialiste de la vente d&#8217;articles japonais, met \u00e0 votre disposition une gamme de vaisselle japonaise en ligne. Notre offre de vaisselle japonaise comporte diff\u00e9rents types d&#8217;articles qui ne manqueront pas de vous s\u00e9duire : des mugs avec coupelle ou \u00e0 double \u00e9tage, un service \u00e0 th\u00e9, des sous-plats, des verres, des plateaux, des bo\u00eetes bent\u00f4 et des baguettes avec \u00e9tui. Nous vous proposons des articles tendance aux graphisme originaux et aux couleurs harmonieuses. D\u00e9couvrez l&#8217;ensemble de notre s\u00e9lection de vaisselles japonaises dans la rubrique Tea-Time et commandez directement en ligne. \u00a0 Pour plus d&#8217;informations sur notre gamme de vaisselle japonaise D\u00e9couvrez toute notre offre de &#8220;vaisselle japonaise&#8221; dans sa rubrique consacr\u00e9e<\/p>\n","protected":false},"author":1,"featured_media":0,"parent":0,"menu_order":3,"comment_status":"closed","ping_status":"closed","template":"","meta":[],"yst_prominent_words":[],"_links":{"self":[{"href":"https:\/\/www.mikatani.com\/boutique\/wp-json\/wp\/v2\/pages\/509"}],"collection":[{"href":"https:\/\/www.mikatani.com\/boutique\/wp-json\/wp\/v2\/pages"}],"about":[{"href":"https:\/\/www.mikatani.com\/boutique\/wp-json\/wp\/v2\/types\/page"}],"author":[{"embeddable":true,"href":"https:\/\/www.mikatani.com\/boutique\/wp-json\/wp\/v2\/users\/1"}],"replies":[{"embeddable":true,"href":"https:\/\/www.mikatani.com\/boutique\/wp-json\/wp\/v2\/comments?post=509"}],"version-history":[{"count":0,"href":"https:\/\/www.mikatani.com\/boutique\/wp-json\/wp\/v2\/pages\/509\/revisions"}],"wp:attachment":[{"href":"https:\/\/www.mikatani.com\/boutique\/wp-json\/wp\/v2\/media?parent=509"}],"wp:term":[{"taxonomy":"yst_prominent_words","embeddable":true,"href":"https:\/\/www.mikatani.com\/boutique\/wp-json\/wp\/v2\/yst_prominent_words?post=509"}],"curies":[{"name":"wp","href":"https:\/\/api.w.org\/{rel}","templated":true}]}}