{"id":510,"date":"2016-08-08T19:28:40","date_gmt":"2016-08-08T17:28:40","guid":{"rendered":"https:\/\/www.mikatani.com\/boutique\/t-shirt-japonais-mikatani-gilets-blousons-robes-chemises-et-t-shirts-japonais\/"},"modified":"2016-08-08T19:28:40","modified_gmt":"2016-08-08T17:28:40","slug":"t-shirt-japonais-mikatani-gilets-blousons-robes-chemises-et-t-shirts-japonais","status":"publish","type":"page","link":"https:\/\/www.mikatani.com\/boutique\/t-shirt-japonais-mikatani-gilets-blousons-robes-chemises-et-t-shirts-japonais","title":{"rendered":"T-shirt japonais : mikatani, gilets, blousons, robes, chemises et t-shirts japonais"},"content":{"rendered":"<h2>Une s\u00e9lection de t-shirts style japonais tr\u00e8s tendance !<\/h2>\n<p>Mikatani met \u00e0 votre disposition des pulls, chemises, robes, blousons et <strong>t-shirts japonais<\/strong>.<\/p>\n<p>Consultez notre rubrique mode et d\u00e9couvrez l&#8217;ensemble de notre s\u00e9lection de tops. Dans notre gamme d&#8217;articles de mode vous trouverez un large choix de <strong>t-shirt japonais <\/strong>originaux<strong> <\/strong>et tr\u00e8s fashion.<\/p>\n<p>Pas de temps \u00e0 perdre ! les<strong> t-shirts tendance Japon<\/strong> que nous vous proposons en ligne sont en \u00e9dition limitee !<\/p>\n<p>\u00a0<\/p>\n<h2>Pour plus d&#8217;informations sur notre s\u00e9lection de t-shirt japonais<\/h2>\n<p>D\u00e9couvrez tous nos <strong>t-shirts japonais<\/strong> dans notre <strong>rubrique consacr\u00e9e \u00e0 la mode<\/strong><\/p>\n","protected":false},"excerpt":{"rendered":"<p>Une s\u00e9lection de t-shirts style japonais tr\u00e8s tendance ! Mikatani met \u00e0 votre disposition des pulls, chemises, robes, blousons et t-shirts japonais. Consultez notre rubrique mode et d\u00e9couvrez l&#8217;ensemble de notre s\u00e9lection de tops. Dans notre gamme d&#8217;articles de mode vous trouverez un large choix de t-shirt japonais originaux et tr\u00e8s fashion. Pas de temps \u00e0 perdre ! les t-shirts tendance Japon que nous vous proposons en ligne sont en \u00e9dition limitee ! \u00a0 Pour plus d&#8217;informations sur notre s\u00e9lection de t-shirt japonais D\u00e9couvrez tous nos t-shirts japonais dans notre rubrique consacr\u00e9e \u00e0 la mode<\/p>\n","protected":false},"author":1,"featured_media":0,"parent":0,"menu_order":4,"comment_status":"closed","ping_status":"closed","template":"","meta":[],"yst_prominent_words":[],"_links":{"self":[{"href":"https:\/\/www.mikatani.com\/boutique\/wp-json\/wp\/v2\/pages\/510"}],"collection":[{"href":"https:\/\/www.mikatani.com\/boutique\/wp-json\/wp\/v2\/pages"}],"about":[{"href":"https:\/\/www.mikatani.com\/boutique\/wp-json\/wp\/v2\/types\/page"}],"author":[{"embeddable":true,"href":"https:\/\/www.mikatani.com\/boutique\/wp-json\/wp\/v2\/users\/1"}],"replies":[{"embeddable":true,"href":"https:\/\/www.mikatani.com\/boutique\/wp-json\/wp\/v2\/comments?post=510"}],"version-history":[{"count":0,"href":"https:\/\/www.mikatani.com\/boutique\/wp-json\/wp\/v2\/pages\/510\/revisions"}],"wp:attachment":[{"href":"https:\/\/www.mikatani.com\/boutique\/wp-json\/wp\/v2\/media?parent=510"}],"wp:term":[{"taxonomy":"yst_prominent_words","embeddable":true,"href":"https:\/\/www.mikatani.com\/boutique\/wp-json\/wp\/v2\/yst_prominent_words?post=510"}],"curies":[{"name":"wp","href":"https:\/\/api.w.org\/{rel}","templated":true}]}}