{"id":518,"date":"2016-08-08T19:28:40","date_gmt":"2016-08-08T17:28:40","guid":{"rendered":"https:\/\/www.mikatani.com\/boutique\/lunch-box\/"},"modified":"2016-08-08T19:28:40","modified_gmt":"2016-08-08T17:28:40","slug":"lunch-box","status":"publish","type":"page","link":"https:\/\/www.mikatani.com\/boutique\/lunch-box","title":{"rendered":"Lunch box : mikatani, boites repas, lunch box \u00e0 la mode japonaise"},"content":{"rendered":"<h2>Lunch box : emportez vos repas partout !<\/h2>\n<p>Vous \u00eates \u00e0 la recherche d\u2019une <strong>lunch box<\/strong> ? D\u00e9couvrez nos jolies bo\u00eetes \u00e0 bento : des r\u00e9cipients \u00e0 la mode japonaise efficaces et pratiques pour emporter vos repas partout.<\/p>\n<p>Cr\u00e9\u00e9es par le designer Shinzi Katoh, nos <strong>lunch box<\/strong> aux couleurs vives et aux graphismes originaux sont \u00e0 la fois fonctionnelles et \u00e9l\u00e9gantes.<\/p>\n<p>Consultez l&#8217;ensemble de nos mod\u00e8les de <strong>lunch box<\/strong> en ligne. Nos boites sont compartiment\u00e9es et parfaitement herm\u00e9tiques.<\/p>\n<h2>Pour plus d&#8217;info sur nos lunch box<\/h2>\n<p>Mettez-vous \u00e0 la mode du Bento ! Consultez notre rubrique sur les <strong>lunch box<\/strong>.<\/p>\n","protected":false},"excerpt":{"rendered":"<p>Lunch box : emportez vos repas partout ! Vous \u00eates \u00e0 la recherche d\u2019une lunch box ? D\u00e9couvrez nos jolies bo\u00eetes \u00e0 bento : des r\u00e9cipients \u00e0 la mode japonaise efficaces et pratiques pour emporter vos repas partout. Cr\u00e9\u00e9es par le designer Shinzi Katoh, nos lunch box aux couleurs vives et aux graphismes originaux sont \u00e0 la fois fonctionnelles et \u00e9l\u00e9gantes. Consultez l&#8217;ensemble de nos mod\u00e8les de lunch box en ligne. Nos boites sont compartiment\u00e9es et parfaitement herm\u00e9tiques. Pour plus d&#8217;info sur nos lunch box Mettez-vous \u00e0 la mode du Bento ! Consultez notre rubrique sur les lunch box.<\/p>\n","protected":false},"author":1,"featured_media":0,"parent":0,"menu_order":12,"comment_status":"closed","ping_status":"closed","template":"","meta":[],"yst_prominent_words":[],"_links":{"self":[{"href":"https:\/\/www.mikatani.com\/boutique\/wp-json\/wp\/v2\/pages\/518"}],"collection":[{"href":"https:\/\/www.mikatani.com\/boutique\/wp-json\/wp\/v2\/pages"}],"about":[{"href":"https:\/\/www.mikatani.com\/boutique\/wp-json\/wp\/v2\/types\/page"}],"author":[{"embeddable":true,"href":"https:\/\/www.mikatani.com\/boutique\/wp-json\/wp\/v2\/users\/1"}],"replies":[{"embeddable":true,"href":"https:\/\/www.mikatani.com\/boutique\/wp-json\/wp\/v2\/comments?post=518"}],"version-history":[{"count":0,"href":"https:\/\/www.mikatani.com\/boutique\/wp-json\/wp\/v2\/pages\/518\/revisions"}],"wp:attachment":[{"href":"https:\/\/www.mikatani.com\/boutique\/wp-json\/wp\/v2\/media?parent=518"}],"wp:term":[{"taxonomy":"yst_prominent_words","embeddable":true,"href":"https:\/\/www.mikatani.com\/boutique\/wp-json\/wp\/v2\/yst_prominent_words?post=518"}],"curies":[{"name":"wp","href":"https:\/\/api.w.org\/{rel}","templated":true}]}}