{"id":519,"date":"2016-08-08T19:28:40","date_gmt":"2016-08-08T17:28:40","guid":{"rendered":"https:\/\/www.mikatani.com\/boutique\/look-japonais\/"},"modified":"2016-08-08T19:28:40","modified_gmt":"2016-08-08T17:28:40","slug":"look-japonais","status":"publish","type":"page","link":"https:\/\/www.mikatani.com\/boutique\/look-japonais","title":{"rendered":"Look japonais : mikatani, V\u00eatements, accessoires et sacs pour un look parfaitement japonais"},"content":{"rendered":"<h2>V\u00eatements et accessoires pour un look japonais !<\/h2>\n<p>Le <strong>look japonais<\/strong> vous passionne ?\u00a0 Mikatani vous propose dans sa rubrique mode les derni\u00e8res tendances de la mode nippone pour vous offir un <strong>look japonais<\/strong> styl\u00e9 et tendance.<\/p>\n<p>D\u00e9couvrez en \u00e9dition limit\u00e9e notre s\u00e9lection d&#8217;articles pour un style japonisant qui refl\u00e8te les nouvelles tendances de la mode \u00e0 Tokyo.<\/p>\n<p>Le <strong>look japonais<\/strong> tr\u00e8s fashion et original est largement repr\u00e9sent\u00e9 dans notre s\u00e9lection d&#8217;articles de mode. Optez pour une nouvelle mani\u00e8re de vous habiller \u00e0 la fois \u00e9pur\u00e9e et tendance. D\u00e9couvrez le <strong>look japonais<\/strong> \u00e0 travers une multitude d&#8217;articles que nous mettons \u00e0 votre disposition.<\/p>\n","protected":false},"excerpt":{"rendered":"<p>V\u00eatements et accessoires pour un look japonais ! Le look japonais vous passionne ?\u00a0 Mikatani vous propose dans sa rubrique mode les derni\u00e8res tendances de la mode nippone pour vous offir un look japonais styl\u00e9 et tendance. D\u00e9couvrez en \u00e9dition limit\u00e9e notre s\u00e9lection d&#8217;articles pour un style japonisant qui refl\u00e8te les nouvelles tendances de la mode \u00e0 Tokyo. Le look japonais tr\u00e8s fashion et original est largement repr\u00e9sent\u00e9 dans notre s\u00e9lection d&#8217;articles de mode. Optez pour une nouvelle mani\u00e8re de vous habiller \u00e0 la fois \u00e9pur\u00e9e et tendance. D\u00e9couvrez le look japonais \u00e0 travers une multitude d&#8217;articles que nous mettons \u00e0 votre disposition.<\/p>\n","protected":false},"author":1,"featured_media":0,"parent":0,"menu_order":13,"comment_status":"closed","ping_status":"closed","template":"","meta":[],"yst_prominent_words":[],"_links":{"self":[{"href":"https:\/\/www.mikatani.com\/boutique\/wp-json\/wp\/v2\/pages\/519"}],"collection":[{"href":"https:\/\/www.mikatani.com\/boutique\/wp-json\/wp\/v2\/pages"}],"about":[{"href":"https:\/\/www.mikatani.com\/boutique\/wp-json\/wp\/v2\/types\/page"}],"author":[{"embeddable":true,"href":"https:\/\/www.mikatani.com\/boutique\/wp-json\/wp\/v2\/users\/1"}],"replies":[{"embeddable":true,"href":"https:\/\/www.mikatani.com\/boutique\/wp-json\/wp\/v2\/comments?post=519"}],"version-history":[{"count":0,"href":"https:\/\/www.mikatani.com\/boutique\/wp-json\/wp\/v2\/pages\/519\/revisions"}],"wp:attachment":[{"href":"https:\/\/www.mikatani.com\/boutique\/wp-json\/wp\/v2\/media?parent=519"}],"wp:term":[{"taxonomy":"yst_prominent_words","embeddable":true,"href":"https:\/\/www.mikatani.com\/boutique\/wp-json\/wp\/v2\/yst_prominent_words?post=519"}],"curies":[{"name":"wp","href":"https:\/\/api.w.org\/{rel}","templated":true}]}}