{"id":520,"date":"2016-08-08T19:28:40","date_gmt":"2016-08-08T17:28:40","guid":{"rendered":"https:\/\/www.mikatani.com\/boutique\/bento\/"},"modified":"2016-08-08T19:28:40","modified_gmt":"2016-08-08T17:28:40","slug":"bento","status":"publish","type":"page","link":"https:\/\/www.mikatani.com\/boutique\/bento","title":{"rendered":"Bento : mikatani, r\u00e9cipients pour emporter des aliments, boites bento"},"content":{"rendered":"<h2>Emportez vos repas avec nos bo\u00eetes bento !<\/h2>\n<p>Un <strong>bento<\/strong> est une bo\u00eete de repas d&#8217;origine japonaise au design graphique et tr\u00e8s pratique. <strong>La bo\u00eete \u00e0 bento<\/strong> est id\u00e9ale pour emporter vos repas \u00e0 l&#8217;\u00e9cole ou \u00e0 votre travail.<\/p>\n<p>Nous vous proposons une <strong>gamme de bentos <\/strong>de diff\u00e9rents mod\u00e8les et coloris. De dimensions et contenances vari\u00e9es, nos boites comprennent deux niveaux s\u00e9par\u00e9s et sont compartiment\u00e9es de fa\u00e7on \u00e0 ne pas m\u00e9langer les aliments.<\/p>\n<p>Le <strong>bento<\/strong> est fabriqu\u00e9 en plastique de qualit\u00e9 et permet une fermeture herm\u00e9tique. Il est facilement nettoyable et simple \u00e0 utiliser pour l&#8217;emporter partout !<\/p>\n<p>Vous pouvez consulter tous nos <strong>mod\u00e8les de bento en ligne <\/strong>et commander directement sur notre site.<\/p>\n","protected":false},"excerpt":{"rendered":"<p>Emportez vos repas avec nos bo\u00eetes bento ! Un bento est une bo\u00eete de repas d&#8217;origine japonaise au design graphique et tr\u00e8s pratique. La bo\u00eete \u00e0 bento est id\u00e9ale pour emporter vos repas \u00e0 l&#8217;\u00e9cole ou \u00e0 votre travail. Nous vous proposons une gamme de bentos de diff\u00e9rents mod\u00e8les et coloris. De dimensions et contenances vari\u00e9es, nos boites comprennent deux niveaux s\u00e9par\u00e9s et sont compartiment\u00e9es de fa\u00e7on \u00e0 ne pas m\u00e9langer les aliments. Le bento est fabriqu\u00e9 en plastique de qualit\u00e9 et permet une fermeture herm\u00e9tique. Il est facilement nettoyable et simple \u00e0 utiliser pour l&#8217;emporter partout ! Vous pouvez consulter tous nos mod\u00e8les de bento en ligne et commander directement sur notre site.<\/p>\n","protected":false},"author":1,"featured_media":0,"parent":0,"menu_order":14,"comment_status":"closed","ping_status":"closed","template":"","meta":[],"yst_prominent_words":[],"_links":{"self":[{"href":"https:\/\/www.mikatani.com\/boutique\/wp-json\/wp\/v2\/pages\/520"}],"collection":[{"href":"https:\/\/www.mikatani.com\/boutique\/wp-json\/wp\/v2\/pages"}],"about":[{"href":"https:\/\/www.mikatani.com\/boutique\/wp-json\/wp\/v2\/types\/page"}],"author":[{"embeddable":true,"href":"https:\/\/www.mikatani.com\/boutique\/wp-json\/wp\/v2\/users\/1"}],"replies":[{"embeddable":true,"href":"https:\/\/www.mikatani.com\/boutique\/wp-json\/wp\/v2\/comments?post=520"}],"version-history":[{"count":0,"href":"https:\/\/www.mikatani.com\/boutique\/wp-json\/wp\/v2\/pages\/520\/revisions"}],"wp:attachment":[{"href":"https:\/\/www.mikatani.com\/boutique\/wp-json\/wp\/v2\/media?parent=520"}],"wp:term":[{"taxonomy":"yst_prominent_words","embeddable":true,"href":"https:\/\/www.mikatani.com\/boutique\/wp-json\/wp\/v2\/yst_prominent_words?post=520"}],"curies":[{"name":"wp","href":"https:\/\/api.w.org\/{rel}","templated":true}]}}