{"id":522,"date":"2016-08-08T19:28:40","date_gmt":"2016-08-08T17:28:40","guid":{"rendered":"https:\/\/www.mikatani.com\/boutique\/bento-lunch\/"},"modified":"2016-08-08T19:28:40","modified_gmt":"2016-08-08T17:28:40","slug":"bento-lunch","status":"publish","type":"page","link":"https:\/\/www.mikatani.com\/boutique\/bento-lunch","title":{"rendered":"Bento lunch : Mikatani, Vente en ligne d&#8217;accessoires japonais : Bent\u00f4 Lunch, bijoux, sacs, &#8230;"},"content":{"rendered":"<h2>D\u00e9couvrez les bento lunch !<\/h2>\n<p>A l&#8217;origine plat unique populaire japonais, le <strong>Bent\u00f4 lunch<\/strong> d\u00e9signe aujourd&#8217;hui un coffret rectangulaire \u00e0 la mode et servant \u00e0 transporter un repas ou un casse-cro\u00fbte l\u00e9ger pour un d\u00e9jeuner rapide \u00e0 l&#8217;\u00e9cole ou sur le lieu de travail.<\/p>\n<p>Le <strong>Bent\u00f4 ou Lunch Box<\/strong> existe aujourd&#8217;hui sous plusieurs formes : de la plus traditionnelle en bois laqu\u00e9 jusqu&#8217;aux coffrets les plus design venant directement du Japon. Une boite bent\u00f4 vous permet donc d&#8217;emporter avec vous un repas compact, diversifi\u00e9, \u00e9quilibr\u00e9 et agr\u00e9able \u00e0 l&#8217;\u0153il.<\/p>\n<p>Le <strong>bent\u00f4 <\/strong>compte des millions d&#8217;adeptes partout dans le monde. Cette lunch box est propre \u00e0 chacun, elle refl\u00e8te la personnalit\u00e9 de son propri\u00e9taire que ce soit par son aspect ou son contenu.<\/p>\n<h2>Mikatani.com : une large gamme de bento lunch<\/h2>\n<p>Mikatani est une boutique en ligne sp\u00e9cialis\u00e9e dans la vente de produits et d&#8217;accessoires typiquement japonais.<\/p>\n<p>Nous vous proposons de nombreuses <strong>bent\u00f4 lunch<\/strong> au design original et tendance. Pour votre pause d\u00e9jeuner, remplacez votre vieux tupperware par une jolie boite bento design !<\/p>\n<p>A noter : tous nos bent\u00f4 lunch sont \u00e0 prix mini !<\/p>\n<p>D\u00e9couvrez en ligne notre catalogue vari\u00e9 de <strong>bent\u00f4 lunch<\/strong>.<\/p>\n","protected":false},"excerpt":{"rendered":"<p>D\u00e9couvrez les bento lunch ! A l&#8217;origine plat unique populaire japonais, le Bent\u00f4 lunch d\u00e9signe aujourd&#8217;hui un coffret rectangulaire \u00e0 la mode et servant \u00e0 transporter un repas ou un casse-cro\u00fbte l\u00e9ger pour un d\u00e9jeuner rapide \u00e0 l&#8217;\u00e9cole ou sur le lieu de travail. Le Bent\u00f4 ou Lunch Box existe aujourd&#8217;hui sous plusieurs formes : de la plus traditionnelle en bois laqu\u00e9 jusqu&#8217;aux coffrets les plus design venant directement du Japon. Une boite bent\u00f4 vous permet donc d&#8217;emporter avec vous un repas compact, diversifi\u00e9, \u00e9quilibr\u00e9 et agr\u00e9able \u00e0 l&#8217;\u0153il. Le bent\u00f4 compte des millions d&#8217;adeptes partout dans le monde. Cette lunch box est propre \u00e0 chacun, elle refl\u00e8te la personnalit\u00e9 de son propri\u00e9taire que ce soit par son aspect ou son contenu. Mikatani.com : une large gamme de bento lunch Mikatani est une boutique en ligne sp\u00e9cialis\u00e9e dans la vente de produits et d&#8217;accessoires typiquement japonais. Nous vous proposons de nombreuses bent\u00f4 lunch au design original et tendance. Pour votre pause d\u00e9jeuner, remplacez votre vieux tupperware par une jolie boite bento design ! A noter : tous nos bent\u00f4 lunch sont \u00e0 prix mini ! D\u00e9couvrez en ligne notre catalogue vari\u00e9 de bent\u00f4 lunch.<\/p>\n","protected":false},"author":1,"featured_media":0,"parent":0,"menu_order":16,"comment_status":"closed","ping_status":"closed","template":"","meta":[],"yst_prominent_words":[],"_links":{"self":[{"href":"https:\/\/www.mikatani.com\/boutique\/wp-json\/wp\/v2\/pages\/522"}],"collection":[{"href":"https:\/\/www.mikatani.com\/boutique\/wp-json\/wp\/v2\/pages"}],"about":[{"href":"https:\/\/www.mikatani.com\/boutique\/wp-json\/wp\/v2\/types\/page"}],"author":[{"embeddable":true,"href":"https:\/\/www.mikatani.com\/boutique\/wp-json\/wp\/v2\/users\/1"}],"replies":[{"embeddable":true,"href":"https:\/\/www.mikatani.com\/boutique\/wp-json\/wp\/v2\/comments?post=522"}],"version-history":[{"count":0,"href":"https:\/\/www.mikatani.com\/boutique\/wp-json\/wp\/v2\/pages\/522\/revisions"}],"wp:attachment":[{"href":"https:\/\/www.mikatani.com\/boutique\/wp-json\/wp\/v2\/media?parent=522"}],"wp:term":[{"taxonomy":"yst_prominent_words","embeddable":true,"href":"https:\/\/www.mikatani.com\/boutique\/wp-json\/wp\/v2\/yst_prominent_words?post=522"}],"curies":[{"name":"wp","href":"https:\/\/api.w.org\/{rel}","templated":true}]}}