{"id":525,"date":"2016-08-08T19:28:40","date_gmt":"2016-08-08T17:28:40","guid":{"rendered":"https:\/\/www.mikatani.com\/boutique\/import-japon\/"},"modified":"2016-08-08T19:28:40","modified_gmt":"2016-08-08T17:28:40","slug":"import-japon","status":"publish","type":"page","link":"https:\/\/www.mikatani.com\/boutique\/import-japon","title":{"rendered":"Import japon : mikatani, Vente d&#8217;articles divers d&#8217;import direct du Japon"},"content":{"rendered":"<h2>Une s\u00e9lection d&#8217;articles import\u00e9s du Japon<\/h2>\n<p>Tous nos articles ont en commun d\u2019\u00eatre originaires d\u2019Asie. Ils viennent pour la plupart du Japon, de Cor\u00e9e du Sud, de Chine, de Tha\u00eflande, ou sont parfois cr\u00e9es par des partenaires asiatiques install\u00e9s en Am\u00e9rique ou en Europe.<\/p>\n<p>Sur Mikatani.com, vous trouverez de nombreux articles en <strong>import direct du japon<\/strong>. D\u00e9couvrez nos v\u00eatements kawaii, sacs, boites \u00e0 bent\u00f4, bijoux, poup\u00e9es kokeshi ou nos articles de papeterie.<\/p>\n<p>Profitez de notre offre originale et en \u00e9dition limit\u00e9e.\u00a0 Nos articles sont <strong>d&#8217;import direct du Japon <\/strong>ainsi que de divers autres pays du Sud-Est asiatique.<\/p>\n<p>\u00a0<\/p>\n<p>\u00a0<\/p>\n<h2>Pour plus d&#8217;informations sur notre nos articles import du japon<\/h2>\n<p>Consultez notre site pour d\u00e9couvrir tous <strong>nos produits en import du Japon et d&#8217;Asie<\/strong><\/p>\n","protected":false},"excerpt":{"rendered":"<p>Une s\u00e9lection d&#8217;articles import\u00e9s du Japon Tous nos articles ont en commun d\u2019\u00eatre originaires d\u2019Asie. Ils viennent pour la plupart du Japon, de Cor\u00e9e du Sud, de Chine, de Tha\u00eflande, ou sont parfois cr\u00e9es par des partenaires asiatiques install\u00e9s en Am\u00e9rique ou en Europe. Sur Mikatani.com, vous trouverez de nombreux articles en import direct du japon. D\u00e9couvrez nos v\u00eatements kawaii, sacs, boites \u00e0 bent\u00f4, bijoux, poup\u00e9es kokeshi ou nos articles de papeterie. Profitez de notre offre originale et en \u00e9dition limit\u00e9e.\u00a0 Nos articles sont d&#8217;import direct du Japon ainsi que de divers autres pays du Sud-Est asiatique. \u00a0 \u00a0 Pour plus d&#8217;informations sur notre nos articles import du japon Consultez notre site pour d\u00e9couvrir tous nos produits en import du Japon et d&#8217;Asie<\/p>\n","protected":false},"author":1,"featured_media":0,"parent":0,"menu_order":19,"comment_status":"closed","ping_status":"closed","template":"","meta":[],"yst_prominent_words":[],"_links":{"self":[{"href":"https:\/\/www.mikatani.com\/boutique\/wp-json\/wp\/v2\/pages\/525"}],"collection":[{"href":"https:\/\/www.mikatani.com\/boutique\/wp-json\/wp\/v2\/pages"}],"about":[{"href":"https:\/\/www.mikatani.com\/boutique\/wp-json\/wp\/v2\/types\/page"}],"author":[{"embeddable":true,"href":"https:\/\/www.mikatani.com\/boutique\/wp-json\/wp\/v2\/users\/1"}],"replies":[{"embeddable":true,"href":"https:\/\/www.mikatani.com\/boutique\/wp-json\/wp\/v2\/comments?post=525"}],"version-history":[{"count":0,"href":"https:\/\/www.mikatani.com\/boutique\/wp-json\/wp\/v2\/pages\/525\/revisions"}],"wp:attachment":[{"href":"https:\/\/www.mikatani.com\/boutique\/wp-json\/wp\/v2\/media?parent=525"}],"wp:term":[{"taxonomy":"yst_prominent_words","embeddable":true,"href":"https:\/\/www.mikatani.com\/boutique\/wp-json\/wp\/v2\/yst_prominent_words?post=525"}],"curies":[{"name":"wp","href":"https:\/\/api.w.org\/{rel}","templated":true}]}}