{"id":530,"date":"2016-08-08T19:28:40","date_gmt":"2016-08-08T17:28:40","guid":{"rendered":"https:\/\/www.mikatani.com\/boutique\/papeterie-japonaise\/"},"modified":"2016-08-08T19:28:40","modified_gmt":"2016-08-08T17:28:40","slug":"papeterie-japonaise","status":"publish","type":"page","link":"https:\/\/www.mikatani.com\/boutique\/papeterie-japonaise","title":{"rendered":"Papeterie japonaise : Mikatani, Vente en ligne d\u2019articles de papeterie japonaise"},"content":{"rendered":"<h2>D\u00e9couvrez la papeterie japonaise<\/h2>\n<p>La <strong>papeterie japonaise<\/strong> est connue partout dans le monde pour ses articles kawaii, tr\u00e8s pris\u00e9s des \u00e9l\u00e8ves et \u00e9tudiants japonais.<\/p>\n<p>Kawaii signifie mignon en japonais. Les articles kawaii se distinguent par leurs couleurs attrayantes, leurs dessins et figurines d&#8217;inspiration manga.<\/p>\n<p>La <strong>papeterie japonaise<\/strong> comprend toutes sortes d&#8217;articles : cahiers, m\u00e9mos, carnets, journaux, blocs-notes, etc<\/p>\n<p>Les articles de papeterie japonaise : une id\u00e9e cadeau pour des amis passionn\u00e9s par la culture nippone !<\/p>\n<h2>Un large \u00e9ventail d\u2019articles de papeterie japonaise sur mikatani.com :<\/h2>\n<p>D\u00e9couvrez sur Mikatani.com, boutique en ligne sp\u00e9cialis\u00e9e dans les produits nippons et cor\u00e9ens, un large assortiment d&#8217;articles de papeterie japonaise ainsi que des v\u00eatements, accessoires, boites bent\u00f4, etc.<\/p>\n<p>Les passionn\u00e9s de l&#8217;\u00e9criture trouveront leur bonheur dans notre catalogue de papeterie japonaise.<\/p>\n<p>Consultez notre rubrique d\u00e9di\u00e9e \u00e0 la papeterie japonaise.<\/p>\n","protected":false},"excerpt":{"rendered":"<p>D\u00e9couvrez la papeterie japonaise La papeterie japonaise est connue partout dans le monde pour ses articles kawaii, tr\u00e8s pris\u00e9s des \u00e9l\u00e8ves et \u00e9tudiants japonais. Kawaii signifie mignon en japonais. Les articles kawaii se distinguent par leurs couleurs attrayantes, leurs dessins et figurines d&#8217;inspiration manga. La papeterie japonaise comprend toutes sortes d&#8217;articles : cahiers, m\u00e9mos, carnets, journaux, blocs-notes, etc Les articles de papeterie japonaise : une id\u00e9e cadeau pour des amis passionn\u00e9s par la culture nippone ! Un large \u00e9ventail d\u2019articles de papeterie japonaise sur mikatani.com : D\u00e9couvrez sur Mikatani.com, boutique en ligne sp\u00e9cialis\u00e9e dans les produits nippons et cor\u00e9ens, un large assortiment d&#8217;articles de papeterie japonaise ainsi que des v\u00eatements, accessoires, boites bent\u00f4, etc. Les passionn\u00e9s de l&#8217;\u00e9criture trouveront leur bonheur dans notre catalogue de papeterie japonaise. Consultez notre rubrique d\u00e9di\u00e9e \u00e0 la papeterie japonaise.<\/p>\n","protected":false},"author":1,"featured_media":0,"parent":0,"menu_order":24,"comment_status":"closed","ping_status":"closed","template":"","meta":[],"yst_prominent_words":[],"_links":{"self":[{"href":"https:\/\/www.mikatani.com\/boutique\/wp-json\/wp\/v2\/pages\/530"}],"collection":[{"href":"https:\/\/www.mikatani.com\/boutique\/wp-json\/wp\/v2\/pages"}],"about":[{"href":"https:\/\/www.mikatani.com\/boutique\/wp-json\/wp\/v2\/types\/page"}],"author":[{"embeddable":true,"href":"https:\/\/www.mikatani.com\/boutique\/wp-json\/wp\/v2\/users\/1"}],"replies":[{"embeddable":true,"href":"https:\/\/www.mikatani.com\/boutique\/wp-json\/wp\/v2\/comments?post=530"}],"version-history":[{"count":0,"href":"https:\/\/www.mikatani.com\/boutique\/wp-json\/wp\/v2\/pages\/530\/revisions"}],"wp:attachment":[{"href":"https:\/\/www.mikatani.com\/boutique\/wp-json\/wp\/v2\/media?parent=530"}],"wp:term":[{"taxonomy":"yst_prominent_words","embeddable":true,"href":"https:\/\/www.mikatani.com\/boutique\/wp-json\/wp\/v2\/yst_prominent_words?post=530"}],"curies":[{"name":"wp","href":"https:\/\/api.w.org\/{rel}","templated":true}]}}