{"id":531,"date":"2016-08-08T19:28:40","date_gmt":"2016-08-08T17:28:40","guid":{"rendered":"https:\/\/www.mikatani.com\/boutique\/produit-japonais\/"},"modified":"2016-08-08T19:28:40","modified_gmt":"2016-08-08T17:28:40","slug":"produit-japonais","status":"publish","type":"page","link":"https:\/\/www.mikatani.com\/boutique\/produit-japonais","title":{"rendered":"Produit japonais : Mikatani, Articles, accessoires et produits japonais fantaisistes"},"content":{"rendered":"<h2>Notre s\u00e9lection de produits japonais !<\/h2>\n<p>D\u00e9couvrez nos <strong>produits japonais<\/strong>, ainsi que notre gamme de v\u00eatements consacr\u00e9e \u00e0 la mode japonaise et cor\u00e9enne. Mikatani c&#8217;est une gamme de boites bento, de sacs et de bijoux, mais aussi des accessoires et de la papeterie kawaii issus de la culture et de la mode japonaise et cor\u00e9enne.<\/p>\n<p>Vous \u00eates passionn\u00e9 par la culture japonaise et asiatique? Mikatani, vous propose un assortiment de <strong>produits japonais<\/strong> et asiatiques en vente en ligne. <\/p>\n<p>Fantaisie et originalit\u00e9 sont les principales caract\u00e9ristiques de nos <strong>produits tendance japonais<\/strong>e : sacs, tops et robes, bento, bijoux vari\u00e9s, poup\u00e9es Kokeshi, cahiers, agendas et carnets&#8230;<\/p>\n<p>\u00a0<\/p>\n","protected":false},"excerpt":{"rendered":"<p>Notre s\u00e9lection de produits japonais ! D\u00e9couvrez nos produits japonais, ainsi que notre gamme de v\u00eatements consacr\u00e9e \u00e0 la mode japonaise et cor\u00e9enne. Mikatani c&#8217;est une gamme de boites bento, de sacs et de bijoux, mais aussi des accessoires et de la papeterie kawaii issus de la culture et de la mode japonaise et cor\u00e9enne. Vous \u00eates passionn\u00e9 par la culture japonaise et asiatique? Mikatani, vous propose un assortiment de produits japonais et asiatiques en vente en ligne. Fantaisie et originalit\u00e9 sont les principales caract\u00e9ristiques de nos produits tendance japonaise : sacs, tops et robes, bento, bijoux vari\u00e9s, poup\u00e9es Kokeshi, cahiers, agendas et carnets&#8230; \u00a0<\/p>\n","protected":false},"author":1,"featured_media":0,"parent":0,"menu_order":25,"comment_status":"closed","ping_status":"closed","template":"","meta":[],"yst_prominent_words":[],"_links":{"self":[{"href":"https:\/\/www.mikatani.com\/boutique\/wp-json\/wp\/v2\/pages\/531"}],"collection":[{"href":"https:\/\/www.mikatani.com\/boutique\/wp-json\/wp\/v2\/pages"}],"about":[{"href":"https:\/\/www.mikatani.com\/boutique\/wp-json\/wp\/v2\/types\/page"}],"author":[{"embeddable":true,"href":"https:\/\/www.mikatani.com\/boutique\/wp-json\/wp\/v2\/users\/1"}],"replies":[{"embeddable":true,"href":"https:\/\/www.mikatani.com\/boutique\/wp-json\/wp\/v2\/comments?post=531"}],"version-history":[{"count":0,"href":"https:\/\/www.mikatani.com\/boutique\/wp-json\/wp\/v2\/pages\/531\/revisions"}],"wp:attachment":[{"href":"https:\/\/www.mikatani.com\/boutique\/wp-json\/wp\/v2\/media?parent=531"}],"wp:term":[{"taxonomy":"yst_prominent_words","embeddable":true,"href":"https:\/\/www.mikatani.com\/boutique\/wp-json\/wp\/v2\/yst_prominent_words?post=531"}],"curies":[{"name":"wp","href":"https:\/\/api.w.org\/{rel}","templated":true}]}}