{"id":533,"date":"2016-08-08T19:28:40","date_gmt":"2016-08-08T17:28:40","guid":{"rendered":"https:\/\/www.mikatani.com\/boutique\/sac-ecolo\/"},"modified":"2019-06-11T13:46:24","modified_gmt":"2019-06-11T11:46:24","slug":"sac-ecolo","status":"publish","type":"page","link":"https:\/\/www.mikatani.com\/boutique\/sac-ecolo","title":{"rendered":"Sac \u00e9colo : mikatani : sacs et cabas \u00e9colos"},"content":{"rendered":"<h2>Des sacs \u00e9colo pour votre shopping !<\/h2>\n<p>Stop aux sacs en plastique ! Mikatani vous propose toute une gamme de <strong>sacs et cabas ecolo<\/strong> \u00e0 r\u00e9utiliser pour vos courses.<\/p>\n<p>Nos <strong>sacs \u00e9colo <\/strong>pratiques et tendance, sont originaires du Japon ou d&#8217;autres pays asiatiques&#8230;<\/p>\n<p>D\u00e9couvrez l&#8217;ensemble de notre offre <strong>de sacs \u00e9colo<\/strong> et commandez-les directement en ligne.<\/p>\n<h2>Pour plus d&#8217;informations sur notre s\u00e9lection de sacs \u00e9colos<\/h2>\n<p>D\u00e9couvrez notre gamme de sacs et cabas dans notre rubrique d\u00e9di\u00e9e aux <strong>sacs ecolo.<\/strong><\/p>\n","protected":false},"excerpt":{"rendered":"<p>Des sacs \u00e9colo pour votre shopping ! Stop aux sacs en plastique ! Mikatani vous propose toute une gamme de sacs et cabas ecolo \u00e0 r\u00e9utiliser pour vos courses. Nos sacs \u00e9colo pratiques et tendance, sont originaires du Japon ou d&#8217;autres pays asiatiques&#8230; D\u00e9couvrez l&#8217;ensemble de notre offre de sacs \u00e9colo et commandez-les directement en ligne. Pour plus d&#8217;informations sur notre s\u00e9lection de sacs \u00e9colos D\u00e9couvrez notre gamme de sacs et cabas dans notre rubrique d\u00e9di\u00e9e aux sacs ecolo.<\/p>\n","protected":false},"author":1,"featured_media":0,"parent":0,"menu_order":27,"comment_status":"closed","ping_status":"closed","template":"","meta":[],"yst_prominent_words":[],"_links":{"self":[{"href":"https:\/\/www.mikatani.com\/boutique\/wp-json\/wp\/v2\/pages\/533"}],"collection":[{"href":"https:\/\/www.mikatani.com\/boutique\/wp-json\/wp\/v2\/pages"}],"about":[{"href":"https:\/\/www.mikatani.com\/boutique\/wp-json\/wp\/v2\/types\/page"}],"author":[{"embeddable":true,"href":"https:\/\/www.mikatani.com\/boutique\/wp-json\/wp\/v2\/users\/1"}],"replies":[{"embeddable":true,"href":"https:\/\/www.mikatani.com\/boutique\/wp-json\/wp\/v2\/comments?post=533"}],"version-history":[{"count":3,"href":"https:\/\/www.mikatani.com\/boutique\/wp-json\/wp\/v2\/pages\/533\/revisions"}],"predecessor-version":[{"id":2946,"href":"https:\/\/www.mikatani.com\/boutique\/wp-json\/wp\/v2\/pages\/533\/revisions\/2946"}],"wp:attachment":[{"href":"https:\/\/www.mikatani.com\/boutique\/wp-json\/wp\/v2\/media?parent=533"}],"wp:term":[{"taxonomy":"yst_prominent_words","embeddable":true,"href":"https:\/\/www.mikatani.com\/boutique\/wp-json\/wp\/v2\/yst_prominent_words?post=533"}],"curies":[{"name":"wp","href":"https:\/\/api.w.org\/{rel}","templated":true}]}}