{"id":542,"date":"2016-08-08T19:28:40","date_gmt":"2016-08-08T17:28:40","guid":{"rendered":"https:\/\/www.mikatani.com\/boutique\/lucy-s-drawing\/"},"modified":"2019-06-11T08:45:25","modified_gmt":"2019-06-11T06:45:25","slug":"lucy-s-drawing","status":"publish","type":"page","link":"https:\/\/www.mikatani.com\/boutique\/lucy-s-drawing","title":{"rendered":"Lucy&#8217;s drawing"},"content":{"rendered":"<p><img class=\" size-full wp-image-541\" src=\"https:\/\/www.mikatani.com\/boutique\/wp-content\/uploads\/2016\/08\/Lucys-drawing.jpg\" alt=\"\" width=\"875\" height=\"298\" srcset=\"https:\/\/www.mikatani.com\/boutique\/wp-content\/uploads\/2016\/08\/Lucys-drawing.jpg 1377w, https:\/\/www.mikatani.com\/boutique\/wp-content\/uploads\/2016\/08\/Lucys-drawing-400x136.jpg 400w, https:\/\/www.mikatani.com\/boutique\/wp-content\/uploads\/2016\/08\/Lucys-drawing-250x85.jpg 250w, https:\/\/www.mikatani.com\/boutique\/wp-content\/uploads\/2016\/08\/Lucys-drawing-768x262.jpg 768w, https:\/\/www.mikatani.com\/boutique\/wp-content\/uploads\/2016\/08\/Lucys-drawing-700x238.jpg 700w, https:\/\/www.mikatani.com\/boutique\/wp-content\/uploads\/2016\/08\/Lucys-drawing-120x41.jpg 120w\" sizes=\"(max-width: 875px) 100vw, 875px\" \/><\/p>\n<p><em><\/em><\/p>\n<p>A 13 ans, j&#8217;ai d\u00e9couvert les mangas, idol\u00e2trant mes personnages favoris, j&#8217;ai donc d\u00e9cid\u00e9 d&#8217;essayer de les reproduire gr\u00e2ce \u00e0 des vid\u00e9os et des tutos, et puis ma passion pour les mangas n&#8217;a fait qu\u2019accro\u00eetre et je suis devenue amoureuse de la culture asiatique. Au fur et \u00e0 mesure, que je dessinais mes dessins s&#8217;am\u00e9lioraient, ce qui m&#8217;a donn\u00e9 go\u00fbt \u00e0 exp\u00e9rimenter de nouveaux horizons, tels que le semi-r\u00e9aliste, les animaux, etc \u2026 le 10 octobre 2015, mon grand fr\u00e8re m&#8217;a donn\u00e9e l&#8217;id\u00e9e de cr\u00e9er ma page Facebook, qui regrouperait tous mes projets de dessin, gr\u00e2ce \u00e0 cela j&#8217;ai pu acqu\u00e9rir des avis, et des conseils pr\u00e9cieux de mes abonn\u00e9s, ce qui m&#8217;a permis de m&#8217;am\u00e9liorer.<\/p>\n<p><em><\/em><\/p>\n<p>Je trouve mes inspirations dans mon quotidien, dans les s\u00e9ries, les films, les livres, que je regarde et que je lis. Je suis encore \u00e0 la recherche de mon style graphique d\u00e9finitif, mais j&#8217;adore tout ce qui est manga, et jeux vid\u00e9o alors je pense que mon futur style sera influenc\u00e9 par cela.<\/p>\n<p><em><\/em><\/p>\n<p>Retrouvez Aur\u00e9lie sur\u00a0son site et sa page Facebook.<\/p>\n","protected":false},"excerpt":{"rendered":"<p>A 13 ans, j&#8217;ai d\u00e9couvert les mangas, idol\u00e2trant mes personnages favoris, j&#8217;ai donc d\u00e9cid\u00e9 d&#8217;essayer de les reproduire gr\u00e2ce \u00e0 des vid\u00e9os et des tutos, et puis ma passion pour les mangas n&#8217;a fait qu\u2019accro\u00eetre et je suis devenue amoureuse de la culture asiatique. Au fur et \u00e0 mesure, que je dessinais mes dessins s&#8217;am\u00e9lioraient, ce qui m&#8217;a donn\u00e9 go\u00fbt \u00e0 exp\u00e9rimenter de nouveaux horizons, tels que le semi-r\u00e9aliste, les animaux, etc \u2026 le 10 octobre 2015, mon grand fr\u00e8re m&#8217;a donn\u00e9e l&#8217;id\u00e9e de cr\u00e9er ma page Facebook, qui regrouperait tous mes projets de dessin, gr\u00e2ce \u00e0 cela j&#8217;ai pu acqu\u00e9rir des avis, et des conseils pr\u00e9cieux de mes abonn\u00e9s, ce qui m&#8217;a permis de m&#8217;am\u00e9liorer. Je trouve mes inspirations dans mon quotidien, dans les s\u00e9ries, les films, les livres, que je regarde et que je lis. Je suis encore \u00e0 la recherche de mon style graphique d\u00e9finitif, mais j&#8217;adore tout ce qui est manga, et jeux vid\u00e9o alors je pense que mon futur style sera influenc\u00e9 par cela. Retrouvez Aur\u00e9lie sur\u00a0son site et sa page Facebook.<\/p>\n","protected":false},"author":1,"featured_media":541,"parent":0,"menu_order":35,"comment_status":"closed","ping_status":"closed","template":"","meta":[],"yst_prominent_words":[],"_links":{"self":[{"href":"https:\/\/www.mikatani.com\/boutique\/wp-json\/wp\/v2\/pages\/542"}],"collection":[{"href":"https:\/\/www.mikatani.com\/boutique\/wp-json\/wp\/v2\/pages"}],"about":[{"href":"https:\/\/www.mikatani.com\/boutique\/wp-json\/wp\/v2\/types\/page"}],"author":[{"embeddable":true,"href":"https:\/\/www.mikatani.com\/boutique\/wp-json\/wp\/v2\/users\/1"}],"replies":[{"embeddable":true,"href":"https:\/\/www.mikatani.com\/boutique\/wp-json\/wp\/v2\/comments?post=542"}],"version-history":[{"count":1,"href":"https:\/\/www.mikatani.com\/boutique\/wp-json\/wp\/v2\/pages\/542\/revisions"}],"predecessor-version":[{"id":2899,"href":"https:\/\/www.mikatani.com\/boutique\/wp-json\/wp\/v2\/pages\/542\/revisions\/2899"}],"wp:featuredmedia":[{"embeddable":true,"href":"https:\/\/www.mikatani.com\/boutique\/wp-json\/wp\/v2\/media\/541"}],"wp:attachment":[{"href":"https:\/\/www.mikatani.com\/boutique\/wp-json\/wp\/v2\/media?parent=542"}],"wp:term":[{"taxonomy":"yst_prominent_words","embeddable":true,"href":"https:\/\/www.mikatani.com\/boutique\/wp-json\/wp\/v2\/yst_prominent_words?post=542"}],"curies":[{"name":"wp","href":"https:\/\/api.w.org\/{rel}","templated":true}]}}