{"id":1007,"date":"2017-06-27T10:13:13","date_gmt":"2017-06-27T08:13:13","guid":{"rendered":"https:\/\/www.mikatani.com\/boutique\/produit-japonais\/kimono-japonais-coton-femme\/"},"modified":"2021-01-17T14:40:23","modified_gmt":"2021-01-17T13:40:23","slug":"kimono-japonais-coton-femme","status":"publish","type":"product","link":"https:\/\/www.mikatani.com\/boutique\/kimono\/kimono-japonais-coton-femme","title":{"rendered":"Kimono Japonais en coton pour femme"},"content":{"rendered":"<h2>Nemaki, le Kimono japonais en coton pour femme<\/h2>\n<p>Les v\u00eatements de nuit japonais, parfois appel\u00e9s pyjama japonais, les Kimono Nemaki sont vraiment confortables, g\u00e9n\u00e9ralement disponibles pour les h\u00f4tels au Japon et souvent port\u00e9s apr\u00e8s un bain chaud ou onsen. Le coton du Kimono japonais Nemaki pour femme est enti\u00e8rement doubl\u00e9 et comprend une ceinture assortie ou obi, parfait pour se relaxer \u00e0 la maison ou en vacances ! Veuillez noter que les motifs formes peuvent varier mais restent dans les coloris bleus marines et blancs.<br \/>\nTaille: 145cm de long, une taille coup\u00e9e g\u00e9n\u00e9reusement pour s&#8217;adapter aux femmes mesurant 1,60 m ou plus.<\/p>\n","protected":false},"excerpt":{"rendered":"<p>Fabriqu\u00e9 au Japon, le Kimono japonais Nemaki est un authentique\u00a0<a href=\"https:\/\/www.mikatani.com\/boutique\/kimono\">kimono japonais<\/a> fabriqu\u00e9 \u00e0 partir d&#8217;un coton pur et doux avec un design classique couleur bleu marine et blanc en formes g\u00e9om\u00e9triques.<\/p>\n","protected":false},"featured_media":1005,"comment_status":"open","ping_status":"closed","template":"","meta":[],"product_cat":[171,146,147,150],"product_tag":[],"yst_prominent_words":[413,1080,416,388,480,1851,484],"_links":{"self":[{"href":"https:\/\/www.mikatani.com\/boutique\/wp-json\/wp\/v2\/product\/1007"}],"collection":[{"href":"https:\/\/www.mikatani.com\/boutique\/wp-json\/wp\/v2\/product"}],"about":[{"href":"https:\/\/www.mikatani.com\/boutique\/wp-json\/wp\/v2\/types\/product"}],"replies":[{"embeddable":true,"href":"https:\/\/www.mikatani.com\/boutique\/wp-json\/wp\/v2\/comments?post=1007"}],"version-history":[{"count":1,"href":"https:\/\/www.mikatani.com\/boutique\/wp-json\/wp\/v2\/product\/1007\/revisions"}],"predecessor-version":[{"id":1246208,"href":"https:\/\/www.mikatani.com\/boutique\/wp-json\/wp\/v2\/product\/1007\/revisions\/1246208"}],"wp:featuredmedia":[{"embeddable":true,"href":"https:\/\/www.mikatani.com\/boutique\/wp-json\/wp\/v2\/media\/1005"}],"wp:attachment":[{"href":"https:\/\/www.mikatani.com\/boutique\/wp-json\/wp\/v2\/media?parent=1007"}],"wp:term":[{"taxonomy":"product_cat","embeddable":true,"href":"https:\/\/www.mikatani.com\/boutique\/wp-json\/wp\/v2\/product_cat?post=1007"},{"taxonomy":"product_tag","embeddable":true,"href":"https:\/\/www.mikatani.com\/boutique\/wp-json\/wp\/v2\/product_tag?post=1007"},{"taxonomy":"yst_prominent_words","embeddable":true,"href":"https:\/\/www.mikatani.com\/boutique\/wp-json\/wp\/v2\/yst_prominent_words?post=1007"}],"curies":[{"name":"wp","href":"https:\/\/api.w.org\/{rel}","templated":true}]}}