{"id":1010,"date":"2017-06-27T11:13:55","date_gmt":"2017-06-27T09:13:55","guid":{"rendered":"https:\/\/www.mikatani.com\/boutique\/produit-japonais\/kimono-japonais-coton-homme\/"},"modified":"2020-12-10T21:36:27","modified_gmt":"2020-12-10T20:36:27","slug":"kimono-japonais-coton-homme","status":"publish","type":"product","link":"https:\/\/www.mikatani.com\/boutique\/kimono\/kimono-japonais-coton-homme","title":{"rendered":"Kimono japonais en coton pour homme"},"content":{"rendered":"<h2>Kimono japonais pour homme en coton, Nemaki pour homme<\/h2>\n<p>Parfois appel\u00e9s pyjama japonais, ils sont vraiment confortables, couramment disponibles pour \u00eatre utilis\u00e9s dans des h\u00f4tels au Japon et souvent port\u00e9s apr\u00e8s un bain chaud ou onsen . Le Kimono japonais en coyon Nemaki est enti\u00e8rement doubl\u00e9, il suffit de rabattre le c\u00f4t\u00e9 gauche sur la c\u00f4t\u00e9 droit et de l&#8217;attacher \u00e0 l&#8217;aide de la ceinture ou de l&#8217; obi qui est fournie. Parfait pour les week-end paresseux pass\u00e9s \u00e0 fl\u00e2ner dans la maison ou en vacances! Veuillez noter que les formes g\u00e9om\u00e9triques peuvent varier mais restent dans les coloris bleu marine et blanc.<br \/>\nTaille unique 145cm de long, mais couper g\u00e9n\u00e9reusement pour s&#8217;adapter \u00e0 tout type de corps. Convient parfaitement \u00e0 un homme de 1,65m ou plus.<\/p>\n","protected":false},"excerpt":{"rendered":"<p>Avec son design classique, le Kimono japonais Nemaki en coton est un authentique kimono en coton doux et pure et la meilleure tenue pour une nuit en douceur sous le signe du Japon.<\/p>\n","protected":false},"featured_media":1008,"comment_status":"open","ping_status":"closed","template":"","meta":[],"product_cat":[164,146,147,150],"product_tag":[],"yst_prominent_words":[1444,1589,416,388,480,1851],"_links":{"self":[{"href":"https:\/\/www.mikatani.com\/boutique\/wp-json\/wp\/v2\/product\/1010"}],"collection":[{"href":"https:\/\/www.mikatani.com\/boutique\/wp-json\/wp\/v2\/product"}],"about":[{"href":"https:\/\/www.mikatani.com\/boutique\/wp-json\/wp\/v2\/types\/product"}],"replies":[{"embeddable":true,"href":"https:\/\/www.mikatani.com\/boutique\/wp-json\/wp\/v2\/comments?post=1010"}],"version-history":[{"count":1,"href":"https:\/\/www.mikatani.com\/boutique\/wp-json\/wp\/v2\/product\/1010\/revisions"}],"predecessor-version":[{"id":1246214,"href":"https:\/\/www.mikatani.com\/boutique\/wp-json\/wp\/v2\/product\/1010\/revisions\/1246214"}],"wp:featuredmedia":[{"embeddable":true,"href":"https:\/\/www.mikatani.com\/boutique\/wp-json\/wp\/v2\/media\/1008"}],"wp:attachment":[{"href":"https:\/\/www.mikatani.com\/boutique\/wp-json\/wp\/v2\/media?parent=1010"}],"wp:term":[{"taxonomy":"product_cat","embeddable":true,"href":"https:\/\/www.mikatani.com\/boutique\/wp-json\/wp\/v2\/product_cat?post=1010"},{"taxonomy":"product_tag","embeddable":true,"href":"https:\/\/www.mikatani.com\/boutique\/wp-json\/wp\/v2\/product_tag?post=1010"},{"taxonomy":"yst_prominent_words","embeddable":true,"href":"https:\/\/www.mikatani.com\/boutique\/wp-json\/wp\/v2\/yst_prominent_words?post=1010"}],"curies":[{"name":"wp","href":"https:\/\/api.w.org\/{rel}","templated":true}]}}