{"id":1016,"date":"2017-06-27T21:46:33","date_gmt":"2017-06-27T19:46:33","guid":{"rendered":"https:\/\/www.mikatani.com\/boutique\/produit-japonais\/support-eventail-japonais-bambou\/"},"modified":"2020-10-30T09:52:06","modified_gmt":"2020-10-30T08:52:06","slug":"support-eventail-japonais-bambou","status":"publish","type":"product","link":"https:\/\/www.mikatani.com\/boutique\/produits-traditionnels\/art-japonais\/eventails-japonais\/support-eventail-japonais-bambou","title":{"rendered":"Porte \u00e9ventail japonais en bambou"},"content":{"rendered":"<h2>Support d\u00e9coratif pour \u00e9ventail japonais en bambou<\/h2>\n<p>Fabriqu\u00e9 au Japon et \u00e0 partir d&#8217;un bambou naturel de bonne qualit\u00e9, le support pour \u00e9ventail japonais en bambou\u00a0est le moyen id\u00e9al pour exposer des \u00e9ventails orientaux qui s&#8217;ouvrent jusqu&#8217;\u00e0 environ 30 \u00e0 40 cm de diam\u00e8tre.<\/p>\n<p>Taille: 12 cm x 4 cm<\/p>\n","protected":false},"excerpt":{"rendered":"<p>Exclusif pour la boutique japonaise, le support pour \u00e9ventail japonais en bambou\u00a0est un support de bambou tr\u00e8s simple et attrayant pour exposer un \u00e9ventail\u00a0pliant sur une \u00e9tag\u00e8re, un bureau ou une table.<\/p>\n","protected":false},"featured_media":1014,"comment_status":"open","ping_status":"closed","template":"","meta":[],"product_cat":[179,139],"product_tag":[],"yst_prominent_words":[1807,475,1803,1850,1843,416,1846,1765],"_links":{"self":[{"href":"https:\/\/www.mikatani.com\/boutique\/wp-json\/wp\/v2\/product\/1016"}],"collection":[{"href":"https:\/\/www.mikatani.com\/boutique\/wp-json\/wp\/v2\/product"}],"about":[{"href":"https:\/\/www.mikatani.com\/boutique\/wp-json\/wp\/v2\/types\/product"}],"replies":[{"embeddable":true,"href":"https:\/\/www.mikatani.com\/boutique\/wp-json\/wp\/v2\/comments?post=1016"}],"version-history":[{"count":1,"href":"https:\/\/www.mikatani.com\/boutique\/wp-json\/wp\/v2\/product\/1016\/revisions"}],"predecessor-version":[{"id":1246195,"href":"https:\/\/www.mikatani.com\/boutique\/wp-json\/wp\/v2\/product\/1016\/revisions\/1246195"}],"wp:featuredmedia":[{"embeddable":true,"href":"https:\/\/www.mikatani.com\/boutique\/wp-json\/wp\/v2\/media\/1014"}],"wp:attachment":[{"href":"https:\/\/www.mikatani.com\/boutique\/wp-json\/wp\/v2\/media?parent=1016"}],"wp:term":[{"taxonomy":"product_cat","embeddable":true,"href":"https:\/\/www.mikatani.com\/boutique\/wp-json\/wp\/v2\/product_cat?post=1016"},{"taxonomy":"product_tag","embeddable":true,"href":"https:\/\/www.mikatani.com\/boutique\/wp-json\/wp\/v2\/product_tag?post=1016"},{"taxonomy":"yst_prominent_words","embeddable":true,"href":"https:\/\/www.mikatani.com\/boutique\/wp-json\/wp\/v2\/yst_prominent_words?post=1016"}],"curies":[{"name":"wp","href":"https:\/\/api.w.org\/{rel}","templated":true}]}}