{"id":1024,"date":"2017-06-27T22:00:50","date_gmt":"2017-06-27T20:00:50","guid":{"rendered":"https:\/\/www.mikatani.com\/boutique\/produit-japonais\/chat-porte-bonheur-japonais-blanc-grand-sourire\/"},"modified":"2021-02-18T12:28:33","modified_gmt":"2021-02-18T11:28:33","slug":"chat-porte-bonheur-japonais-blanc-grand-sourire","status":"publish","type":"product","link":"https:\/\/www.mikatani.com\/boutique\/produits-traditionnels\/porte-bonheur-japonais\/chat-japonais-chat-porte-bonheur\/chat-porte-bonheur-japonais-blanc-grand-sourire","title":{"rendered":"Chat porte bonheur japonais blanc grand sourire"},"content":{"rendered":"<p>Magnifique chat porte bonheur japonais blanc avec grand sourire\u00a0en c\u00e9ramique mate<\/p>\n<p>Ce chat japonais tr\u00e8s joyeux a sa patte gauche lev\u00e9e pour vous apporter la r\u00e9ussite dans votre travail ainsi que le bonheur !<\/p>\n<p>Il a des oreilles grises et roses, une cloche d&#8217;or autour de son cou et est livr\u00e9 complet avec un paravent typique japonais et un coussin.<\/p>\n<p>Les caract\u00e8res kanji sur le paravent signifient, <em>la meilleure fa\u00e7on est de rire, sourire apporte le bonheur<\/em>!<\/p>\n<p>Nous pensons que le\u00a0chat porte bonheur japonais blanc avec grand sourire\u00a0en c\u00e9ramique mate\u00a0mettra un sourire sur le visage de tous les amateurs de chat !<\/p>\n<p>Taille: 9 cm de hauteur<\/p>\n","protected":false},"excerpt":{"rendered":"<p>Le chat porte bonheur japonais blanc avec grand sourire en c\u00e9ramique mate\u00a0et \u00e9galement appel\u00e9 &#8220;lucky cat&#8221; mais surtout &#8220;maneki neko&#8221; !<\/p>\n","protected":false},"featured_media":1021,"comment_status":"open","ping_status":"closed","template":"","meta":[],"product_cat":[158,146,152],"product_tag":[],"yst_prominent_words":[1839,456,1847,1837,1855,433,451,450,464,1826,1856,1840,1833,1852,1831,452,469,1829,1841,1835],"_links":{"self":[{"href":"https:\/\/www.mikatani.com\/boutique\/wp-json\/wp\/v2\/product\/1024"}],"collection":[{"href":"https:\/\/www.mikatani.com\/boutique\/wp-json\/wp\/v2\/product"}],"about":[{"href":"https:\/\/www.mikatani.com\/boutique\/wp-json\/wp\/v2\/types\/product"}],"replies":[{"embeddable":true,"href":"https:\/\/www.mikatani.com\/boutique\/wp-json\/wp\/v2\/comments?post=1024"}],"version-history":[{"count":1,"href":"https:\/\/www.mikatani.com\/boutique\/wp-json\/wp\/v2\/product\/1024\/revisions"}],"predecessor-version":[{"id":1246197,"href":"https:\/\/www.mikatani.com\/boutique\/wp-json\/wp\/v2\/product\/1024\/revisions\/1246197"}],"wp:featuredmedia":[{"embeddable":true,"href":"https:\/\/www.mikatani.com\/boutique\/wp-json\/wp\/v2\/media\/1021"}],"wp:attachment":[{"href":"https:\/\/www.mikatani.com\/boutique\/wp-json\/wp\/v2\/media?parent=1024"}],"wp:term":[{"taxonomy":"product_cat","embeddable":true,"href":"https:\/\/www.mikatani.com\/boutique\/wp-json\/wp\/v2\/product_cat?post=1024"},{"taxonomy":"product_tag","embeddable":true,"href":"https:\/\/www.mikatani.com\/boutique\/wp-json\/wp\/v2\/product_tag?post=1024"},{"taxonomy":"yst_prominent_words","embeddable":true,"href":"https:\/\/www.mikatani.com\/boutique\/wp-json\/wp\/v2\/yst_prominent_words?post=1024"}],"curies":[{"name":"wp","href":"https:\/\/api.w.org\/{rel}","templated":true}]}}