{"id":1037,"date":"2017-06-27T23:19:29","date_gmt":"2017-06-27T21:19:29","guid":{"rendered":"https:\/\/www.mikatani.com\/boutique\/produit-japonais\/pochette-japonaise-noire-fleurs\/"},"modified":"2020-12-07T13:51:19","modified_gmt":"2020-12-07T12:51:19","slug":"pochette-japonaise-noire-fleurs","status":"publish","type":"product","link":"https:\/\/www.mikatani.com\/boutique\/mode-vetements\/sacs\/sac-a-mains\/pochette-japonaise-noire-fleurs","title":{"rendered":"Pochette Japonaise noire \u00e0 fleurs"},"content":{"rendered":"<h2>El\u00e9gante pochette japonaise noire \u00e0 fleurs<\/h2>\n<p>Fabriqu\u00e9e au Japon, la pochette japonaise noire \u00e0 fleurs est id\u00e9ale pour les cosm\u00e9tiques et les articles de toilette.<\/p>\n<p>Elle fera un super petit cadeau japonais !<\/p>\n<p>Veuillez noter que les couleurs et les motifs peuvent varier.<\/p>\n<p>Taille: 20cm x 13cm<\/p>\n","protected":false},"excerpt":{"rendered":"<p>La pochette japonaise noire \u00e0 fleurs est un sac de maquillage japonais tr\u00e8s \u00e9l\u00e9gant fabriqu\u00e9 dans un tr\u00e8s beau tissu kimono noir avec une glissi\u00e8re de fermeture \u00e9clair en bambou !<\/p>\n","protected":false},"featured_media":1036,"comment_status":"open","ping_status":"closed","template":"","meta":[],"product_cat":[157,141,146,154],"product_tag":[],"yst_prominent_words":[490,498,1820,1811,1823,1817,1821,1818,1815,1808],"_links":{"self":[{"href":"https:\/\/www.mikatani.com\/boutique\/wp-json\/wp\/v2\/product\/1037"}],"collection":[{"href":"https:\/\/www.mikatani.com\/boutique\/wp-json\/wp\/v2\/product"}],"about":[{"href":"https:\/\/www.mikatani.com\/boutique\/wp-json\/wp\/v2\/types\/product"}],"replies":[{"embeddable":true,"href":"https:\/\/www.mikatani.com\/boutique\/wp-json\/wp\/v2\/comments?post=1037"}],"version-history":[{"count":0,"href":"https:\/\/www.mikatani.com\/boutique\/wp-json\/wp\/v2\/product\/1037\/revisions"}],"wp:featuredmedia":[{"embeddable":true,"href":"https:\/\/www.mikatani.com\/boutique\/wp-json\/wp\/v2\/media\/1036"}],"wp:attachment":[{"href":"https:\/\/www.mikatani.com\/boutique\/wp-json\/wp\/v2\/media?parent=1037"}],"wp:term":[{"taxonomy":"product_cat","embeddable":true,"href":"https:\/\/www.mikatani.com\/boutique\/wp-json\/wp\/v2\/product_cat?post=1037"},{"taxonomy":"product_tag","embeddable":true,"href":"https:\/\/www.mikatani.com\/boutique\/wp-json\/wp\/v2\/product_tag?post=1037"},{"taxonomy":"yst_prominent_words","embeddable":true,"href":"https:\/\/www.mikatani.com\/boutique\/wp-json\/wp\/v2\/yst_prominent_words?post=1037"}],"curies":[{"name":"wp","href":"https:\/\/api.w.org\/{rel}","templated":true}]}}