{"id":1040,"date":"2017-06-27T23:27:04","date_gmt":"2017-06-27T21:27:04","guid":{"rendered":"https:\/\/www.mikatani.com\/boutique\/produit-japonais\/bol-japonais-laque-noir-soupe-miso\/"},"modified":"2020-11-22T18:54:27","modified_gmt":"2020-11-22T17:54:27","slug":"bol-japonais-laque-noir-soupe-miso","status":"publish","type":"product","link":"https:\/\/www.mikatani.com\/boutique\/produits-traditionnels\/ustensiles-cuisine-vaisselle-japonaise\/bols-japonais\/bol-japonais-laque-noir-soupe-miso","title":{"rendered":"Bol japonais laqu\u00e9 noir soupe Miso"},"content":{"rendered":"<p>Fabriqu\u00e9 au Japon, ces bols japonais traditionnels vernis en plastique sont g\u00e9n\u00e9ralement utilis\u00e9s pour la soupe miso, qui est un plat de base d\u00e9licieux et tr\u00e8s sain dans le r\u00e9gime japonais. La laque japonaise utilis\u00e9e pour le bol japonais laqu\u00e9 noir soupe Miso est fortement appr\u00e9ci\u00e9e parce qu&#8217;elle contient une grande proportion de s\u00e8ve urushi qui donne \u00e0 la laque japonaise toutes ses qualit\u00e9s convoit\u00e9es.<\/p>\n<p>Taille: 200 ml, 12 cm de diam\u00e8tre x 6 cm de profondeur<\/p>\n","protected":false},"excerpt":{"rendered":"<p>Le bol japonais laqu\u00e9 noir soupe Miso est un bol en laque haute brillance, noir \u00e0 l&#8217;ext\u00e9rieur et d&#8217;un rouge \u00e9clatant \u00e0 l&#8217;int\u00e9rieur.<\/p>\n","protected":false},"featured_media":1038,"comment_status":"open","ping_status":"closed","template":"","meta":[],"product_cat":[169,137,146],"product_tag":[],"yst_prominent_words":[475,416,498,1813,1804,1814,1812,1805],"_links":{"self":[{"href":"https:\/\/www.mikatani.com\/boutique\/wp-json\/wp\/v2\/product\/1040"}],"collection":[{"href":"https:\/\/www.mikatani.com\/boutique\/wp-json\/wp\/v2\/product"}],"about":[{"href":"https:\/\/www.mikatani.com\/boutique\/wp-json\/wp\/v2\/types\/product"}],"replies":[{"embeddable":true,"href":"https:\/\/www.mikatani.com\/boutique\/wp-json\/wp\/v2\/comments?post=1040"}],"version-history":[{"count":1,"href":"https:\/\/www.mikatani.com\/boutique\/wp-json\/wp\/v2\/product\/1040\/revisions"}],"predecessor-version":[{"id":1246201,"href":"https:\/\/www.mikatani.com\/boutique\/wp-json\/wp\/v2\/product\/1040\/revisions\/1246201"}],"wp:featuredmedia":[{"embeddable":true,"href":"https:\/\/www.mikatani.com\/boutique\/wp-json\/wp\/v2\/media\/1038"}],"wp:attachment":[{"href":"https:\/\/www.mikatani.com\/boutique\/wp-json\/wp\/v2\/media?parent=1040"}],"wp:term":[{"taxonomy":"product_cat","embeddable":true,"href":"https:\/\/www.mikatani.com\/boutique\/wp-json\/wp\/v2\/product_cat?post=1040"},{"taxonomy":"product_tag","embeddable":true,"href":"https:\/\/www.mikatani.com\/boutique\/wp-json\/wp\/v2\/product_tag?post=1040"},{"taxonomy":"yst_prominent_words","embeddable":true,"href":"https:\/\/www.mikatani.com\/boutique\/wp-json\/wp\/v2\/yst_prominent_words?post=1040"}],"curies":[{"name":"wp","href":"https:\/\/api.w.org\/{rel}","templated":true}]}}