{"id":1065,"date":"2017-06-28T15:24:59","date_gmt":"2017-06-28T13:24:59","guid":{"rendered":"https:\/\/www.mikatani.com\/boutique\/produit-japonais\/boite-papier-washi-origami\/"},"modified":"2020-07-16T15:13:51","modified_gmt":"2020-07-16T13:13:51","slug":"boite-papier-washi-origami","status":"publish","type":"product","link":"https:\/\/www.mikatani.com\/boutique\/produits-traditionnels\/papeterie-kawaii\/papier-origami\/boite-papier-washi-origami","title":{"rendered":"Bo\u00eete de papier Washi Origami"},"content":{"rendered":"<p>Washi vient de wa signifiant japonais et shi signifiant papier, et le terme est utilis\u00e9 pour d\u00e9crire un papier en fibre longue fabriqu\u00e9 \u00e0 la main de mani\u00e8re traditionnelle, ce qui le rend id\u00e9al pour l&#8217;origami. La bo\u00eete de papier Washi Origami est l&#8217;un de nos produits les plus vendus et un cadeau parfait pour tous les amateurs d&#8217;origami !<\/p>\n<p>Papier: 5,7 x 5,7 cm<\/p>\n<p>Bo\u00eete: 6,5 cm (L) x 6,5 cm (l) x 5,5 cm (H)<\/p>\n","protected":false},"excerpt":{"rendered":"<p>La bo\u00eete de papier Washi Origami contient environ 200 carr\u00e9s de papier d&#8217;origami japonais authentique avec une grande vari\u00e9t\u00e9 de belles couleurs et des motifs d&#8217;un c\u00f4t\u00e9.<\/p>\n","protected":false},"featured_media":1063,"comment_status":"open","ping_status":"closed","template":"","meta":[],"product_cat":[159,142],"product_tag":[],"yst_prominent_words":[],"_links":{"self":[{"href":"https:\/\/www.mikatani.com\/boutique\/wp-json\/wp\/v2\/product\/1065"}],"collection":[{"href":"https:\/\/www.mikatani.com\/boutique\/wp-json\/wp\/v2\/product"}],"about":[{"href":"https:\/\/www.mikatani.com\/boutique\/wp-json\/wp\/v2\/types\/product"}],"replies":[{"embeddable":true,"href":"https:\/\/www.mikatani.com\/boutique\/wp-json\/wp\/v2\/comments?post=1065"}],"version-history":[{"count":1,"href":"https:\/\/www.mikatani.com\/boutique\/wp-json\/wp\/v2\/product\/1065\/revisions"}],"predecessor-version":[{"id":551392,"href":"https:\/\/www.mikatani.com\/boutique\/wp-json\/wp\/v2\/product\/1065\/revisions\/551392"}],"wp:featuredmedia":[{"embeddable":true,"href":"https:\/\/www.mikatani.com\/boutique\/wp-json\/wp\/v2\/media\/1063"}],"wp:attachment":[{"href":"https:\/\/www.mikatani.com\/boutique\/wp-json\/wp\/v2\/media?parent=1065"}],"wp:term":[{"taxonomy":"product_cat","embeddable":true,"href":"https:\/\/www.mikatani.com\/boutique\/wp-json\/wp\/v2\/product_cat?post=1065"},{"taxonomy":"product_tag","embeddable":true,"href":"https:\/\/www.mikatani.com\/boutique\/wp-json\/wp\/v2\/product_tag?post=1065"},{"taxonomy":"yst_prominent_words","embeddable":true,"href":"https:\/\/www.mikatani.com\/boutique\/wp-json\/wp\/v2\/yst_prominent_words?post=1065"}],"curies":[{"name":"wp","href":"https:\/\/api.w.org\/{rel}","templated":true}]}}