{"id":1078,"date":"2017-06-29T16:11:34","date_gmt":"2017-06-29T14:11:34","guid":{"rendered":"https:\/\/www.mikatani.com\/boutique\/produit-japonais\/miroir-poche-japonais-laque-papillons\/"},"modified":"2020-12-30T19:16:41","modified_gmt":"2020-12-30T18:16:41","slug":"miroir-poche-japonais-laque-papillons","status":"publish","type":"product","link":"https:\/\/www.mikatani.com\/boutique\/mode-vetements\/bijoux-kawaii\/miroir-poche-japonais-laque-papillons","title":{"rendered":"Miroir de poche japonais laqu\u00e9 avec papillons"},"content":{"rendered":"<h2>El\u00e9gant miroir de poche Japonais avec illustrations de papillons<\/h2>\n<p>Il pr\u00e9sente une d\u00e9licate illustration de papillon et un design floral original. Il poss\u00e8de un fermoir pratique et r\u00e9sistant et s&#8217;ouvre pour r\u00e9v\u00e9ler 2 miroirs \u00e0 l&#8217;int\u00e9rieur. Le miroir de poche japonais Papillon laqu\u00e9\u00a0 s&#8217;adapte \u00e0 n&#8217;importe quel sac \u00e0 main et serait un\u00a0<a href=\"https:\/\/www.mikatani.com\/32-cadeau-japonais\">authentique cadeau japonais<\/a> id\u00e9al pour une femme ! Pensez aux anniversaires ou \u00e0 la f\u00eate des m\u00e8res \ud83d\ude09<\/p>\n<p>Taille : 7 x 7cm<\/p>\n","protected":false},"excerpt":{"rendered":"<p>Le miroir de poche japonais Papillon laqu\u00e9 est un magnifique miroir compacte noir et \u00e9l\u00e9gant.<\/p>\n","protected":false},"featured_media":1075,"comment_status":"open","ping_status":"closed","template":"","meta":[],"product_cat":[141,146,147,151],"product_tag":[],"yst_prominent_words":[416,1796,1790,1788,1794,1031,1793],"_links":{"self":[{"href":"https:\/\/www.mikatani.com\/boutique\/wp-json\/wp\/v2\/product\/1078"}],"collection":[{"href":"https:\/\/www.mikatani.com\/boutique\/wp-json\/wp\/v2\/product"}],"about":[{"href":"https:\/\/www.mikatani.com\/boutique\/wp-json\/wp\/v2\/types\/product"}],"replies":[{"embeddable":true,"href":"https:\/\/www.mikatani.com\/boutique\/wp-json\/wp\/v2\/comments?post=1078"}],"version-history":[{"count":1,"href":"https:\/\/www.mikatani.com\/boutique\/wp-json\/wp\/v2\/product\/1078\/revisions"}],"predecessor-version":[{"id":219861,"href":"https:\/\/www.mikatani.com\/boutique\/wp-json\/wp\/v2\/product\/1078\/revisions\/219861"}],"wp:featuredmedia":[{"embeddable":true,"href":"https:\/\/www.mikatani.com\/boutique\/wp-json\/wp\/v2\/media\/1075"}],"wp:attachment":[{"href":"https:\/\/www.mikatani.com\/boutique\/wp-json\/wp\/v2\/media?parent=1078"}],"wp:term":[{"taxonomy":"product_cat","embeddable":true,"href":"https:\/\/www.mikatani.com\/boutique\/wp-json\/wp\/v2\/product_cat?post=1078"},{"taxonomy":"product_tag","embeddable":true,"href":"https:\/\/www.mikatani.com\/boutique\/wp-json\/wp\/v2\/product_tag?post=1078"},{"taxonomy":"yst_prominent_words","embeddable":true,"href":"https:\/\/www.mikatani.com\/boutique\/wp-json\/wp\/v2\/yst_prominent_words?post=1078"}],"curies":[{"name":"wp","href":"https:\/\/api.w.org\/{rel}","templated":true}]}}