{"id":1081,"date":"2017-07-02T09:35:36","date_gmt":"2017-07-02T07:35:36","guid":{"rendered":"https:\/\/www.mikatani.com\/boutique\/produit-japonais\/chats-amoureurs-illustration-japonaise\/"},"modified":"2020-09-22T20:33:14","modified_gmt":"2020-09-22T18:33:14","slug":"chats-amoureurs-illustration-japonaise","status":"publish","type":"product","link":"https:\/\/www.mikatani.com\/boutique\/produits-traditionnels\/art-japonais\/chats-amoureurs-illustration-japonaise","title":{"rendered":"Les chats amoureux : illustration Japonaise A5 encadr\u00e9e"},"content":{"rendered":"<h2>Illustration de chats amoureux par un calligraphe Japonais<\/h2>\n<p>Cette illustration typiquement Japonaise de l&#8217;artiste calligraphe japonais tr\u00e8s respect\u00e9, Saren Nagata, comporte deux chats noirs tr\u00e8s mignons qui se regardent de mani\u00e8re amoureuse ! Cette illustration Japonaise est un excellent authentique cadeau japonais pour les amateurs de chat ou \u00e0 offrir \u00e0 un couple que ce soit pour un mariage ou pour leur porter bonheur et long\u00e9vit\u00e9 dans leur vie de couple.<\/p>\n<p>Taille : A5 (20.5 x 15.5cm)<\/p>\n","protected":false},"excerpt":{"rendered":"<p>Les chats amoureux format A5 est une belle illustration japonaise avec un support blanc et un cadre noir \u00e9l\u00e9gant.<\/p>\n","protected":false},"featured_media":1079,"comment_status":"open","ping_status":"closed","template":"","meta":[],"product_cat":[158,168,139,146,147],"product_tag":[],"yst_prominent_words":[497,494,496,499,495,416,498],"_links":{"self":[{"href":"https:\/\/www.mikatani.com\/boutique\/wp-json\/wp\/v2\/product\/1081"}],"collection":[{"href":"https:\/\/www.mikatani.com\/boutique\/wp-json\/wp\/v2\/product"}],"about":[{"href":"https:\/\/www.mikatani.com\/boutique\/wp-json\/wp\/v2\/types\/product"}],"replies":[{"embeddable":true,"href":"https:\/\/www.mikatani.com\/boutique\/wp-json\/wp\/v2\/comments?post=1081"}],"version-history":[{"count":1,"href":"https:\/\/www.mikatani.com\/boutique\/wp-json\/wp\/v2\/product\/1081\/revisions"}],"predecessor-version":[{"id":1246203,"href":"https:\/\/www.mikatani.com\/boutique\/wp-json\/wp\/v2\/product\/1081\/revisions\/1246203"}],"wp:featuredmedia":[{"embeddable":true,"href":"https:\/\/www.mikatani.com\/boutique\/wp-json\/wp\/v2\/media\/1079"}],"wp:attachment":[{"href":"https:\/\/www.mikatani.com\/boutique\/wp-json\/wp\/v2\/media?parent=1081"}],"wp:term":[{"taxonomy":"product_cat","embeddable":true,"href":"https:\/\/www.mikatani.com\/boutique\/wp-json\/wp\/v2\/product_cat?post=1081"},{"taxonomy":"product_tag","embeddable":true,"href":"https:\/\/www.mikatani.com\/boutique\/wp-json\/wp\/v2\/product_tag?post=1081"},{"taxonomy":"yst_prominent_words","embeddable":true,"href":"https:\/\/www.mikatani.com\/boutique\/wp-json\/wp\/v2\/yst_prominent_words?post=1081"}],"curies":[{"name":"wp","href":"https:\/\/api.w.org\/{rel}","templated":true}]}}