{"id":1086,"date":"2017-07-02T09:55:12","date_gmt":"2017-07-02T07:55:12","guid":{"rendered":"https:\/\/www.mikatani.com\/boutique\/produit-japonais\/boite-artisanale-papeterie-japonaise-bois-cerisier\/"},"modified":"2025-09-25T01:38:37","modified_gmt":"2025-09-24T23:38:37","slug":"boite-artisanale-papeterie-japonaise-bois-cerisier","status":"publish","type":"product","link":"https:\/\/www.mikatani.com\/boutique\/produits-traditionnels\/papeterie-kawaii\/boite-artisanale-papeterie-japonaise-bois-cerisier","title":{"rendered":"Bo\u00eete artisanale de papeterie japonaise en bois de cerisier"},"content":{"rendered":"<p>L&#8217;artisanat de Kabazaiku est florissant depuis plus de 230 ans. Kaba signifie \u00e9corce de l&#8217;arbre de Yamazakura, ce qui rend le travail compl\u00e8tement unique, et Zaiku signifie artisanat. Cet artisanat japonais unique et traditionnel produit une gamme \u00e9tonnante de produits qui ont une couleur tr\u00e8s profonde, un brillant, une douceur, une r\u00e9sistance et une \u00e9tanch\u00e9it\u00e9. Nous recommandons la bo\u00eete artisanale de papeterie japonaise en bois de cerisier pour les gens qui appr\u00e9cient vraiment l&#8217;artisanat traditionnel japonais de bonne qualit\u00e9!<\/p>\n<p>Taille: 25.5 cm de long x 17 cm large x 5 cm de haut<\/p>\n","protected":false},"excerpt":{"rendered":"<p>La bo\u00eete artisanale de papeterie japonaise en bois de cerisier est une jolie bo\u00eete cadeau japonaise qui a \u00e9t\u00e9 fabriqu\u00e9e \u00e0 partir d&#8217;\u00e9corces de cerisiers sauvages.<\/p>\n","protected":false},"featured_media":1082,"comment_status":"open","ping_status":"closed","template":"","meta":[],"product_cat":[142,146],"product_tag":[],"yst_prominent_words":[1792,475,416,1789,1237,781,1708],"_links":{"self":[{"href":"https:\/\/www.mikatani.com\/boutique\/wp-json\/wp\/v2\/product\/1086"}],"collection":[{"href":"https:\/\/www.mikatani.com\/boutique\/wp-json\/wp\/v2\/product"}],"about":[{"href":"https:\/\/www.mikatani.com\/boutique\/wp-json\/wp\/v2\/types\/product"}],"replies":[{"embeddable":true,"href":"https:\/\/www.mikatani.com\/boutique\/wp-json\/wp\/v2\/comments?post=1086"}],"version-history":[{"count":1,"href":"https:\/\/www.mikatani.com\/boutique\/wp-json\/wp\/v2\/product\/1086\/revisions"}],"predecessor-version":[{"id":428505,"href":"https:\/\/www.mikatani.com\/boutique\/wp-json\/wp\/v2\/product\/1086\/revisions\/428505"}],"wp:featuredmedia":[{"embeddable":true,"href":"https:\/\/www.mikatani.com\/boutique\/wp-json\/wp\/v2\/media\/1082"}],"wp:attachment":[{"href":"https:\/\/www.mikatani.com\/boutique\/wp-json\/wp\/v2\/media?parent=1086"}],"wp:term":[{"taxonomy":"product_cat","embeddable":true,"href":"https:\/\/www.mikatani.com\/boutique\/wp-json\/wp\/v2\/product_cat?post=1086"},{"taxonomy":"product_tag","embeddable":true,"href":"https:\/\/www.mikatani.com\/boutique\/wp-json\/wp\/v2\/product_tag?post=1086"},{"taxonomy":"yst_prominent_words","embeddable":true,"href":"https:\/\/www.mikatani.com\/boutique\/wp-json\/wp\/v2\/yst_prominent_words?post=1086"}],"curies":[{"name":"wp","href":"https:\/\/api.w.org\/{rel}","templated":true}]}}