{"id":1089,"date":"2017-07-02T11:08:00","date_gmt":"2017-07-02T09:08:00","guid":{"rendered":"https:\/\/www.mikatani.com\/boutique\/produit-japonais\/ensemble-encens-japonais-fleurs-cerisiers-support\/"},"modified":"2021-01-20T12:58:26","modified_gmt":"2021-01-20T11:58:26","slug":"ensemble-encens-japonais-fleurs-cerisiers-support","status":"publish","type":"product","link":"https:\/\/www.mikatani.com\/boutique\/produits-traditionnels\/encens\/ensemble-encens-japonais-fleurs-cerisiers-support","title":{"rendered":"Ensemble encens japonais fleurs de cerisiers avec porte encens"},"content":{"rendered":"<p>Les b\u00e2tons rose clair sont un m\u00e9lange d\u00e9licat \u00e0 base de fruits de p\u00eache, de framboise et de jasmin, et les roses plus fonc\u00e9es du lis de la vall\u00e9e et de la bergamote. Chaque paquet contient des b\u00e2tons d&#8217;encens organiques de 15 x 7 cm qui prennent 15 \u00e0 17 minutes pour br\u00fbler. L&#8217;ensemble d&#8217;encens japonais fleurs de cerisiers avec support est livr\u00e9 complet avec une bo\u00eete cadeau en bois de balsa \u00e9l\u00e9gante et serait id\u00e9al pour ceux qui appr\u00e9cient l&#8217;encens japonais de bonne qualit\u00e9.<\/p>\n<p>Taille de la bo\u00eete cadeau: 14 cm x 6.5 cm x 2 cm<\/p>\n","protected":false},"excerpt":{"rendered":"<p>L&#8217;ensemble d&#8217;encens japonais fleurs de cerisiers comprend un porte encens en forme de fleur de cerisier en c\u00e9ramique rose et deux paquets d&#8217;encens.<\/p>\n","protected":false},"featured_media":1087,"comment_status":"open","ping_status":"closed","template":"","meta":[],"product_cat":[135,146],"product_tag":[],"yst_prominent_words":[],"_links":{"self":[{"href":"https:\/\/www.mikatani.com\/boutique\/wp-json\/wp\/v2\/product\/1089"}],"collection":[{"href":"https:\/\/www.mikatani.com\/boutique\/wp-json\/wp\/v2\/product"}],"about":[{"href":"https:\/\/www.mikatani.com\/boutique\/wp-json\/wp\/v2\/types\/product"}],"replies":[{"embeddable":true,"href":"https:\/\/www.mikatani.com\/boutique\/wp-json\/wp\/v2\/comments?post=1089"}],"version-history":[{"count":0,"href":"https:\/\/www.mikatani.com\/boutique\/wp-json\/wp\/v2\/product\/1089\/revisions"}],"wp:featuredmedia":[{"embeddable":true,"href":"https:\/\/www.mikatani.com\/boutique\/wp-json\/wp\/v2\/media\/1087"}],"wp:attachment":[{"href":"https:\/\/www.mikatani.com\/boutique\/wp-json\/wp\/v2\/media?parent=1089"}],"wp:term":[{"taxonomy":"product_cat","embeddable":true,"href":"https:\/\/www.mikatani.com\/boutique\/wp-json\/wp\/v2\/product_cat?post=1089"},{"taxonomy":"product_tag","embeddable":true,"href":"https:\/\/www.mikatani.com\/boutique\/wp-json\/wp\/v2\/product_tag?post=1089"},{"taxonomy":"yst_prominent_words","embeddable":true,"href":"https:\/\/www.mikatani.com\/boutique\/wp-json\/wp\/v2\/yst_prominent_words?post=1089"}],"curies":[{"name":"wp","href":"https:\/\/api.w.org\/{rel}","templated":true}]}}