{"id":1101,"date":"2017-07-02T11:12:28","date_gmt":"2017-07-02T09:12:28","guid":{"rendered":"https:\/\/www.mikatani.com\/boutique\/produit-japonais\/kimono-yukata-long-bleu-marine-fleurs-cerisiers\/"},"modified":"2021-03-12T18:22:33","modified_gmt":"2021-03-12T17:22:33","slug":"kimono-yukata-long-bleu-marine-fleurs-cerisiers","status":"publish","type":"product","link":"https:\/\/www.mikatani.com\/boutique\/kimono\/yukata\/kimono-yukata-long-bleu-marine-fleurs-cerisiers","title":{"rendered":"Kimono Yukata long bleu marine fleurs de cerisiers"},"content":{"rendered":"<p>Dot\u00e9 d&#8217;un tr\u00e8s joli motif de fleurs de cerisier, ce magnifique yukata, ou kimono japonais l\u00e9ger, est vraiment confortable \u00e0 porter et un cadeau id\u00e9al pour un \u00eatre cher ou simplement pour vous faire plaisir.\u00a0Le Kimono Yukata long bleu marine avec fleurs de cerisiers a \u00e9t\u00e9 fabriqu\u00e9 au Japon et con\u00e7u dans le style japonais traditionnel avec les manches compl\u00e8tement d\u00e9coup\u00e9es. Il est port\u00e9 \u00e0 gauche ou \u00e0 droite et attach\u00e9 \u00e0 l&#8217;avant ou \u00e0 l&#8217;arri\u00e8re, en utilisant la ceinture correspondante incluse.<\/p>\n<p>Taille: 140 cm de long, id\u00e9al pour les femmes du plus d&#8217;1m60.<\/p>\n<h2>Photos HD du Kimono femme long bleu marine fleurs de cerisiers<\/h2>\n<p><a href=\"https:\/\/www.mikatani.com\/boutique\/wp-content\/uploads\/2017\/07\/Kimono-long-bleu-marine-fleurs-cerisiers-4.jpg\" target=\"_blank\" rel=\"noopener noreferrer\"><img class=\" size-full wp-image-1094\" src=\"https:\/\/www.mikatani.com\/boutique\/wp-content\/uploads\/2017\/07\/Kimono-long-bleu-marine-fleurs-cerisiers-4-Kimono-long-bleu-fleurs.jpg\" alt=\"Kimono long bleu fleurs\" width=\"300\" height=\"300\" srcset=\"https:\/\/www.mikatani.com\/boutique\/wp-content\/uploads\/2017\/07\/Kimono-long-bleu-marine-fleurs-cerisiers-4-Kimono-long-bleu-fleurs.jpg 300w, https:\/\/www.mikatani.com\/boutique\/wp-content\/uploads\/2017\/07\/Kimono-long-bleu-marine-fleurs-cerisiers-4-Kimono-long-bleu-fleurs-150x150.jpg 150w, https:\/\/www.mikatani.com\/boutique\/wp-content\/uploads\/2017\/07\/Kimono-long-bleu-marine-fleurs-cerisiers-4-Kimono-long-bleu-fleurs-75x75.jpg 75w, https:\/\/www.mikatani.com\/boutique\/wp-content\/uploads\/2017\/07\/Kimono-long-bleu-marine-fleurs-cerisiers-4-Kimono-long-bleu-fleurs-100x100.jpg 100w\" sizes=\"(max-width: 300px) 100vw, 300px\" \/><\/a><\/p>\n<p><a href=\"https:\/\/www.mikatani.com\/boutique\/wp-content\/uploads\/2017\/07\/Kimono-long-bleu-marine-fleurs-cerisiers-3.jpg\" target=\"_blank\" rel=\"noopener noreferrer\"><img class=\" size-full wp-image-1096\" src=\"https:\/\/www.mikatani.com\/boutique\/wp-content\/uploads\/2017\/07\/Kimono-long-bleu-marine-fleurs-cerisiers-3-Kimono-long-bleu-a-fleurs.jpg\" alt=\"Kimono long bleu \u00e0 fleurs\" width=\"300\" height=\"300\" srcset=\"https:\/\/www.mikatani.com\/boutique\/wp-content\/uploads\/2017\/07\/Kimono-long-bleu-marine-fleurs-cerisiers-3-Kimono-long-bleu-a-fleurs.jpg 300w, https:\/\/www.mikatani.com\/boutique\/wp-content\/uploads\/2017\/07\/Kimono-long-bleu-marine-fleurs-cerisiers-3-Kimono-long-bleu-a-fleurs-150x150.jpg 150w, https:\/\/www.mikatani.com\/boutique\/wp-content\/uploads\/2017\/07\/Kimono-long-bleu-marine-fleurs-cerisiers-3-Kimono-long-bleu-a-fleurs-75x75.jpg 75w, https:\/\/www.mikatani.com\/boutique\/wp-content\/uploads\/2017\/07\/Kimono-long-bleu-marine-fleurs-cerisiers-3-Kimono-long-bleu-a-fleurs-100x100.jpg 100w\" sizes=\"(max-width: 300px) 100vw, 300px\" \/><\/a><\/p>\n<p><a href=\"https:\/\/www.mikatani.com\/boutique\/wp-content\/uploads\/2017\/07\/Kimono-long-bleu-marine-fleurs-cerisiers-2.jpg\" target=\"_blank\" rel=\"noopener noreferrer\"><img class=\" size-full wp-image-1098\" src=\"https:\/\/www.mikatani.com\/boutique\/wp-content\/uploads\/2017\/07\/Kimono-long-bleu-marine-fleurs-cerisiers-2-Kimono-long-bleu-fleurs-motifs.jpg\" alt=\"Kimono long bleu fleurs motifs\" width=\"300\" height=\"300\" srcset=\"https:\/\/www.mikatani.com\/boutique\/wp-content\/uploads\/2017\/07\/Kimono-long-bleu-marine-fleurs-cerisiers-2-Kimono-long-bleu-fleurs-motifs.jpg 300w, https:\/\/www.mikatani.com\/boutique\/wp-content\/uploads\/2017\/07\/Kimono-long-bleu-marine-fleurs-cerisiers-2-Kimono-long-bleu-fleurs-motifs-150x150.jpg 150w, https:\/\/www.mikatani.com\/boutique\/wp-content\/uploads\/2017\/07\/Kimono-long-bleu-marine-fleurs-cerisiers-2-Kimono-long-bleu-fleurs-motifs-75x75.jpg 75w, https:\/\/www.mikatani.com\/boutique\/wp-content\/uploads\/2017\/07\/Kimono-long-bleu-marine-fleurs-cerisiers-2-Kimono-long-bleu-fleurs-motifs-100x100.jpg 100w\" sizes=\"(max-width: 300px) 100vw, 300px\" \/><\/a><\/p>\n<p><a href=\"https:\/\/www.mikatani.com\/boutique\/wp-content\/uploads\/2017\/07\/Kimono-long-bleu-marine-fleurs-cerisiers.jpg\" target=\"_blank\" rel=\"noopener noreferrer\"><img class=\" size-full wp-image-1100\" src=\"https:\/\/www.mikatani.com\/boutique\/wp-content\/uploads\/2017\/07\/Kimono-long-bleu-marine-fleurs-cerisiers-Kimono-long-bleu-fleurs-motifs.jpg\" alt=\"Kimono long bleu fleurs motifs\" width=\"300\" height=\"300\" srcset=\"https:\/\/www.mikatani.com\/boutique\/wp-content\/uploads\/2017\/07\/Kimono-long-bleu-marine-fleurs-cerisiers-Kimono-long-bleu-fleurs-motifs.jpg 300w, https:\/\/www.mikatani.com\/boutique\/wp-content\/uploads\/2017\/07\/Kimono-long-bleu-marine-fleurs-cerisiers-Kimono-long-bleu-fleurs-motifs-150x150.jpg 150w, https:\/\/www.mikatani.com\/boutique\/wp-content\/uploads\/2017\/07\/Kimono-long-bleu-marine-fleurs-cerisiers-Kimono-long-bleu-fleurs-motifs-75x75.jpg 75w, https:\/\/www.mikatani.com\/boutique\/wp-content\/uploads\/2017\/07\/Kimono-long-bleu-marine-fleurs-cerisiers-Kimono-long-bleu-fleurs-motifs-100x100.jpg 100w\" sizes=\"(max-width: 300px) 100vw, 300px\" \/><\/a><\/p>\n","protected":false},"excerpt":{"rendered":"<p>Le Kimono Yukata long bleu marine avec fleurs de cerisiers est un authentique Kimono Yukata japonais long en coton, parfait pour se d\u00e9tendre \u00e0 la maison ou en vacances.<\/p>\n","protected":false},"featured_media":1090,"comment_status":"open","ping_status":"closed","template":"","meta":[],"product_cat":[171,183,146,147,186,150],"product_tag":[],"yst_prominent_words":[1624,1791,1799,490,1567,1613,416,388,1798,414],"_links":{"self":[{"href":"https:\/\/www.mikatani.com\/boutique\/wp-json\/wp\/v2\/product\/1101"}],"collection":[{"href":"https:\/\/www.mikatani.com\/boutique\/wp-json\/wp\/v2\/product"}],"about":[{"href":"https:\/\/www.mikatani.com\/boutique\/wp-json\/wp\/v2\/types\/product"}],"replies":[{"embeddable":true,"href":"https:\/\/www.mikatani.com\/boutique\/wp-json\/wp\/v2\/comments?post=1101"}],"version-history":[{"count":1,"href":"https:\/\/www.mikatani.com\/boutique\/wp-json\/wp\/v2\/product\/1101\/revisions"}],"predecessor-version":[{"id":219816,"href":"https:\/\/www.mikatani.com\/boutique\/wp-json\/wp\/v2\/product\/1101\/revisions\/219816"}],"wp:featuredmedia":[{"embeddable":true,"href":"https:\/\/www.mikatani.com\/boutique\/wp-json\/wp\/v2\/media\/1090"}],"wp:attachment":[{"href":"https:\/\/www.mikatani.com\/boutique\/wp-json\/wp\/v2\/media?parent=1101"}],"wp:term":[{"taxonomy":"product_cat","embeddable":true,"href":"https:\/\/www.mikatani.com\/boutique\/wp-json\/wp\/v2\/product_cat?post=1101"},{"taxonomy":"product_tag","embeddable":true,"href":"https:\/\/www.mikatani.com\/boutique\/wp-json\/wp\/v2\/product_tag?post=1101"},{"taxonomy":"yst_prominent_words","embeddable":true,"href":"https:\/\/www.mikatani.com\/boutique\/wp-json\/wp\/v2\/yst_prominent_words?post=1101"}],"curies":[{"name":"wp","href":"https:\/\/api.w.org\/{rel}","templated":true}]}}