{"id":1110,"date":"2017-07-02T11:45:30","date_gmt":"2017-07-02T09:45:30","guid":{"rendered":"https:\/\/www.mikatani.com\/boutique\/produit-japonais\/15-encens-bio-brume-soir\/"},"modified":"2020-01-08T11:35:43","modified_gmt":"2020-01-08T10:35:43","slug":"15-encens-bio-brume-soir","status":"publish","type":"product","link":"https:\/\/www.mikatani.com\/boutique\/produits-traditionnels\/encens\/15-encens-bio-brume-soir","title":{"rendered":"15 encens bio brume du soir"},"content":{"rendered":"<p>Il contient des b\u00e2tonnets d&#8217;encens de 15 x 7 cm qui prennent 15 \u00e0 17 minutes pour br\u00fbler et est emball\u00e9 dans un pack de pr\u00e9sentation tr\u00e8s \u00e9l\u00e9gant. L\u2019<a href=\"https:\/\/www.mikatani.com\/36-encens\">encens japonais<\/a> brume du soir en 15 b\u00e2tonnets serait un <a href=\"https:\/\/www.mikatani.com\/32-cadeau-japonais\">cadeau<\/a> id\u00e9al pour ceux qui appr\u00e9cient l&#8217;encens japonais de bonne qualit\u00e9.<\/p>\n<p>Taille de l&#8217;emballage: 14 x 8.5cm<\/p>\n","protected":false},"excerpt":{"rendered":"<p>Disponible en exclusivit\u00e9 chez Mikatani, &#8220;brume du soir 15 b\u00e2tonnets&#8221; est un typique encens japonais d\u00e9licatement m\u00e9lang\u00e9 avec du bois de santal, de la tub\u00e9reuse et du jasmin.<\/p>\n","protected":false},"featured_media":1108,"comment_status":"open","ping_status":"closed","template":"","meta":[],"product_cat":[135],"product_tag":[],"yst_prominent_words":[],"_links":{"self":[{"href":"https:\/\/www.mikatani.com\/boutique\/wp-json\/wp\/v2\/product\/1110"}],"collection":[{"href":"https:\/\/www.mikatani.com\/boutique\/wp-json\/wp\/v2\/product"}],"about":[{"href":"https:\/\/www.mikatani.com\/boutique\/wp-json\/wp\/v2\/types\/product"}],"replies":[{"embeddable":true,"href":"https:\/\/www.mikatani.com\/boutique\/wp-json\/wp\/v2\/comments?post=1110"}],"version-history":[{"count":1,"href":"https:\/\/www.mikatani.com\/boutique\/wp-json\/wp\/v2\/product\/1110\/revisions"}],"predecessor-version":[{"id":2950,"href":"https:\/\/www.mikatani.com\/boutique\/wp-json\/wp\/v2\/product\/1110\/revisions\/2950"}],"wp:featuredmedia":[{"embeddable":true,"href":"https:\/\/www.mikatani.com\/boutique\/wp-json\/wp\/v2\/media\/1108"}],"wp:attachment":[{"href":"https:\/\/www.mikatani.com\/boutique\/wp-json\/wp\/v2\/media?parent=1110"}],"wp:term":[{"taxonomy":"product_cat","embeddable":true,"href":"https:\/\/www.mikatani.com\/boutique\/wp-json\/wp\/v2\/product_cat?post=1110"},{"taxonomy":"product_tag","embeddable":true,"href":"https:\/\/www.mikatani.com\/boutique\/wp-json\/wp\/v2\/product_tag?post=1110"},{"taxonomy":"yst_prominent_words","embeddable":true,"href":"https:\/\/www.mikatani.com\/boutique\/wp-json\/wp\/v2\/yst_prominent_words?post=1110"}],"curies":[{"name":"wp","href":"https:\/\/api.w.org\/{rel}","templated":true}]}}