{"id":1112,"date":"2017-07-02T11:50:49","date_gmt":"2017-07-02T09:50:49","guid":{"rendered":"https:\/\/www.mikatani.com\/boutique\/produit-japonais\/encens-4-saisons-pomme-jasmin\/"},"modified":"2020-02-17T00:55:20","modified_gmt":"2020-02-16T23:55:20","slug":"encens-4-saisons-pomme-jasmin","status":"publish","type":"product","link":"https:\/\/www.mikatani.com\/boutique\/produits-traditionnels\/encens\/encens-4-saisons-pomme-jasmin","title":{"rendered":"15 encens les 4 saisons pomme et jasmin"},"content":{"rendered":"<p>C&#8217;est un d\u00e9licieux parfum floral et fruit\u00e9 m\u00e9lang\u00e9 au parfum de pomme, de jasmin, de rose et de lys des vall\u00e9es. Le pack renferme des b\u00e2tonnets d&#8217;encens de 15 x 7\u00a0 cm de longueur et br\u00fblent durant 15 \u00e0 17 minutes.\u00a0 Sa pr\u00e9sentation est parfaite avec une belle bo\u00eete de pr\u00e9sentation. L&#8217;encens bio 4 saisons pomme et jasmin est un\u00a0<a href=\"https:\/\/www.mikatani.com\/32-cadeau-japonais\">cadeau incontournable<\/a> pour les personnes qui appr\u00e9cient l&#8217;encens japonais de haute qualit\u00e9.<\/p>\n<p>Taille de l&#8217;emballage: 11 x 4.5cm<\/p>\n","protected":false},"excerpt":{"rendered":"<p>Produit exclusif\u00a0 sur Mikatani, l&#8217;encens 4 saisons pomme et jasmin est un\u00a0<a href=\"https:\/\/www.mikatani.com\/boutique\/produits-traditionnels\/encens\">encens japonais<\/a> bio de qualit\u00e9 sup\u00e9rieure.<\/p>\n","protected":false},"featured_media":1111,"comment_status":"open","ping_status":"closed","template":"","meta":[],"product_cat":[135],"product_tag":[],"yst_prominent_words":[],"_links":{"self":[{"href":"https:\/\/www.mikatani.com\/boutique\/wp-json\/wp\/v2\/product\/1112"}],"collection":[{"href":"https:\/\/www.mikatani.com\/boutique\/wp-json\/wp\/v2\/product"}],"about":[{"href":"https:\/\/www.mikatani.com\/boutique\/wp-json\/wp\/v2\/types\/product"}],"replies":[{"embeddable":true,"href":"https:\/\/www.mikatani.com\/boutique\/wp-json\/wp\/v2\/comments?post=1112"}],"version-history":[{"count":1,"href":"https:\/\/www.mikatani.com\/boutique\/wp-json\/wp\/v2\/product\/1112\/revisions"}],"predecessor-version":[{"id":462576,"href":"https:\/\/www.mikatani.com\/boutique\/wp-json\/wp\/v2\/product\/1112\/revisions\/462576"}],"wp:featuredmedia":[{"embeddable":true,"href":"https:\/\/www.mikatani.com\/boutique\/wp-json\/wp\/v2\/media\/1111"}],"wp:attachment":[{"href":"https:\/\/www.mikatani.com\/boutique\/wp-json\/wp\/v2\/media?parent=1112"}],"wp:term":[{"taxonomy":"product_cat","embeddable":true,"href":"https:\/\/www.mikatani.com\/boutique\/wp-json\/wp\/v2\/product_cat?post=1112"},{"taxonomy":"product_tag","embeddable":true,"href":"https:\/\/www.mikatani.com\/boutique\/wp-json\/wp\/v2\/product_tag?post=1112"},{"taxonomy":"yst_prominent_words","embeddable":true,"href":"https:\/\/www.mikatani.com\/boutique\/wp-json\/wp\/v2\/yst_prominent_words?post=1112"}],"curies":[{"name":"wp","href":"https:\/\/api.w.org\/{rel}","templated":true}]}}