{"id":1114,"date":"2017-07-02T12:00:20","date_gmt":"2017-07-02T10:00:20","guid":{"rendered":"https:\/\/www.mikatani.com\/boutique\/produit-japonais\/15-encens-4-saisons-jasmin-clou-giroffle\/"},"modified":"2020-02-11T23:17:04","modified_gmt":"2020-02-11T22:17:04","slug":"15-encens-4-saisons-jasmin-clou-giroffle","status":"publish","type":"product","link":"https:\/\/www.mikatani.com\/boutique\/produits-traditionnels\/encens\/15-encens-4-saisons-jasmin-clou-giroffle","title":{"rendered":"15 encens les 4 saisons jasmin et clou de giroffle"},"content":{"rendered":"<p>Le paquet en lui m\u00eame contient des b\u00e2tonnets d&#8217;encens de 15 x 7\u00a0 cmqui prennent 15 \u00e0 17 minutes pour br\u00fbler. Emball\u00e9 dans belle bo\u00eete de pr\u00e9sentation, cet\u00a0<a href=\"https:\/\/www.mikatani.com\/36-encens\">encens japonais<\/a> bio\u00a0 est un parfait\u00a0<a href=\"https:\/\/www.mikatani.com\/32-cadeau-japonais\">cadeau<\/a> \u00e0 ramener \u00e0 ses proches apr\u00e8s un voyage au pays du soleil levant.<\/p>\n<p>Taille de l&#8217;emballage: 11 x 4.5cm<\/p>\n","protected":false},"excerpt":{"rendered":"<p>Mikatani propose l&#8217;encens japonais bio 4 saisons Jasmin et clou de girofle ; un encens japonais bio haut de gamme fabriqu\u00e9 \u00e0 partir d&#8217;un m\u00e9lange floral \u00e9pic\u00e9,\u00a0 de jasmin et de clous de girofle.<\/p>\n","protected":false},"featured_media":1113,"comment_status":"open","ping_status":"closed","template":"","meta":[],"product_cat":[135],"product_tag":[],"yst_prominent_words":[],"_links":{"self":[{"href":"https:\/\/www.mikatani.com\/boutique\/wp-json\/wp\/v2\/product\/1114"}],"collection":[{"href":"https:\/\/www.mikatani.com\/boutique\/wp-json\/wp\/v2\/product"}],"about":[{"href":"https:\/\/www.mikatani.com\/boutique\/wp-json\/wp\/v2\/types\/product"}],"replies":[{"embeddable":true,"href":"https:\/\/www.mikatani.com\/boutique\/wp-json\/wp\/v2\/comments?post=1114"}],"version-history":[{"count":1,"href":"https:\/\/www.mikatani.com\/boutique\/wp-json\/wp\/v2\/product\/1114\/revisions"}],"predecessor-version":[{"id":462569,"href":"https:\/\/www.mikatani.com\/boutique\/wp-json\/wp\/v2\/product\/1114\/revisions\/462569"}],"wp:featuredmedia":[{"embeddable":true,"href":"https:\/\/www.mikatani.com\/boutique\/wp-json\/wp\/v2\/media\/1113"}],"wp:attachment":[{"href":"https:\/\/www.mikatani.com\/boutique\/wp-json\/wp\/v2\/media?parent=1114"}],"wp:term":[{"taxonomy":"product_cat","embeddable":true,"href":"https:\/\/www.mikatani.com\/boutique\/wp-json\/wp\/v2\/product_cat?post=1114"},{"taxonomy":"product_tag","embeddable":true,"href":"https:\/\/www.mikatani.com\/boutique\/wp-json\/wp\/v2\/product_tag?post=1114"},{"taxonomy":"yst_prominent_words","embeddable":true,"href":"https:\/\/www.mikatani.com\/boutique\/wp-json\/wp\/v2\/yst_prominent_words?post=1114"}],"curies":[{"name":"wp","href":"https:\/\/api.w.org\/{rel}","templated":true}]}}