{"id":1121,"date":"2017-07-02T12:51:52","date_gmt":"2017-07-02T10:51:52","guid":{"rendered":"https:\/\/www.mikatani.com\/boutique\/produit-japonais\/15-encens-japonais-bio-fleurs-fraiches\/"},"modified":"2020-02-14T13:36:02","modified_gmt":"2020-02-14T12:36:02","slug":"15-encens-japonais-bio-fleurs-fraiches","status":"publish","type":"product","link":"https:\/\/www.mikatani.com\/boutique\/produits-traditionnels\/encens\/15-encens-japonais-bio-fleurs-fraiches","title":{"rendered":"15 encens japonais bio fleurs fraiches"},"content":{"rendered":"<p>L\u2019ensemble est compos\u00e9 de b\u00e2tonnets d&#8217;encens de 15 x 7\u00a0 cm qui prennent 15 \u00e0 17 minutes pour br\u00fbler et est emball\u00e9 dans un pack de pr\u00e9sentation hyper chic. L&#8217;encens japonais bio fleurs fraiches\u00a0 serait un\u00a0<a href=\"https:\/\/www.mikatani.com\/32-cadeau-japonais\">cadeau japonais<\/a> id\u00e9al pour ceux qui chercher un parfum d\u2019ambiance calmant et anti-stress.<\/p>\n<p>Taille de l&#8217;emballage: 14 x 8.5 cm<\/p>\n","protected":false},"excerpt":{"rendered":"<p>Produit exclusif sur Mikatani , le paquet de 15 b\u00e2tonnets\u00a0<a href=\"https:\/\/www.mikatani.com\/boutique\/produits-traditionnels\/encens\">encens bio japonais<\/a> fleurs fraiches est un encens japonais v\u00e9ritable m\u00e9lang\u00e9 minutieusement avec du bois de santal, du cananga odorata et de l&#8217;ambre gris.<\/p>\n","protected":false},"featured_media":1119,"comment_status":"open","ping_status":"closed","template":"","meta":[],"product_cat":[135],"product_tag":[],"yst_prominent_words":[],"_links":{"self":[{"href":"https:\/\/www.mikatani.com\/boutique\/wp-json\/wp\/v2\/product\/1121"}],"collection":[{"href":"https:\/\/www.mikatani.com\/boutique\/wp-json\/wp\/v2\/product"}],"about":[{"href":"https:\/\/www.mikatani.com\/boutique\/wp-json\/wp\/v2\/types\/product"}],"replies":[{"embeddable":true,"href":"https:\/\/www.mikatani.com\/boutique\/wp-json\/wp\/v2\/comments?post=1121"}],"version-history":[{"count":0,"href":"https:\/\/www.mikatani.com\/boutique\/wp-json\/wp\/v2\/product\/1121\/revisions"}],"wp:featuredmedia":[{"embeddable":true,"href":"https:\/\/www.mikatani.com\/boutique\/wp-json\/wp\/v2\/media\/1119"}],"wp:attachment":[{"href":"https:\/\/www.mikatani.com\/boutique\/wp-json\/wp\/v2\/media?parent=1121"}],"wp:term":[{"taxonomy":"product_cat","embeddable":true,"href":"https:\/\/www.mikatani.com\/boutique\/wp-json\/wp\/v2\/product_cat?post=1121"},{"taxonomy":"product_tag","embeddable":true,"href":"https:\/\/www.mikatani.com\/boutique\/wp-json\/wp\/v2\/product_tag?post=1121"},{"taxonomy":"yst_prominent_words","embeddable":true,"href":"https:\/\/www.mikatani.com\/boutique\/wp-json\/wp\/v2\/yst_prominent_words?post=1121"}],"curies":[{"name":"wp","href":"https:\/\/api.w.org\/{rel}","templated":true}]}}