{"id":1124,"date":"2017-07-02T12:55:02","date_gmt":"2017-07-02T10:55:02","guid":{"rendered":"https:\/\/www.mikatani.com\/boutique\/produit-japonais\/50-encens-japonais-lotus\/"},"modified":"2020-02-01T07:05:53","modified_gmt":"2020-02-01T06:05:53","slug":"50-encens-japonais-lotus","status":"publish","type":"product","link":"https:\/\/www.mikatani.com\/boutique\/produits-traditionnels\/encens\/50-encens-japonais-lotus","title":{"rendered":"50 encens japonais traditionnels Lotus frais"},"content":{"rendered":"<p>Le produit est emball\u00e9 dans une bo\u00eete \u00e0 cadeau \u00e9l\u00e9gante d\u00e9cor\u00e9e d&#8217;images de grenouilles populaires dans la culture japonaise car on croit que la grenouille ou le kaeru vous emp\u00eache de perdre de l&#8217;argent et m\u00eame plus, vous r\u00e9cup\u00e8rerez l&#8217;argent perdu. L\u2019ensemble contient des b\u00e2tonnets d&#8217;<a href=\"https:\/\/www.mikatani.com\/36-encens\">encens<\/a> roses de 50 x 15\u00a0 cm qui prennent 25 \u00e0 30 minutes \u00e0 br\u00fbler. L&#8217;encens japonais authentique au parfum frais de\u00a0 lotus est le\u00a0<a href=\"https:\/\/www.mikatani.com\/32-cadeau-japonais\">parfait cadeau japinais<\/a> \u00e0 ramener du pays.<\/p>\n<p>Taille: 16 x 4cm<\/p>\n","protected":false},"excerpt":{"rendered":"<p>Fabriqu\u00e9 au Japon et en exclusivit\u00e9 sur Mikatani, l&#8217;encens japonais authentique au parfum frais de\u00a0 Lotus est un encens japonais bio de haute qualit\u00e9.<\/p>\n","protected":false},"featured_media":1122,"comment_status":"open","ping_status":"closed","template":"","meta":[],"product_cat":[135],"product_tag":[],"yst_prominent_words":[],"_links":{"self":[{"href":"https:\/\/www.mikatani.com\/boutique\/wp-json\/wp\/v2\/product\/1124"}],"collection":[{"href":"https:\/\/www.mikatani.com\/boutique\/wp-json\/wp\/v2\/product"}],"about":[{"href":"https:\/\/www.mikatani.com\/boutique\/wp-json\/wp\/v2\/types\/product"}],"replies":[{"embeddable":true,"href":"https:\/\/www.mikatani.com\/boutique\/wp-json\/wp\/v2\/comments?post=1124"}],"version-history":[{"count":1,"href":"https:\/\/www.mikatani.com\/boutique\/wp-json\/wp\/v2\/product\/1124\/revisions"}],"predecessor-version":[{"id":3371,"href":"https:\/\/www.mikatani.com\/boutique\/wp-json\/wp\/v2\/product\/1124\/revisions\/3371"}],"wp:featuredmedia":[{"embeddable":true,"href":"https:\/\/www.mikatani.com\/boutique\/wp-json\/wp\/v2\/media\/1122"}],"wp:attachment":[{"href":"https:\/\/www.mikatani.com\/boutique\/wp-json\/wp\/v2\/media?parent=1124"}],"wp:term":[{"taxonomy":"product_cat","embeddable":true,"href":"https:\/\/www.mikatani.com\/boutique\/wp-json\/wp\/v2\/product_cat?post=1124"},{"taxonomy":"product_tag","embeddable":true,"href":"https:\/\/www.mikatani.com\/boutique\/wp-json\/wp\/v2\/product_tag?post=1124"},{"taxonomy":"yst_prominent_words","embeddable":true,"href":"https:\/\/www.mikatani.com\/boutique\/wp-json\/wp\/v2\/yst_prominent_words?post=1124"}],"curies":[{"name":"wp","href":"https:\/\/api.w.org\/{rel}","templated":true}]}}