{"id":1127,"date":"2017-07-02T16:08:28","date_gmt":"2017-07-02T14:08:28","guid":{"rendered":"https:\/\/www.mikatani.com\/boutique\/produit-japonais\/50-encens-japonais-senteur-ocean\/"},"modified":"2019-11-14T10:55:02","modified_gmt":"2019-11-14T09:55:02","slug":"50-encens-japonais-senteur-ocean","status":"publish","type":"product","link":"https:\/\/www.mikatani.com\/boutique\/produits-traditionnels\/encens\/50-encens-japonais-senteur-ocean","title":{"rendered":"50 encens japonais senteur oc\u00e9an"},"content":{"rendered":"<p>Le produit est cens\u00e9 calmer l&#8217;esprit avec des images rafra\u00eechissantes de la mer !\u00a0 Le paquet est livr\u00e9 avec une bo\u00eete \u00e0 cadeau tr\u00e8s styl\u00e9e orn\u00e9e de lapins ou usagi qui, au Japon, est fr\u00e9quemment donn\u00e9e comme un cadeau car ils symbolisent la bonne chance! Le produit contient des b\u00e2tonnets d&#8217;encens de couleur bleu mesurant 50 x 15\u00a0 cmqui prennent 25 \u00e0 30 minutes pour br\u00fbler. L&#8217;encen japonais senteur oc\u00e9an serait un\u00a0<a href=\"https:\/\/www.mikatani.com\/32-cadeau-japonais\">cadeau japonais<\/a> id\u00e9al pour ceux qui appr\u00e9cient l&#8217;<a href=\"https:\/\/www.mikatani.com\/36-encens\">encens japonais de bonne qualit\u00e9<\/a>.<\/p>\n","protected":false},"excerpt":{"rendered":"<p>Fabriqu\u00e9 au pays des Ninja, l&#8217;encens japonais authentique senteur oc\u00e9an est un produit bio vendu exclusivit\u00e9 sur Mikatani.<\/p>\n","protected":false},"featured_media":1125,"comment_status":"open","ping_status":"closed","template":"","meta":[],"product_cat":[135],"product_tag":[],"yst_prominent_words":[],"_links":{"self":[{"href":"https:\/\/www.mikatani.com\/boutique\/wp-json\/wp\/v2\/product\/1127"}],"collection":[{"href":"https:\/\/www.mikatani.com\/boutique\/wp-json\/wp\/v2\/product"}],"about":[{"href":"https:\/\/www.mikatani.com\/boutique\/wp-json\/wp\/v2\/types\/product"}],"replies":[{"embeddable":true,"href":"https:\/\/www.mikatani.com\/boutique\/wp-json\/wp\/v2\/comments?post=1127"}],"version-history":[{"count":1,"href":"https:\/\/www.mikatani.com\/boutique\/wp-json\/wp\/v2\/product\/1127\/revisions"}],"predecessor-version":[{"id":3373,"href":"https:\/\/www.mikatani.com\/boutique\/wp-json\/wp\/v2\/product\/1127\/revisions\/3373"}],"wp:featuredmedia":[{"embeddable":true,"href":"https:\/\/www.mikatani.com\/boutique\/wp-json\/wp\/v2\/media\/1125"}],"wp:attachment":[{"href":"https:\/\/www.mikatani.com\/boutique\/wp-json\/wp\/v2\/media?parent=1127"}],"wp:term":[{"taxonomy":"product_cat","embeddable":true,"href":"https:\/\/www.mikatani.com\/boutique\/wp-json\/wp\/v2\/product_cat?post=1127"},{"taxonomy":"product_tag","embeddable":true,"href":"https:\/\/www.mikatani.com\/boutique\/wp-json\/wp\/v2\/product_tag?post=1127"},{"taxonomy":"yst_prominent_words","embeddable":true,"href":"https:\/\/www.mikatani.com\/boutique\/wp-json\/wp\/v2\/yst_prominent_words?post=1127"}],"curies":[{"name":"wp","href":"https:\/\/api.w.org\/{rel}","templated":true}]}}