{"id":1137,"date":"2017-07-05T13:13:08","date_gmt":"2017-07-05T11:13:08","guid":{"rendered":"https:\/\/www.mikatani.com\/boutique\/produit-japonais\/set-de-bols-japonais-ginsai-sakura\/"},"modified":"2021-01-13T13:10:56","modified_gmt":"2021-01-13T12:10:56","slug":"set-de-bols-japonais-ginsai-sakura","status":"publish","type":"product","link":"https:\/\/www.mikatani.com\/boutique\/produits-traditionnels\/ustensiles-cuisine-vaisselle-japonaise\/bols-japonais\/set-de-bols-japonais-ginsai-sakura","title":{"rendered":"Ensemble de bols japonais Ginsai Sakura"},"content":{"rendered":"<p>Cet ensemble d&#8217;authentiques bols japonais et baguettes viendra accompagner \u00e0 merveille vos repas japonais.<\/p>\n<p>Diam\u00e8tre des bols : 9 cm<\/p>\n","protected":false},"excerpt":{"rendered":"<p>Un ensemble d&#8217;authentiques bols japonais accompagn\u00e9s de leurs baguettes id\u00e9al \u00e0 offrir en cadeau ou pour se faire plaisir&#8230;<\/p>\n","protected":false},"featured_media":1131,"comment_status":"open","ping_status":"closed","template":"","meta":[],"product_cat":[169,137],"product_tag":[],"yst_prominent_words":[1741,416],"_links":{"self":[{"href":"https:\/\/www.mikatani.com\/boutique\/wp-json\/wp\/v2\/product\/1137"}],"collection":[{"href":"https:\/\/www.mikatani.com\/boutique\/wp-json\/wp\/v2\/product"}],"about":[{"href":"https:\/\/www.mikatani.com\/boutique\/wp-json\/wp\/v2\/types\/product"}],"replies":[{"embeddable":true,"href":"https:\/\/www.mikatani.com\/boutique\/wp-json\/wp\/v2\/comments?post=1137"}],"version-history":[{"count":1,"href":"https:\/\/www.mikatani.com\/boutique\/wp-json\/wp\/v2\/product\/1137\/revisions"}],"predecessor-version":[{"id":1246205,"href":"https:\/\/www.mikatani.com\/boutique\/wp-json\/wp\/v2\/product\/1137\/revisions\/1246205"}],"wp:featuredmedia":[{"embeddable":true,"href":"https:\/\/www.mikatani.com\/boutique\/wp-json\/wp\/v2\/media\/1131"}],"wp:attachment":[{"href":"https:\/\/www.mikatani.com\/boutique\/wp-json\/wp\/v2\/media?parent=1137"}],"wp:term":[{"taxonomy":"product_cat","embeddable":true,"href":"https:\/\/www.mikatani.com\/boutique\/wp-json\/wp\/v2\/product_cat?post=1137"},{"taxonomy":"product_tag","embeddable":true,"href":"https:\/\/www.mikatani.com\/boutique\/wp-json\/wp\/v2\/product_tag?post=1137"},{"taxonomy":"yst_prominent_words","embeddable":true,"href":"https:\/\/www.mikatani.com\/boutique\/wp-json\/wp\/v2\/yst_prominent_words?post=1137"}],"curies":[{"name":"wp","href":"https:\/\/api.w.org\/{rel}","templated":true}]}}