{"id":1148,"date":"2017-07-05T13:36:36","date_gmt":"2017-07-05T11:36:36","guid":{"rendered":"https:\/\/www.mikatani.com\/boutique\/produit-japonais\/90-encens-japonais-bambou-hanga\/"},"modified":"2020-12-29T19:21:09","modified_gmt":"2020-12-29T18:21:09","slug":"90-encens-japonais-bambou-hanga","status":"publish","type":"product","link":"https:\/\/www.mikatani.com\/boutique\/cadeau-japonais\/cadeau-japonais-anniversaire\/90-encens-japonais-bambou-hanga","title":{"rendered":"90 encens japonais Bambou Hanga"},"content":{"rendered":"<p>Une bo\u00eete contient des b\u00e2tonnets d&#8217;encens de couleur verte de 90 x 7\u00a0 cm qui prennent 15 \u00e0 17 minutes \u00e0 br\u00fbler. Le produit est livr\u00e9 avec une bo\u00eete de pr\u00e9sentation \u00e9l\u00e9gante.\u00a0 L&#8217;<a href=\"https:\/\/www.mikatani.com\/36-encens\">encens japonais<\/a> de bambou\u00a0 Hanga serait un cadeau id\u00e9al pour ceux qui appr\u00e9cient l&#8217;encens japonais de bonne qualit\u00e9.<br \/>\nTaille de l&#8217;emballage: 8 x 6.5 x 2.2 cm<\/p>\n","protected":false},"excerpt":{"rendered":"<p>Sp\u00e9cialement fabriqu\u00e9 au Japon, l&#8217;encens japonais de bambou\u00a0 Hanga est un encens japonais bio et naturel fabriqu\u00e9 \u00e0 partir des meilleurs ingr\u00e9dients de bergamote et d&#8217;agrumes et offre un parfum \u00e9l\u00e9gant et d\u00e9licat.<\/p>\n","protected":false},"featured_media":1147,"comment_status":"open","ping_status":"closed","template":"","meta":[],"product_cat":[135,146],"product_tag":[],"yst_prominent_words":[],"_links":{"self":[{"href":"https:\/\/www.mikatani.com\/boutique\/wp-json\/wp\/v2\/product\/1148"}],"collection":[{"href":"https:\/\/www.mikatani.com\/boutique\/wp-json\/wp\/v2\/product"}],"about":[{"href":"https:\/\/www.mikatani.com\/boutique\/wp-json\/wp\/v2\/types\/product"}],"replies":[{"embeddable":true,"href":"https:\/\/www.mikatani.com\/boutique\/wp-json\/wp\/v2\/comments?post=1148"}],"version-history":[{"count":0,"href":"https:\/\/www.mikatani.com\/boutique\/wp-json\/wp\/v2\/product\/1148\/revisions"}],"wp:featuredmedia":[{"embeddable":true,"href":"https:\/\/www.mikatani.com\/boutique\/wp-json\/wp\/v2\/media\/1147"}],"wp:attachment":[{"href":"https:\/\/www.mikatani.com\/boutique\/wp-json\/wp\/v2\/media?parent=1148"}],"wp:term":[{"taxonomy":"product_cat","embeddable":true,"href":"https:\/\/www.mikatani.com\/boutique\/wp-json\/wp\/v2\/product_cat?post=1148"},{"taxonomy":"product_tag","embeddable":true,"href":"https:\/\/www.mikatani.com\/boutique\/wp-json\/wp\/v2\/product_tag?post=1148"},{"taxonomy":"yst_prominent_words","embeddable":true,"href":"https:\/\/www.mikatani.com\/boutique\/wp-json\/wp\/v2\/yst_prominent_words?post=1148"}],"curies":[{"name":"wp","href":"https:\/\/api.w.org\/{rel}","templated":true}]}}