{"id":1165,"date":"2017-07-09T14:00:06","date_gmt":"2017-07-09T12:00:06","guid":{"rendered":"https:\/\/www.mikatani.com\/boutique\/produit-japonais\/kimono-japonais-homme-long-noir\/"},"modified":"2020-12-11T12:57:53","modified_gmt":"2020-12-11T11:57:53","slug":"kimono-japonais-homme-long-noir","status":"publish","type":"product","link":"https:\/\/www.mikatani.com\/boutique\/kimono\/kimono-homme\/kimono-japonais-homme-long-noir","title":{"rendered":"Kimono japonais homme long noir"},"content":{"rendered":"<p>Tous nos\u00a0<a href=\"https:\/\/www.mikatani.com\/blog\/yukata-kimono\/\">kimono yukata<\/a> japonais en coton sont fabriqu\u00e9s dans le style d\u2019un kimono traditionnel,\u00a0 port\u00e9 le c\u00f4t\u00e9 gauche\u00a0 en dessus de la droite et\u00a0 attach\u00e9s \u00e0 l&#8217;aide de la ceinture (obi) fourni. Le\u00a0<a href=\"https:\/\/www.mikatani.com\/boutique\/kimono\">kimono japonais<\/a>\u00a0homme long noir est id\u00e9al \u00e0 porter\u00a0 les mardis ou les dimanches matin quand on a la flemme de sortir de la maison\u00a0 pendant les vacances.<\/p>\n<p>Longueur : 150 cm<\/p>\n","protected":false},"excerpt":{"rendered":"<p>Le kimono japonais\u00a0homme long noir est un kimono de coton japonais authentique et authentique avec des caract\u00e8res kanji pour le mot \u00ab bonheur \u00bb brod\u00e9 sur le devant et le dos.<\/p>\n","protected":false},"featured_media":1161,"comment_status":"open","ping_status":"closed","template":"","meta":[],"product_cat":[164,183,146,147,150],"product_tag":[],"yst_prominent_words":[416,388],"_links":{"self":[{"href":"https:\/\/www.mikatani.com\/boutique\/wp-json\/wp\/v2\/product\/1165"}],"collection":[{"href":"https:\/\/www.mikatani.com\/boutique\/wp-json\/wp\/v2\/product"}],"about":[{"href":"https:\/\/www.mikatani.com\/boutique\/wp-json\/wp\/v2\/types\/product"}],"replies":[{"embeddable":true,"href":"https:\/\/www.mikatani.com\/boutique\/wp-json\/wp\/v2\/comments?post=1165"}],"version-history":[{"count":1,"href":"https:\/\/www.mikatani.com\/boutique\/wp-json\/wp\/v2\/product\/1165\/revisions"}],"predecessor-version":[{"id":1246284,"href":"https:\/\/www.mikatani.com\/boutique\/wp-json\/wp\/v2\/product\/1165\/revisions\/1246284"}],"wp:featuredmedia":[{"embeddable":true,"href":"https:\/\/www.mikatani.com\/boutique\/wp-json\/wp\/v2\/media\/1161"}],"wp:attachment":[{"href":"https:\/\/www.mikatani.com\/boutique\/wp-json\/wp\/v2\/media?parent=1165"}],"wp:term":[{"taxonomy":"product_cat","embeddable":true,"href":"https:\/\/www.mikatani.com\/boutique\/wp-json\/wp\/v2\/product_cat?post=1165"},{"taxonomy":"product_tag","embeddable":true,"href":"https:\/\/www.mikatani.com\/boutique\/wp-json\/wp\/v2\/product_tag?post=1165"},{"taxonomy":"yst_prominent_words","embeddable":true,"href":"https:\/\/www.mikatani.com\/boutique\/wp-json\/wp\/v2\/yst_prominent_words?post=1165"}],"curies":[{"name":"wp","href":"https:\/\/api.w.org\/{rel}","templated":true}]}}