{"id":1170,"date":"2017-07-09T14:06:11","date_gmt":"2017-07-09T12:06:11","guid":{"rendered":"https:\/\/www.mikatani.com\/boutique\/produit-japonais\/kimono-japonais-zen-homme-long-noir\/"},"modified":"2021-02-07T17:35:59","modified_gmt":"2021-02-07T16:35:59","slug":"kimono-japonais-zen-homme-long-noir","status":"publish","type":"product","link":"https:\/\/www.mikatani.com\/boutique\/kimono\/kimono-homme\/kimono-japonais-zen-homme-long-noir","title":{"rendered":"Kimono Japonais Zen homme long noir"},"content":{"rendered":"<p>Tous nos\u00a0<a href=\"https:\/\/www.mikatani.com\/boutique\/kimono\">kimonos<\/a> en coton pour hommes sont fabriqu\u00e9s \u00e0 Kyoto suivant le style japonais traditionnel. Portez votre Kimono japonais Zen Long noir en enroulant la partie gauche sur celle de droite et l\u00e2chez-la avec la ceinture fourni.<\/p>\n<p>Taille: une seule taille : 150 cm<\/p>\n","protected":false},"excerpt":{"rendered":"<p>Le Kimono japonais\u00a0Zen homme long noir est un\u00a0<a href=\"https:\/\/www.mikatani.com\/boutique\/yukata-kimono\/\">yukata<\/a>\u00a0 en coton japonais chic et \u00e9l\u00e9gant. En avant et \u00e0 l\u2019arri\u00e8re du kimono est inscrit de mani\u00e8re brod\u00e9e le caract\u00e8re kanji japonais pour le Zen.<\/p>\n","protected":false},"featured_media":1166,"comment_status":"open","ping_status":"closed","template":"","meta":[],"product_cat":[164,183,146,147,150],"product_tag":[],"yst_prominent_words":[416,484],"_links":{"self":[{"href":"https:\/\/www.mikatani.com\/boutique\/wp-json\/wp\/v2\/product\/1170"}],"collection":[{"href":"https:\/\/www.mikatani.com\/boutique\/wp-json\/wp\/v2\/product"}],"about":[{"href":"https:\/\/www.mikatani.com\/boutique\/wp-json\/wp\/v2\/types\/product"}],"replies":[{"embeddable":true,"href":"https:\/\/www.mikatani.com\/boutique\/wp-json\/wp\/v2\/comments?post=1170"}],"version-history":[{"count":2,"href":"https:\/\/www.mikatani.com\/boutique\/wp-json\/wp\/v2\/product\/1170\/revisions"}],"predecessor-version":[{"id":1246267,"href":"https:\/\/www.mikatani.com\/boutique\/wp-json\/wp\/v2\/product\/1170\/revisions\/1246267"}],"wp:featuredmedia":[{"embeddable":true,"href":"https:\/\/www.mikatani.com\/boutique\/wp-json\/wp\/v2\/media\/1166"}],"wp:attachment":[{"href":"https:\/\/www.mikatani.com\/boutique\/wp-json\/wp\/v2\/media?parent=1170"}],"wp:term":[{"taxonomy":"product_cat","embeddable":true,"href":"https:\/\/www.mikatani.com\/boutique\/wp-json\/wp\/v2\/product_cat?post=1170"},{"taxonomy":"product_tag","embeddable":true,"href":"https:\/\/www.mikatani.com\/boutique\/wp-json\/wp\/v2\/product_tag?post=1170"},{"taxonomy":"yst_prominent_words","embeddable":true,"href":"https:\/\/www.mikatani.com\/boutique\/wp-json\/wp\/v2\/yst_prominent_words?post=1170"}],"curies":[{"name":"wp","href":"https:\/\/api.w.org\/{rel}","templated":true}]}}