{"id":1189,"date":"2017-07-09T14:22:01","date_gmt":"2017-07-09T12:22:01","guid":{"rendered":"https:\/\/www.mikatani.com\/boutique\/produit-japonais\/kimono-japonais-femme-en-soie-long-noir-motif-floral\/"},"modified":"2021-03-23T03:38:32","modified_gmt":"2021-03-23T02:38:32","slug":"kimono-japonais-femme-en-soie-long-noir-motif-floral","status":"publish","type":"product","link":"https:\/\/www.mikatani.com\/boutique\/kimono\/kimono-en-soie\/kimono-japonais-femme-en-soie-long-noir-motif-floral","title":{"rendered":"Kimono japonais femme en soie long noir motif floral"},"content":{"rendered":"<p>Fabriqu\u00e9 \u00e0 Kyoto dans le m\u00eame style qu&#8217;un <a href=\"https:\/\/www.mikatani.com\/boutique\/kimono\">kimono japonais traditionnel<\/a>, les manches du kimono avec des manches enti\u00e8rement coup\u00e9es\u00a0 qui peuvent ensuite \u00eatre utilis\u00e9 comme des poches.\u00a0 Ce kimono est g\u00e9n\u00e9ralement port\u00e9 de gauche \u00e0 droite gauche, li\u00e9 de mani\u00e8re l\u00e2che \u00e0 l&#8217;aide de l&#8217;obi\u00a0 qui va avec.<\/p>\n<p>Ce kimono est extr\u00eamement \u00e9l\u00e9gant et parfaitement doux au toucher ; la tenue\u00a0 parfaite pour se d\u00e9tendre \u00e0 la maison ou en vacances ! Si vous cherchez un\u00a0<a href=\"https:\/\/www.mikatani.com\/boutique\/cadeau-japonais\">cadeau<\/a> pour un \u00eatre cher ou que vous voulez vous faire un petit plaisir sp\u00e9cial, ce luxueux kimono japonais (notre favori!) fera l\u2019affaire !<\/p>\n<p>Longueur : 140 cm : id\u00e9ale pour les femmes de plus de 1,60m<\/p>\n<h2>Photos HD du Kimono femme en soie long noir motif floral<\/h2>\n<p><a href=\"https:\/\/www.mikatani.com\/boutique\/wp-content\/uploads\/2017\/07\/kimono-soie-noir-4.jpg\" target=\"_blank\" rel=\"noopener noreferrer\"><img class=\" size-full wp-image-1182\" src=\"https:\/\/www.mikatani.com\/boutique\/wp-content\/uploads\/2017\/07\/kimono-soie-noir-4-Kimono-japonais-femme-en-soie-long-noir-motif-floral.jpg\" alt=\"Kimono japonais femme en soie long noir motif floral\" width=\"300\" height=\"300\" srcset=\"https:\/\/www.mikatani.com\/boutique\/wp-content\/uploads\/2017\/07\/kimono-soie-noir-4-Kimono-japonais-femme-en-soie-long-noir-motif-floral.jpg 300w, https:\/\/www.mikatani.com\/boutique\/wp-content\/uploads\/2017\/07\/kimono-soie-noir-4-Kimono-japonais-femme-en-soie-long-noir-motif-floral-150x150.jpg 150w, https:\/\/www.mikatani.com\/boutique\/wp-content\/uploads\/2017\/07\/kimono-soie-noir-4-Kimono-japonais-femme-en-soie-long-noir-motif-floral-75x75.jpg 75w, https:\/\/www.mikatani.com\/boutique\/wp-content\/uploads\/2017\/07\/kimono-soie-noir-4-Kimono-japonais-femme-en-soie-long-noir-motif-floral-100x100.jpg 100w\" sizes=\"(max-width: 300px) 100vw, 300px\" \/><\/a><\/p>\n<p><a href=\"https:\/\/www.mikatani.com\/boutique\/wp-content\/uploads\/2017\/07\/kimono-soie-noir-3.jpg\" target=\"_blank\" rel=\"noopener noreferrer\"><img class=\" size-full wp-image-1184\" src=\"https:\/\/www.mikatani.com\/boutique\/wp-content\/uploads\/2017\/07\/kimono-soie-noir-3-Kimono-japonais-femme-en-soie-long-noir-motif-floral.jpg\" alt=\"Kimono japonais femme en soie long noir motif floral\" width=\"300\" height=\"300\" srcset=\"https:\/\/www.mikatani.com\/boutique\/wp-content\/uploads\/2017\/07\/kimono-soie-noir-3-Kimono-japonais-femme-en-soie-long-noir-motif-floral.jpg 300w, https:\/\/www.mikatani.com\/boutique\/wp-content\/uploads\/2017\/07\/kimono-soie-noir-3-Kimono-japonais-femme-en-soie-long-noir-motif-floral-150x150.jpg 150w, https:\/\/www.mikatani.com\/boutique\/wp-content\/uploads\/2017\/07\/kimono-soie-noir-3-Kimono-japonais-femme-en-soie-long-noir-motif-floral-75x75.jpg 75w, https:\/\/www.mikatani.com\/boutique\/wp-content\/uploads\/2017\/07\/kimono-soie-noir-3-Kimono-japonais-femme-en-soie-long-noir-motif-floral-100x100.jpg 100w\" sizes=\"(max-width: 300px) 100vw, 300px\" \/><\/a><\/p>\n<p><a href=\"https:\/\/www.mikatani.com\/boutique\/wp-content\/uploads\/2017\/07\/kimono-soie-noir-2.jpg\" target=\"_blank\" rel=\"noopener noreferrer\"><img class=\" size-full wp-image-1186\" src=\"https:\/\/www.mikatani.com\/boutique\/wp-content\/uploads\/2017\/07\/kimono-soie-noir-2-Kimono-japonais-femme-en-soie-long-noir-motif-floral.jpg\" alt=\"Kimono japonais femme en soie long noir motif floral\" width=\"300\" height=\"300\" srcset=\"https:\/\/www.mikatani.com\/boutique\/wp-content\/uploads\/2017\/07\/kimono-soie-noir-2-Kimono-japonais-femme-en-soie-long-noir-motif-floral.jpg 300w, https:\/\/www.mikatani.com\/boutique\/wp-content\/uploads\/2017\/07\/kimono-soie-noir-2-Kimono-japonais-femme-en-soie-long-noir-motif-floral-150x150.jpg 150w, https:\/\/www.mikatani.com\/boutique\/wp-content\/uploads\/2017\/07\/kimono-soie-noir-2-Kimono-japonais-femme-en-soie-long-noir-motif-floral-75x75.jpg 75w, https:\/\/www.mikatani.com\/boutique\/wp-content\/uploads\/2017\/07\/kimono-soie-noir-2-Kimono-japonais-femme-en-soie-long-noir-motif-floral-100x100.jpg 100w\" sizes=\"(max-width: 300px) 100vw, 300px\" \/><\/a><\/p>\n<p><a href=\"https:\/\/www.mikatani.com\/boutique\/wp-content\/uploads\/2017\/07\/kimono-soie-noir.jpg\" target=\"_blank\" rel=\"noopener noreferrer\"><img class=\" size-full wp-image-1188\" src=\"https:\/\/www.mikatani.com\/boutique\/wp-content\/uploads\/2017\/07\/kimono-soie-noir-Kimono-japonais-femme-en-soie-long-noir-motif-floral.jpg\" alt=\"Kimono japonais femme en soie long noir motif floral\" width=\"300\" height=\"300\" srcset=\"https:\/\/www.mikatani.com\/boutique\/wp-content\/uploads\/2017\/07\/kimono-soie-noir-Kimono-japonais-femme-en-soie-long-noir-motif-floral.jpg 300w, https:\/\/www.mikatani.com\/boutique\/wp-content\/uploads\/2017\/07\/kimono-soie-noir-Kimono-japonais-femme-en-soie-long-noir-motif-floral-150x150.jpg 150w, https:\/\/www.mikatani.com\/boutique\/wp-content\/uploads\/2017\/07\/kimono-soie-noir-Kimono-japonais-femme-en-soie-long-noir-motif-floral-75x75.jpg 75w, https:\/\/www.mikatani.com\/boutique\/wp-content\/uploads\/2017\/07\/kimono-soie-noir-Kimono-japonais-femme-en-soie-long-noir-motif-floral-100x100.jpg 100w\" sizes=\"(max-width: 300px) 100vw, 300px\" \/><\/a><\/p>\n","protected":false},"excerpt":{"rendered":"<p>Le\u00a0<a href=\"https:\/\/www.mikatani.com\/boutique\/kimono\/kimono-femme\">Kimono japonais femme<\/a> en soie long noir motif floral est fabriqu\u00e9\u00a0 et refl\u00e8te la belle couleur grise du charbon de bois entier.\u00a0 Pure soie, authentique\u00a0<a href=\"https:\/\/www.mikatani.com\/boutique\/yukata-kimono\/\">kimono japonais<\/a> (yukata) avec une \u00e9l\u00e9gante estampe florale.<\/p>\n","protected":false},"featured_media":1176,"comment_status":"open","ping_status":"closed","template":"","meta":[],"product_cat":[171,176,183,146,147,150],"product_tag":[],"yst_prominent_words":[694,416,388,480,402],"_links":{"self":[{"href":"https:\/\/www.mikatani.com\/boutique\/wp-json\/wp\/v2\/product\/1189"}],"collection":[{"href":"https:\/\/www.mikatani.com\/boutique\/wp-json\/wp\/v2\/product"}],"about":[{"href":"https:\/\/www.mikatani.com\/boutique\/wp-json\/wp\/v2\/types\/product"}],"replies":[{"embeddable":true,"href":"https:\/\/www.mikatani.com\/boutique\/wp-json\/wp\/v2\/comments?post=1189"}],"version-history":[{"count":2,"href":"https:\/\/www.mikatani.com\/boutique\/wp-json\/wp\/v2\/product\/1189\/revisions"}],"predecessor-version":[{"id":219893,"href":"https:\/\/www.mikatani.com\/boutique\/wp-json\/wp\/v2\/product\/1189\/revisions\/219893"}],"wp:featuredmedia":[{"embeddable":true,"href":"https:\/\/www.mikatani.com\/boutique\/wp-json\/wp\/v2\/media\/1176"}],"wp:attachment":[{"href":"https:\/\/www.mikatani.com\/boutique\/wp-json\/wp\/v2\/media?parent=1189"}],"wp:term":[{"taxonomy":"product_cat","embeddable":true,"href":"https:\/\/www.mikatani.com\/boutique\/wp-json\/wp\/v2\/product_cat?post=1189"},{"taxonomy":"product_tag","embeddable":true,"href":"https:\/\/www.mikatani.com\/boutique\/wp-json\/wp\/v2\/product_tag?post=1189"},{"taxonomy":"yst_prominent_words","embeddable":true,"href":"https:\/\/www.mikatani.com\/boutique\/wp-json\/wp\/v2\/yst_prominent_words?post=1189"}],"curies":[{"name":"wp","href":"https:\/\/api.w.org\/{rel}","templated":true}]}}