{"id":1214,"date":"2017-07-16T15:28:16","date_gmt":"2017-07-16T13:28:16","guid":{"rendered":"https:\/\/www.mikatani.com\/boutique\/produit-japonais\/papier-japonais-origami-large\/"},"modified":"2020-11-16T21:36:27","modified_gmt":"2020-11-16T20:36:27","slug":"papier-japonais-origami-large","status":"publish","type":"product","link":"https:\/\/www.mikatani.com\/boutique\/produits-traditionnels\/papeterie-kawaii\/papier-origami\/papier-japonais-origami-large","title":{"rendered":"Grand papier Japonais Origami"},"content":{"rendered":"<p>Il a une vari\u00e9t\u00e9 al\u00e9atoire de belles couleurs et motifs diff\u00e9rents d&#8217;un c\u00f4t\u00e9 avec la couleur blanche\u00a0 ordinaire au verso. Nous pensons que le grand\u00a0<a href=\"https:\/\/www.mikatani.com\/35-papier-origami\">papier origami japonais<\/a> est id\u00e9al pour les d\u00e9butants et les amateurs\u00a0 origami de niveau avanc\u00e9 !<\/p>\n<p>Taille: 17.5 x 17.5 cm<\/p>\n","protected":false},"excerpt":{"rendered":"<p>Fabriqu\u00e9 au Japon, ce paquet de grand papier origami japonais contient environ 40 feuilles carr\u00e9es d&#8217;origami japonais authentiques.<\/p>\n","protected":false},"featured_media":1212,"comment_status":"open","ping_status":"closed","template":"","meta":[],"product_cat":[159,142],"product_tag":[],"yst_prominent_words":[1779,1776],"_links":{"self":[{"href":"https:\/\/www.mikatani.com\/boutique\/wp-json\/wp\/v2\/product\/1214"}],"collection":[{"href":"https:\/\/www.mikatani.com\/boutique\/wp-json\/wp\/v2\/product"}],"about":[{"href":"https:\/\/www.mikatani.com\/boutique\/wp-json\/wp\/v2\/types\/product"}],"replies":[{"embeddable":true,"href":"https:\/\/www.mikatani.com\/boutique\/wp-json\/wp\/v2\/comments?post=1214"}],"version-history":[{"count":1,"href":"https:\/\/www.mikatani.com\/boutique\/wp-json\/wp\/v2\/product\/1214\/revisions"}],"predecessor-version":[{"id":410853,"href":"https:\/\/www.mikatani.com\/boutique\/wp-json\/wp\/v2\/product\/1214\/revisions\/410853"}],"wp:featuredmedia":[{"embeddable":true,"href":"https:\/\/www.mikatani.com\/boutique\/wp-json\/wp\/v2\/media\/1212"}],"wp:attachment":[{"href":"https:\/\/www.mikatani.com\/boutique\/wp-json\/wp\/v2\/media?parent=1214"}],"wp:term":[{"taxonomy":"product_cat","embeddable":true,"href":"https:\/\/www.mikatani.com\/boutique\/wp-json\/wp\/v2\/product_cat?post=1214"},{"taxonomy":"product_tag","embeddable":true,"href":"https:\/\/www.mikatani.com\/boutique\/wp-json\/wp\/v2\/product_tag?post=1214"},{"taxonomy":"yst_prominent_words","embeddable":true,"href":"https:\/\/www.mikatani.com\/boutique\/wp-json\/wp\/v2\/yst_prominent_words?post=1214"}],"curies":[{"name":"wp","href":"https:\/\/api.w.org\/{rel}","templated":true}]}}