{"id":1218,"date":"2017-07-16T16:04:46","date_gmt":"2017-07-16T14:04:46","guid":{"rendered":"https:\/\/www.mikatani.com\/boutique\/produit-japonais\/grands-supports-pour-toile-japonaise-suspendue\/"},"modified":"2025-07-10T21:47:54","modified_gmt":"2025-07-10T19:47:54","slug":"grands-supports-pour-toile-japonaise-suspendue","status":"publish","type":"product","link":"https:\/\/www.mikatani.com\/boutique\/produits-traditionnels\/accessoires-japonais\/grands-supports-pour-toile-japonaise-suspendue","title":{"rendered":"Grands supports bois pour toile japonaise suspendue"},"content":{"rendered":"<p>Ils comprennent deux supports en bois sombre qui sont divis\u00e9s en deux pour tenir le haut et\u00a0 le bas du tissu.\u00a0 Le cordon qui permet de suspendre l\u2019ensemble au mur\u00a0 mais aussi pour sceller\u00a0 la perche inf\u00e9rieure.<\/p>\n<p>Veuillez noter que la toile montr\u00e9e dans l&#8217;image n&#8217;est pas incluse avec les supports.<\/p>\n<p>Taille: 102 x 2.5 cm<\/p>\n","protected":false},"excerpt":{"rendered":"<p>Cet ensemble de perche pour tapisserie japonais\u00a0 a \u00e9t\u00e9 sp\u00e9cialement con\u00e7u pour\u00a0 accrocher\u00a0 et\/ou\u00a0 afficher de grands tissus d&#8217;emballage japonais appel\u00e9 <strong>Furoshiki<\/strong>.<\/p>\n","protected":false},"featured_media":1215,"comment_status":"open","ping_status":"closed","template":"","meta":[],"product_cat":[166,139,141,146,147],"product_tag":[],"yst_prominent_words":[1742],"_links":{"self":[{"href":"https:\/\/www.mikatani.com\/boutique\/wp-json\/wp\/v2\/product\/1218"}],"collection":[{"href":"https:\/\/www.mikatani.com\/boutique\/wp-json\/wp\/v2\/product"}],"about":[{"href":"https:\/\/www.mikatani.com\/boutique\/wp-json\/wp\/v2\/types\/product"}],"replies":[{"embeddable":true,"href":"https:\/\/www.mikatani.com\/boutique\/wp-json\/wp\/v2\/comments?post=1218"}],"version-history":[{"count":1,"href":"https:\/\/www.mikatani.com\/boutique\/wp-json\/wp\/v2\/product\/1218\/revisions"}],"predecessor-version":[{"id":1246210,"href":"https:\/\/www.mikatani.com\/boutique\/wp-json\/wp\/v2\/product\/1218\/revisions\/1246210"}],"wp:featuredmedia":[{"embeddable":true,"href":"https:\/\/www.mikatani.com\/boutique\/wp-json\/wp\/v2\/media\/1215"}],"wp:attachment":[{"href":"https:\/\/www.mikatani.com\/boutique\/wp-json\/wp\/v2\/media?parent=1218"}],"wp:term":[{"taxonomy":"product_cat","embeddable":true,"href":"https:\/\/www.mikatani.com\/boutique\/wp-json\/wp\/v2\/product_cat?post=1218"},{"taxonomy":"product_tag","embeddable":true,"href":"https:\/\/www.mikatani.com\/boutique\/wp-json\/wp\/v2\/product_tag?post=1218"},{"taxonomy":"yst_prominent_words","embeddable":true,"href":"https:\/\/www.mikatani.com\/boutique\/wp-json\/wp\/v2\/yst_prominent_words?post=1218"}],"curies":[{"name":"wp","href":"https:\/\/api.w.org\/{rel}","templated":true}]}}