{"id":1230,"date":"2017-08-19T08:00:23","date_gmt":"2017-08-19T06:00:23","guid":{"rendered":"https:\/\/www.mikatani.com\/boutique\/produit-japonais\/encens-japonais-petit-ruisseau-15-batons\/"},"modified":"2019-06-20T14:31:34","modified_gmt":"2019-06-20T12:31:34","slug":"encens-japonais-petit-ruisseau-15-batons","status":"publish","type":"product","link":"https:\/\/www.mikatani.com\/boutique\/produits-traditionnels\/encens\/encens-japonais-petit-ruisseau-15-batons","title":{"rendered":"Encens japonais Petit Ruisseau \u00e0 15 b\u00e2tons"},"content":{"rendered":"<p>Son parfum a \u00e9t\u00e9 d\u00e9licatement choisi avec un m\u00e9lange du bois de santal, du freesia, du gard\u00e9nia et de jasmin. Il contient des\u00a0<a href=\"https:\/\/www.mikatani.com\/36-encens\">b\u00e2tons d&#8217;encens<\/a> de 15 x 7 cm pouvant br\u00fbler jusqu\u2019\u00e0 17 minutes. L\u2019ensemble est emball\u00e9 dans un pack de pr\u00e9sentation tr\u00e8s hyper chic. l&#8217;encens japonais Petit Ruisseau 15 b\u00e2tons serait un\u00a0<a href=\"https:\/\/www.mikatani.com\/32-cadeau-japonais\">cadeau<\/a> incontournable \u00e0 rapporter \u00e0 vos proches apr\u00e8s quelques jours pass\u00e9es au Japon.<\/p>\n<p>Taille de l\u2019emballage : 14 x 8.5 cm<\/p>\n","protected":false},"excerpt":{"rendered":"<p>Exclusif pour Mikatani, l&#8217;encens japonais Petit Ruisseau \u00e0 15 b\u00e2tons est un produit japonais authentique.<\/p>\n","protected":false},"featured_media":1228,"comment_status":"open","ping_status":"closed","template":"","meta":[],"product_cat":[135,146],"product_tag":[],"yst_prominent_words":[],"_links":{"self":[{"href":"https:\/\/www.mikatani.com\/boutique\/wp-json\/wp\/v2\/product\/1230"}],"collection":[{"href":"https:\/\/www.mikatani.com\/boutique\/wp-json\/wp\/v2\/product"}],"about":[{"href":"https:\/\/www.mikatani.com\/boutique\/wp-json\/wp\/v2\/types\/product"}],"replies":[{"embeddable":true,"href":"https:\/\/www.mikatani.com\/boutique\/wp-json\/wp\/v2\/comments?post=1230"}],"version-history":[{"count":0,"href":"https:\/\/www.mikatani.com\/boutique\/wp-json\/wp\/v2\/product\/1230\/revisions"}],"wp:featuredmedia":[{"embeddable":true,"href":"https:\/\/www.mikatani.com\/boutique\/wp-json\/wp\/v2\/media\/1228"}],"wp:attachment":[{"href":"https:\/\/www.mikatani.com\/boutique\/wp-json\/wp\/v2\/media?parent=1230"}],"wp:term":[{"taxonomy":"product_cat","embeddable":true,"href":"https:\/\/www.mikatani.com\/boutique\/wp-json\/wp\/v2\/product_cat?post=1230"},{"taxonomy":"product_tag","embeddable":true,"href":"https:\/\/www.mikatani.com\/boutique\/wp-json\/wp\/v2\/product_tag?post=1230"},{"taxonomy":"yst_prominent_words","embeddable":true,"href":"https:\/\/www.mikatani.com\/boutique\/wp-json\/wp\/v2\/yst_prominent_words?post=1230"}],"curies":[{"name":"wp","href":"https:\/\/api.w.org\/{rel}","templated":true}]}}