{"id":1235,"date":"2017-08-19T08:10:03","date_gmt":"2017-08-19T06:10:03","guid":{"rendered":"https:\/\/www.mikatani.com\/boutique\/produit-japonais\/poupee-kokeshi-mignon-garcon-chanceux\/"},"modified":"2020-12-12T23:14:42","modified_gmt":"2020-12-12T22:14:42","slug":"poupee-kokeshi-mignon-garcon-chanceux","status":"publish","type":"product","link":"https:\/\/www.mikatani.com\/boutique\/produits-traditionnels\/kokeshi-poupee-japonaise\/poupee-kokeshi-mignon-garcon-chanceux","title":{"rendered":"Poup\u00e9e Kokeshi Mignon gar\u00e7on chanceux"},"content":{"rendered":"<p>Qu&#8217;ils s&#8217;engagent dans une nouvelle aventure professionnelle en cr\u00e9ant leur entreprise, passer un examen important ou tout simplement expriment un besoin de plus de chance dans leur vie,\u00a0\u00a0 cette adorable petite poup\u00e9e les gardera motiv\u00e9s et leur rappellera combien vous vous souciez d\u2019eux. Si vous souhaitez une base d&#8217;affichage en bois pour la pPoup\u00e9e Mignon gar\u00e7on chanceux <a href=\"https:\/\/www.mikatani.com\/12-kokeshi-poupee-japonaise\">Kokeshi<\/a>, choisir la taille moyenne.<\/p>\n<p>Taille: 15 cm<\/p>\n","protected":false},"excerpt":{"rendered":"<p>Souhaitez \u00e0 quelqu&#8217;un la meilleure des chances avec la Poup\u00e9e Mignon gar\u00e7on chanceux Kokeshi<\/p>\n","protected":false},"featured_media":1231,"comment_status":"open","ping_status":"closed","template":"","meta":[],"product_cat":[161,188,132,146,149],"product_tag":[],"yst_prominent_words":[484],"_links":{"self":[{"href":"https:\/\/www.mikatani.com\/boutique\/wp-json\/wp\/v2\/product\/1235"}],"collection":[{"href":"https:\/\/www.mikatani.com\/boutique\/wp-json\/wp\/v2\/product"}],"about":[{"href":"https:\/\/www.mikatani.com\/boutique\/wp-json\/wp\/v2\/types\/product"}],"replies":[{"embeddable":true,"href":"https:\/\/www.mikatani.com\/boutique\/wp-json\/wp\/v2\/comments?post=1235"}],"version-history":[{"count":1,"href":"https:\/\/www.mikatani.com\/boutique\/wp-json\/wp\/v2\/product\/1235\/revisions"}],"predecessor-version":[{"id":1246211,"href":"https:\/\/www.mikatani.com\/boutique\/wp-json\/wp\/v2\/product\/1235\/revisions\/1246211"}],"wp:featuredmedia":[{"embeddable":true,"href":"https:\/\/www.mikatani.com\/boutique\/wp-json\/wp\/v2\/media\/1231"}],"wp:attachment":[{"href":"https:\/\/www.mikatani.com\/boutique\/wp-json\/wp\/v2\/media?parent=1235"}],"wp:term":[{"taxonomy":"product_cat","embeddable":true,"href":"https:\/\/www.mikatani.com\/boutique\/wp-json\/wp\/v2\/product_cat?post=1235"},{"taxonomy":"product_tag","embeddable":true,"href":"https:\/\/www.mikatani.com\/boutique\/wp-json\/wp\/v2\/product_tag?post=1235"},{"taxonomy":"yst_prominent_words","embeddable":true,"href":"https:\/\/www.mikatani.com\/boutique\/wp-json\/wp\/v2\/yst_prominent_words?post=1235"}],"curies":[{"name":"wp","href":"https:\/\/api.w.org\/{rel}","templated":true}]}}