{"id":1245,"date":"2017-08-19T08:23:22","date_gmt":"2017-08-19T06:23:22","guid":{"rendered":"https:\/\/www.mikatani.com\/boutique\/produit-japonais\/serviette-a-main-japonaise-chat-chanceux-tenugui\/"},"modified":"2020-11-25T12:41:37","modified_gmt":"2020-11-25T11:41:37","slug":"serviette-a-main-japonaise-chat-chanceux-tenugui","status":"publish","type":"product","link":"https:\/\/www.mikatani.com\/boutique\/cadeau-japonais\/cadeau-japonais-de-naissance\/serviette-a-main-japonaise-chat-chanceux-tenugui","title":{"rendered":"Serviette \u00e0 main japonaise Chat chanceux Tenugui"},"content":{"rendered":"<p>Les <em>Tenugui<\/em> japonais authentiques ont des bords inachev\u00e9s et peuvent \u00eatre utilis\u00e9s comme une petite serviette ou un magnifique mur tiss\u00e9 suspendu. Exclusif sur Mikatani, la serviette \u00e0 main japonaise Chat chanceux <em>Tenugui<\/em> serait un\u00a0<a href=\"https:\/\/www.mikatani.com\/32-cadeau-japonais\">cadeau traditionnel japonais<\/a> id\u00e9al pour les amateurs de chat!<\/p>\n<p>Si vous souhaitez utiliser votre <em>Tenugui<\/em> comme un rideau, nous vous recommandons d\u2019utiliser les grands trous de suspension sp\u00e9cial tapisserie.<\/p>\n<p>Taille: 90 cm x 35 cm<\/p>\n<p>Vendu sans support en bois<\/p>\n","protected":false},"excerpt":{"rendered":"<p>La serviette \u00e0 main japonaise Chat chanceux <em>Tenugui<\/em> est une serviette japonaise en coton imprim\u00e9 de divers chats (<em>maneki neko<\/em>) sur fond rouge, blanc et bleu.<\/p>\n","protected":false},"featured_media":1240,"comment_status":"open","ping_status":"closed","template":"","meta":[],"product_cat":[146,149],"product_tag":[],"yst_prominent_words":[433,475,416,1758,1757],"_links":{"self":[{"href":"https:\/\/www.mikatani.com\/boutique\/wp-json\/wp\/v2\/product\/1245"}],"collection":[{"href":"https:\/\/www.mikatani.com\/boutique\/wp-json\/wp\/v2\/product"}],"about":[{"href":"https:\/\/www.mikatani.com\/boutique\/wp-json\/wp\/v2\/types\/product"}],"replies":[{"embeddable":true,"href":"https:\/\/www.mikatani.com\/boutique\/wp-json\/wp\/v2\/comments?post=1245"}],"version-history":[{"count":1,"href":"https:\/\/www.mikatani.com\/boutique\/wp-json\/wp\/v2\/product\/1245\/revisions"}],"predecessor-version":[{"id":1246212,"href":"https:\/\/www.mikatani.com\/boutique\/wp-json\/wp\/v2\/product\/1245\/revisions\/1246212"}],"wp:featuredmedia":[{"embeddable":true,"href":"https:\/\/www.mikatani.com\/boutique\/wp-json\/wp\/v2\/media\/1240"}],"wp:attachment":[{"href":"https:\/\/www.mikatani.com\/boutique\/wp-json\/wp\/v2\/media?parent=1245"}],"wp:term":[{"taxonomy":"product_cat","embeddable":true,"href":"https:\/\/www.mikatani.com\/boutique\/wp-json\/wp\/v2\/product_cat?post=1245"},{"taxonomy":"product_tag","embeddable":true,"href":"https:\/\/www.mikatani.com\/boutique\/wp-json\/wp\/v2\/product_tag?post=1245"},{"taxonomy":"yst_prominent_words","embeddable":true,"href":"https:\/\/www.mikatani.com\/boutique\/wp-json\/wp\/v2\/yst_prominent_words?post=1245"}],"curies":[{"name":"wp","href":"https:\/\/api.w.org\/{rel}","templated":true}]}}