{"id":1248,"date":"2017-08-19T08:26:36","date_gmt":"2017-08-19T06:26:36","guid":{"rendered":"https:\/\/www.mikatani.com\/boutique\/produit-japonais\/encens-japonais-grue-chanceuse\/"},"modified":"2020-02-11T03:55:12","modified_gmt":"2020-02-11T02:55:12","slug":"encens-japonais-grue-chanceuse","status":"publish","type":"product","link":"https:\/\/www.mikatani.com\/boutique\/produits-traditionnels\/encens\/encens-japonais-grue-chanceuse","title":{"rendered":"Encens japonais \u00ab Grue Chanceuse \u00bb"},"content":{"rendered":"<p>Dans la culture japonaise, la grue ou le <em>tsuru<\/em> est fr\u00e9quemment offert comme cadeau car elle symbolise la fid\u00e9lit\u00e9, la long\u00e9vit\u00e9 et est cens\u00e9 apporter mille ans de bonne chance! L&#8217;encens japonais Grue Chanceuse\u00a0contient des b\u00e2tons d&#8217;encens japonais de 50 x 15 cm qui prennent 25 \u00e0 30 minutes \u00e0 br\u00fbler. Il est livr\u00e9 complet avec une bo\u00eete de pr\u00e9sentation \u00e9l\u00e9gante et serait un cadeau id\u00e9al pour ceux qui appr\u00e9cient l&#8217;encens japonais biologique de bonne qualit\u00e9!<\/p>\n<p>Taille de l&#8217;emballage: 16 cm x 4 cm<\/p>\n","protected":false},"excerpt":{"rendered":"<p>Exclusif pour Mikatani, l&#8217;<a href=\"https:\/\/www.mikatani.com\/4146-encens-japonais-grue-chanceuse-.html\">encens japonais<\/a> \u00ab\u00a0Grue Chanceuse\u00a0\u00bb provient d&#8217;une nouvelle collection d&#8217;encens japonais authentique faite avec des fragrances m\u00e9ticuleusement m\u00e9lang\u00e9es calmant l&#8217;esprit avec des images de nuages !<\/p>\n","protected":false},"featured_media":1246,"comment_status":"open","ping_status":"closed","template":"","meta":[],"product_cat":[135],"product_tag":[],"yst_prominent_words":[],"_links":{"self":[{"href":"https:\/\/www.mikatani.com\/boutique\/wp-json\/wp\/v2\/product\/1248"}],"collection":[{"href":"https:\/\/www.mikatani.com\/boutique\/wp-json\/wp\/v2\/product"}],"about":[{"href":"https:\/\/www.mikatani.com\/boutique\/wp-json\/wp\/v2\/types\/product"}],"replies":[{"embeddable":true,"href":"https:\/\/www.mikatani.com\/boutique\/wp-json\/wp\/v2\/comments?post=1248"}],"version-history":[{"count":0,"href":"https:\/\/www.mikatani.com\/boutique\/wp-json\/wp\/v2\/product\/1248\/revisions"}],"wp:featuredmedia":[{"embeddable":true,"href":"https:\/\/www.mikatani.com\/boutique\/wp-json\/wp\/v2\/media\/1246"}],"wp:attachment":[{"href":"https:\/\/www.mikatani.com\/boutique\/wp-json\/wp\/v2\/media?parent=1248"}],"wp:term":[{"taxonomy":"product_cat","embeddable":true,"href":"https:\/\/www.mikatani.com\/boutique\/wp-json\/wp\/v2\/product_cat?post=1248"},{"taxonomy":"product_tag","embeddable":true,"href":"https:\/\/www.mikatani.com\/boutique\/wp-json\/wp\/v2\/product_tag?post=1248"},{"taxonomy":"yst_prominent_words","embeddable":true,"href":"https:\/\/www.mikatani.com\/boutique\/wp-json\/wp\/v2\/yst_prominent_words?post=1248"}],"curies":[{"name":"wp","href":"https:\/\/api.w.org\/{rel}","templated":true}]}}