{"id":1251,"date":"2017-08-19T08:34:39","date_gmt":"2017-08-19T06:34:39","guid":{"rendered":"https:\/\/www.mikatani.com\/boutique\/produit-japonais\/paquet-de-papier-origami-japonais-40-feuilles-moyennes\/"},"modified":"2020-11-30T13:09:23","modified_gmt":"2020-11-30T12:09:23","slug":"paquet-de-papier-origami-japonais-40-feuilles-moyennes","status":"publish","type":"product","link":"https:\/\/www.mikatani.com\/boutique\/produits-traditionnels\/papeterie-kawaii\/papier-origami\/paquet-de-papier-origami-japonais-40-feuilles-moyennes","title":{"rendered":"Paquet de papier origami japonais 40 feuilles moyennes"},"content":{"rendered":"<p>Il dispose d\u2019une vari\u00e9t\u00e9 al\u00e9atoire de belles couleurs et motifs diff\u00e9rents d&#8217;un c\u00f4t\u00e9 et est blanc ordinaire au verso. Nous pensons que le papier d\u2019origami de taille moyenne d\u2019origami est id\u00e9al pour les d\u00e9butants et les amateurs d\u2019origami avanc\u00e9s!<\/p>\n<p>Taille: 14.5 x 14.5 cm<\/p>\n","protected":false},"excerpt":{"rendered":"<p>Fabriqu\u00e9 au Japon, ce paquet de papier origami japonais contient environ 40 feuilles carr\u00e9es d&#8217;<a href=\"https:\/\/www.mikatani.com\/35-papier-origami\">origami<\/a> japonais authentique.<\/p>\n","protected":false},"featured_media":1249,"comment_status":"open","ping_status":"closed","template":"","meta":[],"product_cat":[159],"product_tag":[],"yst_prominent_words":[1771,1770,484],"_links":{"self":[{"href":"https:\/\/www.mikatani.com\/boutique\/wp-json\/wp\/v2\/product\/1251"}],"collection":[{"href":"https:\/\/www.mikatani.com\/boutique\/wp-json\/wp\/v2\/product"}],"about":[{"href":"https:\/\/www.mikatani.com\/boutique\/wp-json\/wp\/v2\/types\/product"}],"replies":[{"embeddable":true,"href":"https:\/\/www.mikatani.com\/boutique\/wp-json\/wp\/v2\/comments?post=1251"}],"version-history":[{"count":1,"href":"https:\/\/www.mikatani.com\/boutique\/wp-json\/wp\/v2\/product\/1251\/revisions"}],"predecessor-version":[{"id":1246213,"href":"https:\/\/www.mikatani.com\/boutique\/wp-json\/wp\/v2\/product\/1251\/revisions\/1246213"}],"wp:featuredmedia":[{"embeddable":true,"href":"https:\/\/www.mikatani.com\/boutique\/wp-json\/wp\/v2\/media\/1249"}],"wp:attachment":[{"href":"https:\/\/www.mikatani.com\/boutique\/wp-json\/wp\/v2\/media?parent=1251"}],"wp:term":[{"taxonomy":"product_cat","embeddable":true,"href":"https:\/\/www.mikatani.com\/boutique\/wp-json\/wp\/v2\/product_cat?post=1251"},{"taxonomy":"product_tag","embeddable":true,"href":"https:\/\/www.mikatani.com\/boutique\/wp-json\/wp\/v2\/product_tag?post=1251"},{"taxonomy":"yst_prominent_words","embeddable":true,"href":"https:\/\/www.mikatani.com\/boutique\/wp-json\/wp\/v2\/yst_prominent_words?post=1251"}],"curies":[{"name":"wp","href":"https:\/\/api.w.org\/{rel}","templated":true}]}}