{"id":1257,"date":"2017-08-19T12:39:32","date_gmt":"2017-08-19T10:39:32","guid":{"rendered":"https:\/\/www.mikatani.com\/boutique\/produit-japonais\/encens-japonais-bio-clair-de-lune-15-batons\/"},"modified":"2019-06-20T14:29:36","modified_gmt":"2019-06-20T12:29:36","slug":"encens-japonais-bio-clair-de-lune-15-batons","status":"publish","type":"product","link":"https:\/\/www.mikatani.com\/boutique\/non-classe\/encens-japonais-bio-clair-de-lune-15-batons","title":{"rendered":"Encens japonais bio Clair de Lune 15 b\u00e2tons"},"content":{"rendered":"<p>Il contient des\u00a0<a href=\"https:\/\/www.mikatani.com\/36-encens\">b\u00e2tons d&#8217;encens<\/a> de 15 x 7 cm qui prennent 15 \u00e0 17 minutes pour br\u00fbler et est emball\u00e9 dans un pack de pr\u00e9sentation tr\u00e8s \u00e9l\u00e9gant. L&#8217;encens japonais biologique Clair de Lune 15 b\u00e2tons 15 b\u00e2tons serait un cadeau id\u00e9al pour ceux qui appr\u00e9cient l&#8217;encens japonais de bonne qualit\u00e9.<\/p>\n<p>Taille de l&#8217;emballage: 14 x 8.5 cm<\/p>\n","protected":false},"excerpt":{"rendered":"<p>Exclusif pour Mikatani, l&#8217;encens japonais biologique Clair de Lune 15 b\u00e2tons est un encens japonais authentique qui a \u00e9t\u00e9 m\u00e9lang\u00e9 doucement avec du bois de santal, du bronze et du musc<\/p>\n","protected":false},"featured_media":1255,"comment_status":"open","ping_status":"closed","template":"","meta":[],"product_cat":[69],"product_tag":[],"yst_prominent_words":[],"_links":{"self":[{"href":"https:\/\/www.mikatani.com\/boutique\/wp-json\/wp\/v2\/product\/1257"}],"collection":[{"href":"https:\/\/www.mikatani.com\/boutique\/wp-json\/wp\/v2\/product"}],"about":[{"href":"https:\/\/www.mikatani.com\/boutique\/wp-json\/wp\/v2\/types\/product"}],"replies":[{"embeddable":true,"href":"https:\/\/www.mikatani.com\/boutique\/wp-json\/wp\/v2\/comments?post=1257"}],"version-history":[{"count":0,"href":"https:\/\/www.mikatani.com\/boutique\/wp-json\/wp\/v2\/product\/1257\/revisions"}],"wp:featuredmedia":[{"embeddable":true,"href":"https:\/\/www.mikatani.com\/boutique\/wp-json\/wp\/v2\/media\/1255"}],"wp:attachment":[{"href":"https:\/\/www.mikatani.com\/boutique\/wp-json\/wp\/v2\/media?parent=1257"}],"wp:term":[{"taxonomy":"product_cat","embeddable":true,"href":"https:\/\/www.mikatani.com\/boutique\/wp-json\/wp\/v2\/product_cat?post=1257"},{"taxonomy":"product_tag","embeddable":true,"href":"https:\/\/www.mikatani.com\/boutique\/wp-json\/wp\/v2\/product_tag?post=1257"},{"taxonomy":"yst_prominent_words","embeddable":true,"href":"https:\/\/www.mikatani.com\/boutique\/wp-json\/wp\/v2\/yst_prominent_words?post=1257"}],"curies":[{"name":"wp","href":"https:\/\/api.w.org\/{rel}","templated":true}]}}