{"id":1260,"date":"2017-08-19T12:45:16","date_gmt":"2017-08-19T10:45:16","guid":{"rendered":"https:\/\/www.mikatani.com\/boutique\/produit-japonais\/encens-japonais-brume-du-matin-15-batons\/"},"modified":"2020-11-30T08:25:14","modified_gmt":"2020-11-30T07:25:14","slug":"encens-japonais-brume-du-matin-15-batons","status":"publish","type":"product","link":"https:\/\/www.mikatani.com\/boutique\/produits-traditionnels\/encens\/encens-japonais-brume-du-matin-15-batons","title":{"rendered":"Encens japonais \u00ab Brume du matin 15 b\u00e2tons"},"content":{"rendered":"<p>Il contient des b\u00e2tons d&#8217;encens de 15 x 7 cm qui prennent 15 \u00e0 17 minutes pour br\u00fbler et est emball\u00e9 dans un pack de pr\u00e9sentation tr\u00e8s \u00e9l\u00e9gant. l&#8217;encens japonais \u00ab\u00a0<em>Brume du matin<\/em>\u00a015 b\u00e2tons serait une surprise id\u00e9ale pour ceux qui appr\u00e9cient l&#8217;encens japonais de bonne qualit\u00e9.<\/p>\n<p>Taille de l&#8217;emballage: 14 x 8.5 cm<\/p>\n","protected":false},"excerpt":{"rendered":"<p>Exclusif pour Mikatani, l&#8217;<a href=\"https:\/\/www.mikatani.com\/boutique\/produits-traditionnels\/encens\">encens japonais<\/a> \u00ab\u00a0<em>Brume du matin<\/em>\u00a0\u00bb 15 b\u00e2tons est un encens japonais authentique, m\u00e9lange de bois de santal, de la mousse de ch\u00eane et du lys de la vall\u00e9e.<\/p>\n","protected":false},"featured_media":1258,"comment_status":"open","ping_status":"closed","template":"","meta":[],"product_cat":[135],"product_tag":[],"yst_prominent_words":[1759,1768,475,416,1769,1766],"_links":{"self":[{"href":"https:\/\/www.mikatani.com\/boutique\/wp-json\/wp\/v2\/product\/1260"}],"collection":[{"href":"https:\/\/www.mikatani.com\/boutique\/wp-json\/wp\/v2\/product"}],"about":[{"href":"https:\/\/www.mikatani.com\/boutique\/wp-json\/wp\/v2\/types\/product"}],"replies":[{"embeddable":true,"href":"https:\/\/www.mikatani.com\/boutique\/wp-json\/wp\/v2\/comments?post=1260"}],"version-history":[{"count":0,"href":"https:\/\/www.mikatani.com\/boutique\/wp-json\/wp\/v2\/product\/1260\/revisions"}],"wp:featuredmedia":[{"embeddable":true,"href":"https:\/\/www.mikatani.com\/boutique\/wp-json\/wp\/v2\/media\/1258"}],"wp:attachment":[{"href":"https:\/\/www.mikatani.com\/boutique\/wp-json\/wp\/v2\/media?parent=1260"}],"wp:term":[{"taxonomy":"product_cat","embeddable":true,"href":"https:\/\/www.mikatani.com\/boutique\/wp-json\/wp\/v2\/product_cat?post=1260"},{"taxonomy":"product_tag","embeddable":true,"href":"https:\/\/www.mikatani.com\/boutique\/wp-json\/wp\/v2\/product_tag?post=1260"},{"taxonomy":"yst_prominent_words","embeddable":true,"href":"https:\/\/www.mikatani.com\/boutique\/wp-json\/wp\/v2\/yst_prominent_words?post=1260"}],"curies":[{"name":"wp","href":"https:\/\/api.w.org\/{rel}","templated":true}]}}