{"id":1266,"date":"2017-08-19T15:43:26","date_gmt":"2017-08-19T13:43:26","guid":{"rendered":"https:\/\/www.mikatani.com\/boutique\/produit-japonais\/eventail-japonais-pliant-mont-fiji\/"},"modified":"2020-11-30T10:50:17","modified_gmt":"2020-11-30T09:50:17","slug":"eventail-japonais-pliant-mont-fiji","status":"publish","type":"product","link":"https:\/\/www.mikatani.com\/boutique\/produits-traditionnels\/art-japonais\/eventails-japonais\/eventail-japonais-pliant-mont-fiji","title":{"rendered":"Eventail japonais pliant Mont Fuji"},"content":{"rendered":"<p>Il s&#8217;ouvre et se ferme de mani\u00e8re traditionnelle, parfait pour vous garder au frais par temps chaud et se plie facilement pour \u00eatre stock\u00e9 dans un sac \u00e0 main. L\u2019\u00e9ventail pliant japonais Mont Fuji est un cadeau japonais traditionnel id\u00e9al et abordable. Nous vous recommandons de consid\u00e9rer un support d\u2019\u00e9ventail ou un support mural pour rendre votre \u00e9ventail plus attractif!<\/p>\n<p>Taille: 21 cm ferm\u00e9, 35 cm quand il est ouvert<br \/>\nSupport en bambou non fourni<\/p>\n","protected":false},"excerpt":{"rendered":"<p>L\u2019\u00e9ventail japonais pliant Mont Fuji est un \u00e9l\u00e9gant \u00e9ventail oriental fabriqu\u00e9 \u00e0 partir de la soie et du bambou, dot\u00e9 du design embl\u00e9matique du Mont Fuji de <em>Katsushika Hokusai<\/em>.<\/p>\n","protected":false},"featured_media":1264,"comment_status":"open","ping_status":"closed","template":"","meta":[],"product_cat":[179,139,146],"product_tag":[],"yst_prominent_words":[475,416,1765],"_links":{"self":[{"href":"https:\/\/www.mikatani.com\/boutique\/wp-json\/wp\/v2\/product\/1266"}],"collection":[{"href":"https:\/\/www.mikatani.com\/boutique\/wp-json\/wp\/v2\/product"}],"about":[{"href":"https:\/\/www.mikatani.com\/boutique\/wp-json\/wp\/v2\/types\/product"}],"replies":[{"embeddable":true,"href":"https:\/\/www.mikatani.com\/boutique\/wp-json\/wp\/v2\/comments?post=1266"}],"version-history":[{"count":1,"href":"https:\/\/www.mikatani.com\/boutique\/wp-json\/wp\/v2\/product\/1266\/revisions"}],"predecessor-version":[{"id":2957,"href":"https:\/\/www.mikatani.com\/boutique\/wp-json\/wp\/v2\/product\/1266\/revisions\/2957"}],"wp:featuredmedia":[{"embeddable":true,"href":"https:\/\/www.mikatani.com\/boutique\/wp-json\/wp\/v2\/media\/1264"}],"wp:attachment":[{"href":"https:\/\/www.mikatani.com\/boutique\/wp-json\/wp\/v2\/media?parent=1266"}],"wp:term":[{"taxonomy":"product_cat","embeddable":true,"href":"https:\/\/www.mikatani.com\/boutique\/wp-json\/wp\/v2\/product_cat?post=1266"},{"taxonomy":"product_tag","embeddable":true,"href":"https:\/\/www.mikatani.com\/boutique\/wp-json\/wp\/v2\/product_tag?post=1266"},{"taxonomy":"yst_prominent_words","embeddable":true,"href":"https:\/\/www.mikatani.com\/boutique\/wp-json\/wp\/v2\/yst_prominent_words?post=1266"}],"curies":[{"name":"wp","href":"https:\/\/api.w.org\/{rel}","templated":true}]}}