{"id":1278,"date":"2017-08-19T15:48:30","date_gmt":"2017-08-19T13:48:30","guid":{"rendered":"https:\/\/www.mikatani.com\/boutique\/japon\/accueil\/cadeau-japonais\/pack-10-grues-origami-bleu"},"modified":"2020-02-16T18:49:23","modified_gmt":"2020-02-16T17:49:23","slug":"pack-10-grues-origami-bleu","status":"publish","type":"product","link":"https:\/\/www.mikatani.com\/boutique\/produits-traditionnels\/papeterie-kawaii\/papier-origami\/pack-10-grues-origami-bleu","title":{"rendered":"Pack 10 grues origami bleu ou rouge"},"content":{"rendered":"<p>Au Japon, la grue ou <em>tsuru<\/em> est un symbole bien connu de la bonne chance, long\u00e9vit\u00e9 et fid\u00e9lit\u00e9\u00a0; la l\u00e9gende veut que celui qui a cr\u00e9\u00e9 un millier de grues d&#8217;origami verra un de ses souhaits exauc\u00e9. Fabriqu\u00e9 \u00e0 la main au Japon, le Pack de 10 grues origami bleu est une belle pr\u00e9sentation et esp\u00e9rons que vos r\u00eaves se r\u00e9alisent! Livr\u00e9 doucement pli\u00e9 afin que vous puissiez retirer les ailes!<\/p>\n<p>Taille en papier\u00a0: 7.5 cm x 7.5 cm<\/p>\n","protected":false},"excerpt":{"rendered":"<p>Vendu exclusivement sur Mikatani, le pack de 10 grues\u00a0<a href=\"https:\/\/www.mikatani.com\/35-papier-origami\">origami<\/a> bleu contient 10 authentiques oiseaux japonais fabriqu\u00e9s \u00e0 partir d&#8217;un magnifique papier royal bleu origami appel\u00e9 <em>washi<\/em>.<\/p>\n","protected":false},"featured_media":1273,"comment_status":"open","ping_status":"closed","template":"","meta":[],"product_cat":[159,146],"product_tag":[],"yst_prominent_words":[1763,1760,475,488,393],"_links":{"self":[{"href":"https:\/\/www.mikatani.com\/boutique\/wp-json\/wp\/v2\/product\/1278"}],"collection":[{"href":"https:\/\/www.mikatani.com\/boutique\/wp-json\/wp\/v2\/product"}],"about":[{"href":"https:\/\/www.mikatani.com\/boutique\/wp-json\/wp\/v2\/types\/product"}],"replies":[{"embeddable":true,"href":"https:\/\/www.mikatani.com\/boutique\/wp-json\/wp\/v2\/comments?post=1278"}],"version-history":[{"count":2,"href":"https:\/\/www.mikatani.com\/boutique\/wp-json\/wp\/v2\/product\/1278\/revisions"}],"predecessor-version":[{"id":428627,"href":"https:\/\/www.mikatani.com\/boutique\/wp-json\/wp\/v2\/product\/1278\/revisions\/428627"}],"wp:featuredmedia":[{"embeddable":true,"href":"https:\/\/www.mikatani.com\/boutique\/wp-json\/wp\/v2\/media\/1273"}],"wp:attachment":[{"href":"https:\/\/www.mikatani.com\/boutique\/wp-json\/wp\/v2\/media?parent=1278"}],"wp:term":[{"taxonomy":"product_cat","embeddable":true,"href":"https:\/\/www.mikatani.com\/boutique\/wp-json\/wp\/v2\/product_cat?post=1278"},{"taxonomy":"product_tag","embeddable":true,"href":"https:\/\/www.mikatani.com\/boutique\/wp-json\/wp\/v2\/product_tag?post=1278"},{"taxonomy":"yst_prominent_words","embeddable":true,"href":"https:\/\/www.mikatani.com\/boutique\/wp-json\/wp\/v2\/yst_prominent_words?post=1278"}],"curies":[{"name":"wp","href":"https:\/\/api.w.org\/{rel}","templated":true}]}}