{"id":1283,"date":"2017-08-19T15:53:20","date_gmt":"2017-08-19T13:53:20","guid":{"rendered":"https:\/\/www.mikatani.com\/boutique\/japon\/accueil\/cadeau-japonais\/art-japonais-des-pattes-pour-mieux-reflechir"},"modified":"2019-09-24T11:01:05","modified_gmt":"2019-09-24T09:01:05","slug":"art-japonais-des-pattes-pour-mieux-reflechir","status":"publish","type":"product","link":"https:\/\/www.mikatani.com\/boutique\/produits-traditionnels\/art-japonais\/art-japonais-des-pattes-pour-mieux-reflechir","title":{"rendered":"Art Japonais Des Pattes pour mieux r\u00e9fl\u00e9chir"},"content":{"rendered":"<p>Sur Mikatani , cette \u00e9l\u00e9gante\u00a0<a href=\"https:\/\/www.mikatani.com\/38-art-japonais\">estampe japonaise<\/a> de l&#8217;artiste de calligraphie tr\u00e8s respect\u00e9, Saren Nagata a une monture blanche et un cadre noir mat intelligent! Nous pensons que Le dessin \u00ab des pattes pour mieux r\u00e9fl\u00e9chir \u00bb constitue un excellent cadeau japonais pour les amateurs de chat!<\/p>\n<p>Taille: A3 42.5 x 32.5 cm<\/p>\n","protected":false},"excerpt":{"rendered":"<p>Le dessin \u00ab Des pattes pour mieux r\u00e9fl\u00e9chir\u00bb au format A3 blanc est une belle impression japonaise qui comporte un chat chanceux multicolore et heureux!<\/p>\n","protected":false},"featured_media":1281,"comment_status":"open","ping_status":"closed","template":"","meta":[],"product_cat":[139,146,147],"product_tag":[],"yst_prominent_words":[],"_links":{"self":[{"href":"https:\/\/www.mikatani.com\/boutique\/wp-json\/wp\/v2\/product\/1283"}],"collection":[{"href":"https:\/\/www.mikatani.com\/boutique\/wp-json\/wp\/v2\/product"}],"about":[{"href":"https:\/\/www.mikatani.com\/boutique\/wp-json\/wp\/v2\/types\/product"}],"replies":[{"embeddable":true,"href":"https:\/\/www.mikatani.com\/boutique\/wp-json\/wp\/v2\/comments?post=1283"}],"version-history":[{"count":0,"href":"https:\/\/www.mikatani.com\/boutique\/wp-json\/wp\/v2\/product\/1283\/revisions"}],"wp:featuredmedia":[{"embeddable":true,"href":"https:\/\/www.mikatani.com\/boutique\/wp-json\/wp\/v2\/media\/1281"}],"wp:attachment":[{"href":"https:\/\/www.mikatani.com\/boutique\/wp-json\/wp\/v2\/media?parent=1283"}],"wp:term":[{"taxonomy":"product_cat","embeddable":true,"href":"https:\/\/www.mikatani.com\/boutique\/wp-json\/wp\/v2\/product_cat?post=1283"},{"taxonomy":"product_tag","embeddable":true,"href":"https:\/\/www.mikatani.com\/boutique\/wp-json\/wp\/v2\/product_tag?post=1283"},{"taxonomy":"yst_prominent_words","embeddable":true,"href":"https:\/\/www.mikatani.com\/boutique\/wp-json\/wp\/v2\/yst_prominent_words?post=1283"}],"curies":[{"name":"wp","href":"https:\/\/api.w.org\/{rel}","templated":true}]}}