{"id":1290,"date":"2017-08-19T15:56:03","date_gmt":"2017-08-19T13:56:03","guid":{"rendered":"https:\/\/www.mikatani.com\/boutique\/japon\/accueil\/cadeau-japonais\/pack-d-encens-japonais-en-fleurs-de-prune"},"modified":"2020-02-17T02:40:09","modified_gmt":"2020-02-17T01:40:09","slug":"pack-d-encens-japonais-en-fleurs-de-prune","status":"publish","type":"product","link":"https:\/\/www.mikatani.com\/boutique\/produits-traditionnels\/encens\/pack-d-encens-japonais-en-fleurs-de-prune","title":{"rendered":"Pack d&#8217;encens japonais en fleurs de prune"},"content":{"rendered":"<p>Chaque paquet contient des encens organiques parfum\u00e9s au bois de santal et au born\u00e9ol de 15 x 7 cm de longueur qui prennent 15 \u00e0 17 minutes pour br\u00fbler. Le pack d&#8217;encens japonais \u00e0 fleurs de prune est livr\u00e9 complet avec une bo\u00eete \u00e0 cadeau en bois de balsa \u00e9l\u00e9gante et serait id\u00e9al pour quelqu&#8217;un qui appr\u00e9cie l&#8217;encens japonais authentique.<\/p>\n<p>Taille de la bo\u00eete cadeau: 14 cm x 6.5 cm x 2 cm<\/p>\n","protected":false},"excerpt":{"rendered":"<p>Produit phare de la boutique Mikatani, le pack d&#8217;encens japonais en fleurs de prune comprend un support d&#8217;encens en forme de poisson rouge et deux paquets d&#8217;encens.<\/p>\n","protected":false},"featured_media":1288,"comment_status":"open","ping_status":"closed","template":"","meta":[],"product_cat":[135,146],"product_tag":[],"yst_prominent_words":[1759,966,1612,1585,475,1584,416],"_links":{"self":[{"href":"https:\/\/www.mikatani.com\/boutique\/wp-json\/wp\/v2\/product\/1290"}],"collection":[{"href":"https:\/\/www.mikatani.com\/boutique\/wp-json\/wp\/v2\/product"}],"about":[{"href":"https:\/\/www.mikatani.com\/boutique\/wp-json\/wp\/v2\/types\/product"}],"replies":[{"embeddable":true,"href":"https:\/\/www.mikatani.com\/boutique\/wp-json\/wp\/v2\/comments?post=1290"}],"version-history":[{"count":0,"href":"https:\/\/www.mikatani.com\/boutique\/wp-json\/wp\/v2\/product\/1290\/revisions"}],"wp:featuredmedia":[{"embeddable":true,"href":"https:\/\/www.mikatani.com\/boutique\/wp-json\/wp\/v2\/media\/1288"}],"wp:attachment":[{"href":"https:\/\/www.mikatani.com\/boutique\/wp-json\/wp\/v2\/media?parent=1290"}],"wp:term":[{"taxonomy":"product_cat","embeddable":true,"href":"https:\/\/www.mikatani.com\/boutique\/wp-json\/wp\/v2\/product_cat?post=1290"},{"taxonomy":"product_tag","embeddable":true,"href":"https:\/\/www.mikatani.com\/boutique\/wp-json\/wp\/v2\/product_tag?post=1290"},{"taxonomy":"yst_prominent_words","embeddable":true,"href":"https:\/\/www.mikatani.com\/boutique\/wp-json\/wp\/v2\/yst_prominent_words?post=1290"}],"curies":[{"name":"wp","href":"https:\/\/api.w.org\/{rel}","templated":true}]}}