{"id":1295,"date":"2017-08-19T15:59:25","date_gmt":"2017-08-19T13:59:25","guid":{"rendered":"https:\/\/www.mikatani.com\/boutique\/japon\/accueil\/cadeau-japonais\/kimono-yukata-long-noir-pour-homme-dragon"},"modified":"2021-01-21T20:55:43","modified_gmt":"2021-01-21T19:55:43","slug":"kimono-yukata-long-noir-pour-homme-dragon","status":"publish","type":"product","link":"https:\/\/www.mikatani.com\/boutique\/kimono\/kimono-homme\/kimono-yukata-long-noir-pour-homme-dragon","title":{"rendered":"Kimono Yukata Long Noir pour homme Dragon"},"content":{"rendered":"<p>Ce\u00a0<em><a href=\"https:\/\/www.mikatani.com\/boutique\/kimono\">kimono<\/a> yukata <\/em>a une brillance forte et est luxueusement doux au toucher. Ce magnifique kimono de qualit\u00e9 en polyester noir pr\u00e9sente des dragons dor\u00e9s et rouges brod\u00e9s sur le devant et au dos. Cet authentique kimono japonais, ou yukata, est extr\u00eamement \u00e9l\u00e9gant et convient parfaitement aux dimanches matin paresseux pass\u00e9s \u00e0 la maison ou en vacances. Le Yukata pour homme Dragon Long Noir a \u00e9t\u00e9 fabriqu\u00e9 \u00e0 Kyoto suivant le style japonais traditionnel et est port\u00e9 en enveloppant le c\u00f4t\u00e9 gauche sur la droite \u00e0 l&#8217;aide de la ceinture ou <em>obi<\/em> fourni.<\/p>\n<p>Taille unique mais coup\u00e9 g\u00e9n\u00e9reusement. 150 cm de long et s&#8217;adapte aux hommes ayant entre 101.60 \u00e0 116.84 cm de tour de poitrine et de taille sup\u00e9rieur \u00e0 173 cm.<\/p>\n","protected":false},"excerpt":{"rendered":"<p>Le Yukata pour homme Dragon Long Noir de qualit\u00e9 premium est un kimono japonais extr\u00eamement \u00e9l\u00e9gant et authentique.<\/p>\n","protected":false},"featured_media":1291,"comment_status":"open","ping_status":"closed","template":"","meta":[],"product_cat":[164,183,185,146,147,186,150],"product_tag":[],"yst_prominent_words":[475,416,388,482,484,414],"_links":{"self":[{"href":"https:\/\/www.mikatani.com\/boutique\/wp-json\/wp\/v2\/product\/1295"}],"collection":[{"href":"https:\/\/www.mikatani.com\/boutique\/wp-json\/wp\/v2\/product"}],"about":[{"href":"https:\/\/www.mikatani.com\/boutique\/wp-json\/wp\/v2\/types\/product"}],"replies":[{"embeddable":true,"href":"https:\/\/www.mikatani.com\/boutique\/wp-json\/wp\/v2\/comments?post=1295"}],"version-history":[{"count":2,"href":"https:\/\/www.mikatani.com\/boutique\/wp-json\/wp\/v2\/product\/1295\/revisions"}],"predecessor-version":[{"id":1246215,"href":"https:\/\/www.mikatani.com\/boutique\/wp-json\/wp\/v2\/product\/1295\/revisions\/1246215"}],"wp:featuredmedia":[{"embeddable":true,"href":"https:\/\/www.mikatani.com\/boutique\/wp-json\/wp\/v2\/media\/1291"}],"wp:attachment":[{"href":"https:\/\/www.mikatani.com\/boutique\/wp-json\/wp\/v2\/media?parent=1295"}],"wp:term":[{"taxonomy":"product_cat","embeddable":true,"href":"https:\/\/www.mikatani.com\/boutique\/wp-json\/wp\/v2\/product_cat?post=1295"},{"taxonomy":"product_tag","embeddable":true,"href":"https:\/\/www.mikatani.com\/boutique\/wp-json\/wp\/v2\/product_tag?post=1295"},{"taxonomy":"yst_prominent_words","embeddable":true,"href":"https:\/\/www.mikatani.com\/boutique\/wp-json\/wp\/v2\/yst_prominent_words?post=1295"}],"curies":[{"name":"wp","href":"https:\/\/api.w.org\/{rel}","templated":true}]}}