{"id":1305,"date":"2017-08-19T16:04:13","date_gmt":"2017-08-19T14:04:13","guid":{"rendered":"https:\/\/www.mikatani.com\/boutique\/japon\/accueil\/cadeau-japonais\/sac-de-poche-japonais-fleur-rouge"},"modified":"2025-09-15T14:23:00","modified_gmt":"2025-09-15T12:23:00","slug":"sac-de-poche-japonais-fleur-rouge","status":"publish","type":"product","link":"https:\/\/www.mikatani.com\/boutique\/produits-traditionnels\/accessoires-japonais\/porte-monnaie-japonais\/sac-de-poche-japonais-fleur-rouge","title":{"rendered":"Pochette japonais Fleur Rouge"},"content":{"rendered":"<p>Fabriqu\u00e9 au Japon, la pochette japonaise Fleur Rouge est id\u00e9ale pour stocker ses produits cosm\u00e9tiques et les articles de toilette. Le produit fera un super petit cadeau japonais! Veuillez noter que les couleurs et les motifs peuvent varier.<\/p>\n<p>Taille: 20 cm x 13 cm<\/p>\n","protected":false},"excerpt":{"rendered":"<p>Produit exclusif de Mikatani, la pochette japonaise Fleur Rouge est un sac de maquillage japonais tr\u00e8s \u00e9l\u00e9gant fabriqu\u00e9 en tissu kimono rouge avec une fermeture en bambou!<\/p>\n","protected":false},"featured_media":1304,"comment_status":"open","ping_status":"closed","template":"","meta":[],"product_cat":[173,141,146],"product_tag":[],"yst_prominent_words":[475],"_links":{"self":[{"href":"https:\/\/www.mikatani.com\/boutique\/wp-json\/wp\/v2\/product\/1305"}],"collection":[{"href":"https:\/\/www.mikatani.com\/boutique\/wp-json\/wp\/v2\/product"}],"about":[{"href":"https:\/\/www.mikatani.com\/boutique\/wp-json\/wp\/v2\/types\/product"}],"replies":[{"embeddable":true,"href":"https:\/\/www.mikatani.com\/boutique\/wp-json\/wp\/v2\/comments?post=1305"}],"version-history":[{"count":1,"href":"https:\/\/www.mikatani.com\/boutique\/wp-json\/wp\/v2\/product\/1305\/revisions"}],"predecessor-version":[{"id":702732,"href":"https:\/\/www.mikatani.com\/boutique\/wp-json\/wp\/v2\/product\/1305\/revisions\/702732"}],"wp:featuredmedia":[{"embeddable":true,"href":"https:\/\/www.mikatani.com\/boutique\/wp-json\/wp\/v2\/media\/1304"}],"wp:attachment":[{"href":"https:\/\/www.mikatani.com\/boutique\/wp-json\/wp\/v2\/media?parent=1305"}],"wp:term":[{"taxonomy":"product_cat","embeddable":true,"href":"https:\/\/www.mikatani.com\/boutique\/wp-json\/wp\/v2\/product_cat?post=1305"},{"taxonomy":"product_tag","embeddable":true,"href":"https:\/\/www.mikatani.com\/boutique\/wp-json\/wp\/v2\/product_tag?post=1305"},{"taxonomy":"yst_prominent_words","embeddable":true,"href":"https:\/\/www.mikatani.com\/boutique\/wp-json\/wp\/v2\/yst_prominent_words?post=1305"}],"curies":[{"name":"wp","href":"https:\/\/api.w.org\/{rel}","templated":true}]}}